{"id":33115,"date":"2014-07-26T19:14:50","date_gmt":"2014-07-26T19:14:50","guid":{"rendered":"https:\/\/www.reefshops.com\/product\/zwei-ersatz-vorfiltersocke-und-halterung-fur-vorfilter-fur-aquarium\/"},"modified":"2025-03-16T08:23:26","modified_gmt":"2025-03-16T08:23:26","slug":"zwei-ersatz-vorfiltersocke-und-halterung-fur-vorfilter-fur-aquarium","status":"publish","type":"product","link":"https:\/\/www.reefshops.com\/de\/produkt\/zwei-ersatz-vorfiltersocke-und-halterung-fur-vorfilter-fur-aquarium\/","title":{"rendered":"Zwei Ersatz-Vorfiltersocke und Halterung f\u00fcr Vorfilter f\u00fcr Aquarium"},"content":{"rendered":"<p style=\"margin: 0px;padding: 0px;border: 0px;font-size: 12px;line-height: 18px;color: red\"><span style=\"margin: 0px;padding: 0px;border: 0px;erben\">Elementbeschreibung<\/span>:<\/span><\/span><\/span>\n <\/p>\n<p style=\"margin: 0px;padding: 0px;border: 0px;font-size: 12px;line-height: 18px;color: red\">&lt;span style=&quot;margin: 0px; padding: 0px; border: 0px; Font-family: inherit; Schriftgr\u00f6\u00dfe: 24px; Schriftgr\u00f6\u00dfe: erben; Schriftgr\u00f6\u00dfe: erben;<br \/>\n <br \/><\/span>\n <\/p>\n<div align=\"left\" style=\"margin: 0px;padding: 0px;border: 0px;line-height: 18px\">\n<div align=\"left\" style=\"margin: 0px;padding: 0px;border: 0px\">\n<p><strong>Funktionen<\/font><\/strong>\n <\/p>\n<div>\n<ul style=\"margin: 0px 0px 0px 20px;padding: 0px;list-style-type: none\">\n<p class=\"style21\"><strong><font color=\"#002cfd\" size=\"4\">Hochwertiges Nylon als Vorfilter f\u00fcr Steine, Sand oder Tankabf\u00e4lle<\/font><\/strong>\n <\/p>\n<p class=\"style21\"><strong><font color=\"#002cfd\" size=\"4\">Reduzieren Sie, dass Fische in Ihr Sandbecken fallen oder sterben<\/font><\/strong>\n <\/p>\n<p class=\"style21\"><strong><font color=\"#002cfd\" size=\"4\">Einfach zu reinigen oder wiederzuverwenden, rette unsere Welt<\/font><\/strong>\n <\/p>\n<p class=\"style21\"><strong><font color=\"#002cfd\" size=\"4\">Vorfilter kann Sch\u00e4den am Skimmer durch hineinfallenden Sand oder Steine \u200b\u200bverhindern<\/font><\/strong>\n <\/p>\n<\/ul><\/div>\n<p class=\"style14\"><font color=\"#fb0034\" size=\"5\"><strong>Spezifikation<\/strong><\/font>\n <\/p>\n<ul style=\"margin: 0px 0px 0px 20px;padding: 0px;list-style-type: none;line-height: normal\">\n<li style=\"padding: 1px 0px 6px 11px\"><strong><font color=\"#0000ff\" size=\"4\">Sockengr\u00f6\u00dfe: 4,5 Zoll Durchmesser (verzerrbar)<\/font><\/strong> <strong><font color=\"#0000ff\" size=\"4\">12 Zoll lang (30 cm)<\/font><\/strong>\n <\/li>\n<li style=\"padding: 1px 0px 6px 11px\"><strong><font color=\"#0000ff\" size=\"4\">enthalten sind zwei Socken und eine transparente Halterung<\/font><\/strong>\n <\/li>\n<li style=\"padding: 1px 0px 6px 11px\"><strong><font color=\"#0000ff\" size=\"4\">Mount Size:17*15cm<\/font><\/strong>\n <\/li>\n<\/ul><\/div><\/div>\n<div align=\"left\" style=\"margin: 0px;padding: 0px;border: 0px;font-size: 12px;line-height: 18px\">&lt;span style=&quot;margin: 0px; padding: 0px; Schriftfamilie: erben; Schriftgr\u00f6\u00dfe: erben; Serife; Schriftgr\u00f6\u00dfe: erben; Schriftgr\u00f6\u00dfe: erben; Ameise: inherit; Schriftst\u00e4rke: inherit; line-height: inherit;<br \/>\n <br \/><\/span><\/span><\/span>\n <\/div>\n<p style=\"margin: 0px;padding: 0px;border: 0px;font-size: 12px;line-height: 18px;color: red\"><span style=\"margin: 0px;padding: 0px;border: 0px;es;line-height: inherit\"><br \/>\n <br \/><\/span><\/span><\/span><\/span>\n <\/p>\n<p style=\"margin: 0px;padding: 0px;border: 0px;font-size: 12px;line-height: 18px;color: red\"><span style=\"margin: 0px;padding: 0px;border: 0px;es;line-height: inherit\">Zahlung<\/span>:<\/span><\/span><\/span>\n <\/p>\n<p style=\"margin: 0px;padding: 0px;border: 0px;font-size: 12px;line-height: 18px;color: red\">&lt;span style=&quot;margin: 0px; padding: 0px; border: 0px; Font-family: inherit; Schriftart: 24px; es; Schriftvariante: erben; Zeilenh\u00f6he: erben; vertikale Ausrichtung: Grundlinie (0, 0, 255);<br \/>\n <br \/><\/span><\/span><\/span>\n <\/p>\n<p style=\"margin: 0px;padding: 0px;border: 0px;font-size: 12px;line-height: 18px\">&lt;span style=&quot;margin: 0px; padding: 0px; border: 0px; Font-Style: Inherit; Vertical-Align: Inherit;<br \/>\n <br \/><\/span>\n <\/p>\n<p style=\"margin: 0px;padding: 0px;border: 0px;font-size: 12px;line-height: 18px\">\n \n <\/p>\n<p style=\"margin: 0px;padding: 0px;border: 0px;font-size: 12px;line-height: 18px;color: red\"><span style=\"margin: 0px;padding: 0px;border: 0px;es;line-height: inherit\">Versand<\/span>:<\/span><\/span><\/span>\n <\/p>\n<p style=\"margin: 0px;padding: 0px;border: 0px;font-size: 12px;line-height: 18px;color: red\">&lt;span style=&quot;margin: 0px; padding: 0px; border: 0px; Font-family: inherit; Schriftart: 24px; es; Schriftvariante: erben; Zeilenh\u00f6he: erben; vertikale Ausrichtung: Grundlinie (0, 0, 255);<br \/>\n <br \/><\/span><\/span><\/span>\n <\/p>\n<p style=\"margin: 0px;padding: 0px;border: 0px;line-height: 18px;color: red\"><span>Bei Auswahl des regul\u00e4ren Versands betr\u00e4gt die Lieferzeit 2-4 Wochen<\/span>\n <\/p>\n<p style=\"margin: 0px;padding: 0px;border: 0px;line-height: 18px;color: red\"><span>Bei Auswahl des Expressversands betr\u00e4gt die Lieferzeit 7-9 Werktage<\/span>\n <\/p>\n<p style=\"margin: 0px;padding: 0px;border: 0px;line-height: 18px;color: red\"><span>Nach Zahlungseingang versenden wir Ihre Bestellung am n\u00e4chsten Werktag<\/span>\n <\/p>\n<p style=\"margin: 0px;padding: 0px;border: 0px;line-height: 18px;color: red\"><span>Bitte haben Sie Verst\u00e4ndnis daf\u00fcr, dass wir ins Ausland versenden. Die Versandzeit ist etwas l\u00e4nger als beim Versand innerhalb des Landes<\/span>\n <\/p>\n<p style=\"margin: 0px;padding: 0px;border: 0px;line-height: 18px;color: red\"><span><br \/>\n <br \/><\/span>\n <\/p>\n<p style=\"margin: 0px;padding: 0px;border: 0px;line-height: 18px;color: red\"><span><br \/>\n <br \/><\/span>\n <\/p>\n<p style=\"margin: 0px;padding: 0px;border: 0px;font-size: 12px;line-height: 18px;color: red\"><span style=\"margin: 0px;padding: 0px;border: 0px;es;line-height: inherit\">R\u00fcckgabe &amp; Garantie<\/span>:<\/span><\/span><\/span>\n <\/p>\n<p style=\"margin: 0px;padding: 0px;border: 0px;font-size: 12px;line-height: 18px\">&lt;span style=&quot;margin: 0px; padding: 0px; Grenze: 0px; Schriftgr\u00f6\u00dfe: erben; Zeilenh\u00f6he: erben; -Gr\u00f6\u00dfe: inherit; Font-Style: Inherit; Vertical-Align: Inherit;<br \/>\n <br \/><\/span><\/span><\/span>\n <\/p>\n<p style=\"margin: 0px;padding: 0px;border: 0px;font-size: 12px;line-height: 18px\">&lt;span style=&quot;margin: 0px; padding: 0px; Grenze: 0px; Schriftgr\u00f6\u00dfe: erben; Zeilenh\u00f6he: erben; -Gr\u00f6\u00dfe: inherit; Font-Style: Inherit; Vertical-Align: Inherit;<br \/>\n <br \/><\/span>\n <\/p>\n<p style=\"margin: 0px;padding: 0px;border: 0px;line-height: 18px\">Wir akzeptieren R\u00fcckgaben und Geldr\u00fcckerstattung innerhalb von 2 Wochen\n <\/p>\n<p style=\"margin: 0px;padding: 0px;border: 0px;line-height: 18px\">\n \n <\/p>\n<p style=\"margin: 0px;padding: 0px;border: 0px;font-size: 12px;line-height: 18px\"><span style=\"margin: 0px;padding: 0px;\"><span style=\"font-weight: 700\">Garantie:<\/span><\/span><\/p>\n<p><\/span>\n <\/p>\n<p style=\"margin: 0px;padding: 0px;border: 0px;font-size: 12px;line-height: 18px\">&lt;span style=&quot;margin: 0px; padding: 0px; border: 0px; Font-Style: Inherit; Vertical-Align: Inherit;<br \/>\n <br \/>Wenn der Zeitraum von 3 Monaten abgelaufen ist, k\u00f6nnen wir das Ersatzteil kostenlos zur Verf\u00fcgung stellen, der Kunde muss die Versandkosten bezahlen<\/span>\n <\/p>\n<p style=\"margin: 0px;padding: 0px;border: 0px;font-size: 12px;line-height: 18px;color: red\"><span style=\"margin: 0px;padding: 0px;border: 0px;es;line-height: inherit\"><br \/>\n <br \/><\/span><\/span><\/span><\/span>\n <\/p>\n<p style=\"margin: 0px;padding: 0px;border: 0px;font-size: 12px;line-height: 18px;color: red\"><span style=\"margin: 0px;padding: 0px;border: 0px;es;line-height: inherit\">Feedback<\/span>:<\/span><\/span><\/span>\n <\/p>\n<p style=\"margin: 0px;padding: 0px;border: 0px;font-size: 12px;line-height: 18px\">&lt;span style=&quot;margin: 0px; padding: 0px; Grenze: 0px; Schriftgr\u00f6\u00dfe: erben; Schriftgr\u00f6\u00dfe: erben;<br \/>\n <br \/><\/span>\n <\/p>\n<p style=\"margin: 0px;padding: 0px;border: 0px;font-size: 12px;line-height: 18px\">&lt;span style=&quot;margin: 0px; padding: 0px; border: 0px; Font-Style: Inherit; Vertical-Align: Inherit;\n <\/p>\n<p style=\"margin: 0px;padding: 0px;border: 0px;font-size: 12px;line-height: 18px\">&lt;span style=&quot;margin: 0px; padding: 0px; border: 0px; Font-Style: Inherit; Vertical-Align: Inherit;\n <\/p>\n<p style=\"margin: 0px;padding: 0px;border: 0px;font-size: 12px;line-height: 18px\">&lt;span style=&quot;margin: 0px; padding: 0px; border: 0px; Font-Style: Inherit; Vertical-Align: Inherit; Bitte hinterlassen Sie uns eine positive R\u00fcckmeldung\n <\/p>\n<p style=\"margin: 0px;padding: 0px;border: 0px;font-family: Arial, Helvetica, sans-senif, SimSun, \u5b8b\u4f53;line-height: 18px\">Wenn Ihnen unsere Produkte nicht gefallen, lassen Sie es mich bitte wissen\n <\/p>\n<p style=\"margin: 0px;padding: 0px;border: 0px;line-height: 18px\">wir akzeptieren Geldr\u00fcckerstattung\n <\/p>\n<p style=\"margin: 0px;padding: 0px;border: 0px;line-height: 18px\">\n \n <\/p>\n<p style=\"margin: 0px;padding: 0px;border: 0px;line-height: 18px\"><font color=\"#0000ff\" size=\"5\"><span><b>\u00dcber uns:<\/b><\/span><\/font>\n <\/p>\n<p style=\"margin: 0px;padding: 0px;border: 0px;line-height: 18px\"><font color=\"#0000ff\" size=\"5\"><span><b><br \/>\n <br \/><\/b><\/span><\/font>\n <\/p>\n<p style=\"margin: 0px;padding: 0px;border: 0px\"><font color=\"#333333\"><font face=\"Arial, Helvetica, sans-senif, SimSun, \u5b8b\u4f53\"><span style=\"line-height: 18px\">wir sind der H\u00e4ndler f\u00fcr Aquarienprodukte in China, daher verkaufen wir die Produkte zum Gro\u00dfhandelspreis, bei dem wir auch gute Angebote machen k\u00f6nnen Hersteller<\/span><\/font><\/font>\n <\/p>\n","protected":false},"excerpt":{"rendered":"<p>Zwei Ersatz-Vorfiltersocke und Halterung f\u00fcr Vorfilter f\u00fcr Aquarium<\/p>\n","protected":false},"featured_media":1504,"comment_status":"open","ping_status":"closed","template":"","meta":[],"product_brand":[],"product_cat":[1305,233],"product_tag":[],"class_list":{"0":"post-33115","1":"product","2":"type-product","3":"status-publish","4":"has-post-thumbnail","6":"product_cat-schwamm-aquariumfilter","7":"product_cat-nicht-kategorisiert","9":"first","10":"instock","11":"shipping-taxable","12":"purchasable","13":"product-type-simple","14":"add-to-wishlist-after_add_to_cart"},"jetpack_sharing_enabled":true,"_links":{"self":[{"href":"https:\/\/www.reefshops.com\/de\/wp-json\/wp\/v2\/product\/33115","targetHints":{"allow":["GET"]}}],"collection":[{"href":"https:\/\/www.reefshops.com\/de\/wp-json\/wp\/v2\/product"}],"about":[{"href":"https:\/\/www.reefshops.com\/de\/wp-json\/wp\/v2\/types\/product"}],"replies":[{"embeddable":true,"href":"https:\/\/www.reefshops.com\/de\/wp-json\/wp\/v2\/comments?post=33115"}],"wp:featuredmedia":[{"embeddable":true,"href":"https:\/\/www.reefshops.com\/de\/wp-json\/wp\/v2\/media\/1504"}],"wp:attachment":[{"href":"https:\/\/www.reefshops.com\/de\/wp-json\/wp\/v2\/media?parent=33115"}],"wp:term":[{"taxonomy":"product_brand","embeddable":true,"href":"https:\/\/www.reefshops.com\/de\/wp-json\/wp\/v2\/product_brand?post=33115"},{"taxonomy":"product_cat","embeddable":true,"href":"https:\/\/www.reefshops.com\/de\/wp-json\/wp\/v2\/product_cat?post=33115"},{"taxonomy":"product_tag","embeddable":true,"href":"https:\/\/www.reefshops.com\/de\/wp-json\/wp\/v2\/product_tag?post=33115"}],"curies":[{"name":"wp","href":"https:\/\/api.w.org\/{rel}","templated":true}]}}