{"id":33139,"date":"2014-06-26T06:32:03","date_gmt":"2014-06-26T06:32:03","guid":{"rendered":"https:\/\/www.reefshops.com\/product\/meeresfrischwasseraquarium-aquarium-tauchpumpen-wasserpumpe-hqb-4500-100w\/"},"modified":"2025-03-16T08:22:08","modified_gmt":"2025-03-16T08:22:08","slug":"meeresfrischwasseraquarium-aquarium-tauchpumpen-wasserpumpe-hqb-4500-100w","status":"publish","type":"product","link":"https:\/\/www.reefshops.com\/de\/produkt\/meeresfrischwasseraquarium-aquarium-tauchpumpen-wasserpumpe-hqb-4500-100w\/","title":{"rendered":"Meeresfrischwasseraquarium Aquarium Tauchpumpen Wasserpumpe HQB-4500 100W"},"content":{"rendered":"<div align=\"left\"><span style=\"font-size: large;color: #0000ff\">HQB-4500 Tauchpumpe<br \/><\/span><\/div>\n<div align=\"left\"> <\/div>\n<p align=\"left\"><span style=\"font-size: large;color: #0000ff\">Spezifikationen:<\/span><\/p>\n<div align=\"center\">\n<ul>\n<li>\n<div align=\"left\"><span style=\"color: #0000ff\">220V &#8211; 50Hz<\/span><\/div>\n<\/li>\n<li>\n<div align=\"left\"><span style=\"color: #0000ff\">Watt: 100 W<\/span><\/div>\n<\/li>\n<li>\n<div align=\"left\"><span style=\"color: #0000ff\">Hub: 4 Meter<\/span><\/div>\n<\/li>\n<li>\n<div align=\"left\"><span style=\"color: #0000ff\">Durchflussrate: 4500 Liter\/Stunde<\/span><\/div>\n<\/li>\n<li>\n<div align=\"left\"><span style=\"color: #0000ff\"><span>Gr\u00f6\u00dfe (LxBxH): 175 x 112 x 133 mm<\/span><\/span><\/div>\n<\/li>\n<\/ul><\/div>\n","protected":false},"excerpt":{"rendered":"<p>einfache Bedienung und Reinigung<br \/>\n f\u00fcr Meer- und S\u00fc\u00dfwasseraquarien<\/p>\n","protected":false},"featured_media":296,"comment_status":"open","ping_status":"closed","template":"","meta":[],"product_brand":[],"product_cat":[591],"product_tag":[],"class_list":{"0":"post-33139","1":"product","2":"type-product","3":"status-publish","4":"has-post-thumbnail","6":"product_cat-wasserpumpen","8":"first","9":"instock","10":"shipping-taxable","11":"purchasable","12":"product-type-simple","13":"add-to-wishlist-after_add_to_cart"},"jetpack_sharing_enabled":true,"_links":{"self":[{"href":"https:\/\/www.reefshops.com\/de\/wp-json\/wp\/v2\/product\/33139","targetHints":{"allow":["GET"]}}],"collection":[{"href":"https:\/\/www.reefshops.com\/de\/wp-json\/wp\/v2\/product"}],"about":[{"href":"https:\/\/www.reefshops.com\/de\/wp-json\/wp\/v2\/types\/product"}],"replies":[{"embeddable":true,"href":"https:\/\/www.reefshops.com\/de\/wp-json\/wp\/v2\/comments?post=33139"}],"wp:featuredmedia":[{"embeddable":true,"href":"https:\/\/www.reefshops.com\/de\/wp-json\/wp\/v2\/media\/296"}],"wp:attachment":[{"href":"https:\/\/www.reefshops.com\/de\/wp-json\/wp\/v2\/media?parent=33139"}],"wp:term":[{"taxonomy":"product_brand","embeddable":true,"href":"https:\/\/www.reefshops.com\/de\/wp-json\/wp\/v2\/product_brand?post=33139"},{"taxonomy":"product_cat","embeddable":true,"href":"https:\/\/www.reefshops.com\/de\/wp-json\/wp\/v2\/product_cat?post=33139"},{"taxonomy":"product_tag","embeddable":true,"href":"https:\/\/www.reefshops.com\/de\/wp-json\/wp\/v2\/product_tag?post=33139"}],"curies":[{"name":"wp","href":"https:\/\/api.w.org\/{rel}","templated":true}]}}