{"id":33173,"date":"2014-06-29T02:21:40","date_gmt":"2014-06-29T02:21:40","guid":{"rendered":"https:\/\/www.reefshops.com\/product\/sunsun-aco-008-138w-luftpumpe\/"},"modified":"2025-03-16T08:22:17","modified_gmt":"2025-03-16T08:22:17","slug":"sunsun-aco-008-138w-luftpumpe","status":"publish","type":"product","link":"https:\/\/www.reefshops.com\/de\/produkt\/sunsun-aco-008-138w-luftpumpe\/","title":{"rendered":"sunsun ACO-008 138w Luftpumpe"},"content":{"rendered":"<p><span style=\"color: #0000ff\">Volt: 220 V\/240 V 50 Hz<\/span><\/p>\n<p><span style=\"color: #0000ff\">Leistung 138 W<\/span><\/p>\n<p><span style=\"color: #0000ff\">Luftleistung: 100 Liter\/Minute <\/span><\/p>\n<p><span style=\"color: #0000ff\">Gr\u00f6\u00dfe: 259mmX135mmX167mm<\/span><\/p>\n<p><span style=\"color: #0000ff\"><a class=\"clickable js-inline-clickable\"><span style=\"color: #0000ff\">Luft<\/span><\/a> <a class=\"clickable js-inline-clickable\"><span style=\"color: #0000ff\">Druck: 0,04 Mpa<\/span><\/a><\/span><\/p>\n","protected":false},"excerpt":{"rendered":"<p>Gro\u00dfe Leistung, leistungsstarke Luftpumpe 138 W f\u00fcr gro\u00dfen Tank<\/p>\n","protected":false},"featured_media":508,"comment_status":"open","ping_status":"closed","template":"","meta":[],"product_brand":[],"product_cat":[1303],"product_tag":[],"class_list":{"0":"post-33173","1":"product","2":"type-product","3":"status-publish","4":"has-post-thumbnail","6":"product_cat-aquarium-luftpumpen","8":"first","9":"instock","10":"shipping-taxable","11":"purchasable","12":"product-type-simple","13":"add-to-wishlist-after_add_to_cart"},"jetpack_sharing_enabled":true,"_links":{"self":[{"href":"https:\/\/www.reefshops.com\/de\/wp-json\/wp\/v2\/product\/33173","targetHints":{"allow":["GET"]}}],"collection":[{"href":"https:\/\/www.reefshops.com\/de\/wp-json\/wp\/v2\/product"}],"about":[{"href":"https:\/\/www.reefshops.com\/de\/wp-json\/wp\/v2\/types\/product"}],"replies":[{"embeddable":true,"href":"https:\/\/www.reefshops.com\/de\/wp-json\/wp\/v2\/comments?post=33173"}],"wp:featuredmedia":[{"embeddable":true,"href":"https:\/\/www.reefshops.com\/de\/wp-json\/wp\/v2\/media\/508"}],"wp:attachment":[{"href":"https:\/\/www.reefshops.com\/de\/wp-json\/wp\/v2\/media?parent=33173"}],"wp:term":[{"taxonomy":"product_brand","embeddable":true,"href":"https:\/\/www.reefshops.com\/de\/wp-json\/wp\/v2\/product_brand?post=33173"},{"taxonomy":"product_cat","embeddable":true,"href":"https:\/\/www.reefshops.com\/de\/wp-json\/wp\/v2\/product_cat?post=33173"},{"taxonomy":"product_tag","embeddable":true,"href":"https:\/\/www.reefshops.com\/de\/wp-json\/wp\/v2\/product_tag?post=33173"}],"curies":[{"name":"wp","href":"https:\/\/api.w.org\/{rel}","templated":true}]}}