{"id":33213,"date":"2014-07-09T22:20:23","date_gmt":"2014-07-09T22:20:23","guid":{"rendered":"https:\/\/www.reefshops.com\/product\/jebao-wp-25-wp25-aquarium-wave-maker-powerhead-controller-fur-korallenriffbecken-neueste-12-modi\/"},"modified":"2025-03-16T08:22:38","modified_gmt":"2025-03-16T08:22:38","slug":"jebao-wp-25-wp25-aquarium-wave-maker-powerhead-controller-fur-korallenriffbecken-neueste-12-modi","status":"publish","type":"product","link":"https:\/\/www.reefshops.com\/de\/produkt\/jebao-wp-25-wp25-aquarium-wave-maker-powerhead-controller-fur-korallenriffbecken-neueste-12-modi\/","title":{"rendered":"Jebao WP-25 WP25 Aquarium Wave Maker Powerhead Controller f\u00fcr Korallenriffbecken, neueste 12 Modi"},"content":{"rendered":"<div><span style=\"font-size: large\"><strong><span style=\"color: #0000ff\">Funktionen<\/span><\/strong><\/span><\/div>\n<ul>\n<li><span style=\"font-size: large\"><strong><span style=\"color: #0000ff\"> Einfache Installation und Wartung.<\/span><\/strong><\/span><\/li>\n<li><span style=\"font-size: large\"><strong><span style=\"color: #0000ff\"> 360-Grad-Drehung auf einer magnetischen Halterung<\/span><\/strong><\/span><\/li>\n<li><span style=\"font-size: large\"><strong><span style=\"color: #0000ff\"> 12 verschiedene Betriebsmodi, darunter variable Pulsmodi zur Wellenerzeugung und ein Reef Stream-Modus, der ein zuf\u00e4lliges Str\u00f6mungsmuster \u00e4hnlich dem an einem nat\u00fcrlichen Riff erzeugt<\/span><\/strong><\/span><\/li>\n<li><span style=\"font-size: large\"><strong><span style=\"color: #0000ff\"> Nachtsensor \u2013 erkennt automatisch, wenn die Tankbeleuchtung erlischt und verlangsamt die Pumpe.<\/span><\/strong><\/span><\/li>\n<li><span style=\"font-size: large\"><strong><span style=\"color: #0000ff\"> One-Touch-Feed-Modus \u2013 verlangsamt die Pumpe f\u00fcr einen Zeitraum von 10 Minuten.<\/span><\/strong><\/span><\/li>\n<li><span style=\"font-size: large\"><strong><span style=\"color: #0000ff\"> Hohe Leistung, kraftvoller Wasserdurchfluss bei geringem Energieverbrauch.<\/span><\/strong><\/span><\/li>\n<li><span style=\"font-size: large\"><strong><span style=\"color: #0000ff\">Keramikschaft f\u00fcr lange Lebensdauer und Haltbarkeit<\/span><\/strong><\/span><\/li>\n<li><span style=\"font-size: large\"><strong><span style=\"color: #0000ff\"> Intelligentes Steuerungssystem zur Erzeugung verschiedener Wellenmuster passend zu Ihrem Aquarium.<\/span><\/strong><\/span><\/li>\n<li><span style=\"font-size: large\"><strong><span style=\"color: #0000ff\"> Extra langes Kabel f\u00fcr einfache und bequeme Platzierung, auch an gr\u00f6\u00dferen Aquarien.<\/span><\/strong><\/span><\/li>\n<li><span style=\"font-size: large\"><strong><span style=\"color: #0000ff\"> Niederspannung, sichere und zuverl\u00e4ssige Stromversorgung. ? Geeignet f\u00fcr S\u00fc\u00df- und Salzwasser.<\/span><\/strong><\/span><\/li>\n<\/ul>\n<div><span style=\"font-size: large\"><strong><span style=\"color: #0000ff\">Spezifikationen<\/span><\/strong><\/span><\/div>\n<ul>\n<li><span style=\"font-size: large\"><strong><span style=\"color: #0000ff\"> Stromversorgung \u2013 110 V bis 240 V 50\/60 Hz<\/span><\/strong><\/span><\/li>\n<li><span style=\"font-size: large\"><strong><span style=\"color: #0000ff\"> Wattzahl \u2013 8 W bis 20 W je nach Modus<\/span><\/strong><\/span><\/li>\n<li><span style=\"font-size: large\"><strong><span style=\"color: #0000ff\"> Gr\u00f6\u00dfe \u2013 8 cm x 6 cm <\/span><\/strong><\/span><\/li>\n<li><span style=\"font-size: large\"><strong><span style=\"color: #0000ff\">Magnetbasis<\/span><\/strong><\/span><\/li>\n<\/ul>\n","protected":false},"excerpt":{"rendered":"<p>Einfache Bedienung, funktioniert einwandfrei, 12 Geschwindigkeiten einstellbar<\/p>\n","protected":false},"featured_media":839,"comment_status":"open","ping_status":"closed","template":"","meta":[],"product_brand":[],"product_cat":[609],"product_tag":[],"class_list":{"0":"post-33213","1":"product","2":"type-product","3":"status-publish","4":"has-post-thumbnail","6":"product_cat-wellenmacher","8":"first","9":"instock","10":"shipping-taxable","11":"purchasable","12":"product-type-simple","13":"add-to-wishlist-after_add_to_cart"},"jetpack_sharing_enabled":true,"_links":{"self":[{"href":"https:\/\/www.reefshops.com\/de\/wp-json\/wp\/v2\/product\/33213","targetHints":{"allow":["GET"]}}],"collection":[{"href":"https:\/\/www.reefshops.com\/de\/wp-json\/wp\/v2\/product"}],"about":[{"href":"https:\/\/www.reefshops.com\/de\/wp-json\/wp\/v2\/types\/product"}],"replies":[{"embeddable":true,"href":"https:\/\/www.reefshops.com\/de\/wp-json\/wp\/v2\/comments?post=33213"}],"wp:featuredmedia":[{"embeddable":true,"href":"https:\/\/www.reefshops.com\/de\/wp-json\/wp\/v2\/media\/839"}],"wp:attachment":[{"href":"https:\/\/www.reefshops.com\/de\/wp-json\/wp\/v2\/media?parent=33213"}],"wp:term":[{"taxonomy":"product_brand","embeddable":true,"href":"https:\/\/www.reefshops.com\/de\/wp-json\/wp\/v2\/product_brand?post=33213"},{"taxonomy":"product_cat","embeddable":true,"href":"https:\/\/www.reefshops.com\/de\/wp-json\/wp\/v2\/product_cat?post=33213"},{"taxonomy":"product_tag","embeddable":true,"href":"https:\/\/www.reefshops.com\/de\/wp-json\/wp\/v2\/product_tag?post=33213"}],"curies":[{"name":"wp","href":"https:\/\/api.w.org\/{rel}","templated":true}]}}