{"id":33324,"date":"2014-07-31T16:54:44","date_gmt":"2014-07-31T16:54:44","guid":{"rendered":"https:\/\/www.reefshops.com\/product\/aquasyncro-hwm-4000-wave-maker-pumpe\/"},"modified":"2025-03-16T08:23:31","modified_gmt":"2025-03-16T08:23:31","slug":"aquasyncro-hwm-4000-wave-maker-pumpe","status":"publish","type":"product","link":"https:\/\/www.reefshops.com\/de\/produkt\/aquasyncro-hwm-4000-wave-maker-pumpe\/","title":{"rendered":"AquaSyncro HWM 4000 Wave Maker-Pumpe"},"content":{"rendered":"<p><span style=\"font-size: large;color: #0000ff\"><strong>AquaSyncro HWM 4000 Wellenmacher<\/strong><\/span><\/p>\n<ul>\n<li><span style=\"font-size: large;color: #0000ff\"><strong>Wellenrichtung einstellbar<\/strong><\/span><\/li>\n<li><span style=\"font-size: large;color: #0000ff\"><strong>Kraftvolle Magnetbasis zur Befestigung des Wellenmachers am Tank<\/strong><\/span><\/li>\n<li><span style=\"font-size: large;color: #0000ff\"><strong>Einzigartiges Propellerdesign zur Erzeugung einer nat\u00fcrlichen Welle in Aquarien<\/strong><\/span><\/li>\n<li><span style=\"font-size: large;color: #0000ff\"><strong>Kompaktes Design 9 cm x 6,5 cm x 5,5 cm<\/strong><\/span><\/li>\n<li><span style=\"font-size: large;color: #0000ff\"><strong>HWM 4000 wird f\u00fcr Aquarien bis zu 100 Liter empfohlen und ist die ideale M\u00f6glichkeit, die Bewegung des Wassers in Ihrem Riffaquarium sicher und effektiv zu f\u00f6rdern.<\/strong><\/span>\n<\/li>\n<\/ul>\n<p><span style=\"font-size: large;color: #0000ff\"><strong>Magnetfu\u00dfhalterung <\/strong><\/span><\/p>\n","protected":false},"excerpt":{"rendered":"<p>Kleiner Wavermaker mit Magnethalterung<br \/>\n Idee f\u00fcr einen Nanotank<\/p>\n","protected":false},"featured_media":1592,"comment_status":"open","ping_status":"closed","template":"","meta":[],"product_brand":[],"product_cat":[609],"product_tag":[],"class_list":{"0":"post-33324","1":"product","2":"type-product","3":"status-publish","4":"has-post-thumbnail","6":"product_cat-wellenmacher","8":"first","9":"instock","10":"shipping-taxable","11":"purchasable","12":"product-type-simple","13":"add-to-wishlist-after_add_to_cart"},"jetpack_sharing_enabled":true,"_links":{"self":[{"href":"https:\/\/www.reefshops.com\/de\/wp-json\/wp\/v2\/product\/33324","targetHints":{"allow":["GET"]}}],"collection":[{"href":"https:\/\/www.reefshops.com\/de\/wp-json\/wp\/v2\/product"}],"about":[{"href":"https:\/\/www.reefshops.com\/de\/wp-json\/wp\/v2\/types\/product"}],"replies":[{"embeddable":true,"href":"https:\/\/www.reefshops.com\/de\/wp-json\/wp\/v2\/comments?post=33324"}],"wp:featuredmedia":[{"embeddable":true,"href":"https:\/\/www.reefshops.com\/de\/wp-json\/wp\/v2\/media\/1592"}],"wp:attachment":[{"href":"https:\/\/www.reefshops.com\/de\/wp-json\/wp\/v2\/media?parent=33324"}],"wp:term":[{"taxonomy":"product_brand","embeddable":true,"href":"https:\/\/www.reefshops.com\/de\/wp-json\/wp\/v2\/product_brand?post=33324"},{"taxonomy":"product_cat","embeddable":true,"href":"https:\/\/www.reefshops.com\/de\/wp-json\/wp\/v2\/product_cat?post=33324"},{"taxonomy":"product_tag","embeddable":true,"href":"https:\/\/www.reefshops.com\/de\/wp-json\/wp\/v2\/product_tag?post=33324"}],"curies":[{"name":"wp","href":"https:\/\/api.w.org\/{rel}","templated":true}]}}