{"id":33350,"date":"2014-08-20T14:15:35","date_gmt":"2014-08-20T14:15:35","guid":{"rendered":"https:\/\/www.reefshops.com\/product\/reef-octopus-biopellet-bio-pellet-reaktoren-bio-200-intern\/"},"modified":"2025-03-16T08:23:43","modified_gmt":"2025-03-16T08:23:43","slug":"reef-octopus-biopellet-bio-pellet-reaktoren-bio-200-intern","status":"publish","type":"product","link":"https:\/\/www.reefshops.com\/de\/produkt\/reef-octopus-biopellet-bio-pellet-reaktoren-bio-200-intern\/","title":{"rendered":"Reef Octopus Biopellet Bio Pellet Reaktoren Bio-200 intern"},"content":{"rendered":"<p><span><strong>Gr\u00f6\u00dfe \u00fcberpr\u00fcfen Sie bitte das Foto<\/strong><\/span><\/p>\n<p><span><strong>maximale Bix-Kugel: 1500 ml<\/strong><\/span><\/p>\n<p><span><strong>passend f\u00fcr 1500-Liter-Tank<\/strong><\/span><\/p>\n","protected":false},"excerpt":{"rendered":"<p>einfache Installation<br \/>\n Hervorragend geeignet f\u00fcr Ihr Meeresbecken<\/p>\n","protected":false},"featured_media":1773,"comment_status":"open","ping_status":"closed","template":"","meta":[],"product_brand":[],"product_cat":[1333],"product_tag":[],"class_list":{"0":"post-33350","1":"product","2":"type-product","3":"status-publish","4":"has-post-thumbnail","6":"product_cat-bio-pelletreaktoren","8":"first","9":"instock","10":"shipping-taxable","11":"purchasable","12":"product-type-simple","13":"add-to-wishlist-after_add_to_cart"},"jetpack_sharing_enabled":true,"_links":{"self":[{"href":"https:\/\/www.reefshops.com\/de\/wp-json\/wp\/v2\/product\/33350","targetHints":{"allow":["GET"]}}],"collection":[{"href":"https:\/\/www.reefshops.com\/de\/wp-json\/wp\/v2\/product"}],"about":[{"href":"https:\/\/www.reefshops.com\/de\/wp-json\/wp\/v2\/types\/product"}],"replies":[{"embeddable":true,"href":"https:\/\/www.reefshops.com\/de\/wp-json\/wp\/v2\/comments?post=33350"}],"wp:featuredmedia":[{"embeddable":true,"href":"https:\/\/www.reefshops.com\/de\/wp-json\/wp\/v2\/media\/1773"}],"wp:attachment":[{"href":"https:\/\/www.reefshops.com\/de\/wp-json\/wp\/v2\/media?parent=33350"}],"wp:term":[{"taxonomy":"product_brand","embeddable":true,"href":"https:\/\/www.reefshops.com\/de\/wp-json\/wp\/v2\/product_brand?post=33350"},{"taxonomy":"product_cat","embeddable":true,"href":"https:\/\/www.reefshops.com\/de\/wp-json\/wp\/v2\/product_cat?post=33350"},{"taxonomy":"product_tag","embeddable":true,"href":"https:\/\/www.reefshops.com\/de\/wp-json\/wp\/v2\/product_tag?post=33350"}],"curies":[{"name":"wp","href":"https:\/\/api.w.org\/{rel}","templated":true}]}}