{"id":33351,"date":"2014-08-20T14:29:16","date_gmt":"2014-08-20T14:29:16","guid":{"rendered":"https:\/\/www.reefshops.com\/product\/reef-octopus-ps-1000-interner-eiweisabschaumer\/"},"modified":"2025-03-16T08:23:43","modified_gmt":"2025-03-16T08:23:43","slug":"reef-octopus-ps-1000-interner-eiweisabschaumer","status":"publish","type":"product","link":"https:\/\/www.reefshops.com\/de\/produkt\/reef-octopus-ps-1000-interner-eiweisabschaumer\/","title":{"rendered":"Reef Octopus PS-1000 interner Eiwei\u00dfabsch\u00e4umer"},"content":{"rendered":"<p><span style=\"color: #000000;font-family: arial\"><strong>Feature<\/strong><\/span><\/p>\n<ul>\n<li><span style=\"color: #000000\"><strong>Der kegelf\u00f6rmige Skimmer sorgt f\u00fcr eine gleichm\u00e4\u00dfigere Effizienz bei der Verarbeitung von Blasen.<\/strong><\/span><\/li>\n<li><span style=\"color: #000000\"><strong>Neue Ansaugschalld\u00e4mpfervorrichtung macht leiser<\/strong><\/span><\/li>\n<li><strong><span style=\"font-family: Arial;font-size: small\">Lufteinlass \u00fcber 500 l bis 540 l\/h<\/span><\/strong><\/li>\n<\/ul>\n<p><span style=\"color: #000000;font-family: arial\"><strong>Spezifikation<\/strong><\/span><\/p>\n<ul>\n<li><span style=\"color: #000000\"><strong>Geeignet f\u00fcr 500-Liter-Tank<\/strong><\/span><\/li>\n<li><span style=\"color: #000000\"><strong>BB-1000S Pumpe mit Mesh-Laufrad<\/strong><\/span><\/li>\n<li><strong><span style=\"font-family: Arial;font-size: small\">Watt :10W<\/span><\/strong><\/li>\n<li><span style=\"color: #000000\"><strong>Stromversorgung: 220 V bis 240 V 50 Hz<\/strong><\/span><\/li>\n<\/ul>\n","protected":false},"excerpt":{"rendered":"<p>ausgezeichneter Skimmer<br \/>\n einfache Installation und Einrichtung<\/p>\n","protected":false},"featured_media":1779,"comment_status":"open","ping_status":"closed","template":"","meta":[],"product_brand":[],"product_cat":[1313],"product_tag":[],"class_list":{"0":"post-33351","1":"product","2":"type-product","3":"status-publish","4":"has-post-thumbnail","6":"product_cat-eiweisabschaumer","8":"first","9":"instock","10":"shipping-taxable","11":"purchasable","12":"product-type-simple","13":"add-to-wishlist-after_add_to_cart"},"jetpack_sharing_enabled":true,"_links":{"self":[{"href":"https:\/\/www.reefshops.com\/de\/wp-json\/wp\/v2\/product\/33351","targetHints":{"allow":["GET"]}}],"collection":[{"href":"https:\/\/www.reefshops.com\/de\/wp-json\/wp\/v2\/product"}],"about":[{"href":"https:\/\/www.reefshops.com\/de\/wp-json\/wp\/v2\/types\/product"}],"replies":[{"embeddable":true,"href":"https:\/\/www.reefshops.com\/de\/wp-json\/wp\/v2\/comments?post=33351"}],"wp:featuredmedia":[{"embeddable":true,"href":"https:\/\/www.reefshops.com\/de\/wp-json\/wp\/v2\/media\/1779"}],"wp:attachment":[{"href":"https:\/\/www.reefshops.com\/de\/wp-json\/wp\/v2\/media?parent=33351"}],"wp:term":[{"taxonomy":"product_brand","embeddable":true,"href":"https:\/\/www.reefshops.com\/de\/wp-json\/wp\/v2\/product_brand?post=33351"},{"taxonomy":"product_cat","embeddable":true,"href":"https:\/\/www.reefshops.com\/de\/wp-json\/wp\/v2\/product_cat?post=33351"},{"taxonomy":"product_tag","embeddable":true,"href":"https:\/\/www.reefshops.com\/de\/wp-json\/wp\/v2\/product_tag?post=33351"}],"curies":[{"name":"wp","href":"https:\/\/api.w.org\/{rel}","templated":true}]}}