{"id":33386,"date":"2016-09-25T22:23:37","date_gmt":"2016-09-25T22:23:37","guid":{"rendered":"https:\/\/www.reefshops.com\/product\/hergestellt-in-china-gunstiger-luftstein-fur-aquarium-luftpumpe\/"},"modified":"2025-03-16T08:23:57","modified_gmt":"2025-03-16T08:23:57","slug":"hergestellt-in-china-gunstiger-luftstein-fur-aquarium-luftpumpe","status":"publish","type":"product","link":"https:\/\/www.reefshops.com\/de\/produkt\/hergestellt-in-china-gunstiger-luftstein-fur-aquarium-luftpumpe\/","title":{"rendered":"Hergestellt in China, g\u00fcnstiger Luftstein f\u00fcr Aquarium-Luftpumpe"},"content":{"rendered":"<article class=\"article richtext richtext-detail AE:disable\" id=\"richTextContainer\">\n<div style=\"clear:both\">\n<p><span style=\"font-family: 'times new roman', times;font-size: 24px\"> hergestellt in China g\u00fcnstiger Ausstr\u00f6merstein f\u00fcr Aquarium-Luftpumpe <\/span><\/p>\n<p><span style=\"font-family: 'times new roman', times;font-size: 24px\">1.L\u00e4nge des Steink\u00f6rpers betr\u00e4gt 2,5 cm<\/span><\/p>\n<p><span style=\"font-family: 'times new roman', times\">2.Gesamtl\u00e4nge betr\u00e4gt 4,5 cm<\/span><\/p>\n<p><span style=\"font-family: 'times new roman', times\">3.diameter ist 1,5 cm<\/span><\/p>\n<p><span style=\"font-family: 'times new roman', times;font-size: 24px\">4.packing:2000pcs\/carton<\/span><\/p>\n<p><span style=\"font-family: 'times new roman', times;font-size: 24px\">5.details des Air Stone<\/span><\/p>\n<p><img decoding=\"async\" data-alt=\"made in china cheap Ausstr\u00f6merstein f\u00fcr Aquarium-Luftpumpe\" data-src=\"http:\/\/localhost\/media\/import\/detail\/HTB1SfywHFXXXXaPXpXXq6xXFXXXu.jpg\" src=\"\"><img decoding=\"async\" alt=\"hergestellt in China g\u00fcnstiger Ausstr\u00f6merstein f\u00fcr Aquarium-Luftpumpe\" src=\"http:\/\/localhost\/media\/import\/detail\/HTB1SfywHFXXXXaPXpXXq6xXFXXXu.jpg\"><img decoding=\"async\" data-alt=\"hergestellt in China g\u00fcnstiger Luftstein f\u00fcr Aquarium-Luftpumpe\" data-src=\"http:\/\/localhost\/media\/import\/detail\/HTB1ZfWtHFXXXXbYXpXXq6xXFXXXE.jpg\" src=\"\"><img decoding=\"async\" alt=\"hergestellt in China g\u00fcnstiger Ausstr\u00f6merstein f\u00fcr Aquarium-Luftpumpe\" src=\"http:\/\/localhost\/media\/import\/detail\/HTB1ZfWtHFXXXXbYXpXXq6xXFXXXE.jpg\"><img decoding=\"async\" data-alt=\"hergestellt in China g\u00fcnstiger Ausstr\u00f6merstein f\u00fcr Aquarium-Luftpumpe\" data-src=\"http:\/\/localhost\/media\/import\/detail\/HTB1QR5iHFXXXXXhaXXXq6xXFXXXK.jpg\" src=\"\"><img decoding=\"async\" alt=\"hergestellt in China g\u00fcnstiger Ausstr\u00f6merstein f\u00fcr Aquarium-Luftpumpe\" src=\"http:\/\/localhost\/media\/import\/detail\/HTB1QR5iHFXXXXXhaXXXq6xXFXXXK.jpg\"><\/p>\n<p><span><\/p>\n<div style=\"clear:both\"><\/div>\n<\/div>\n<\/article>\n","protected":false},"excerpt":{"rendered":"<p>Hergestellt in China, g\u00fcnstiger Luftstein f\u00fcr Aquarium-Luftpumpe<\/p>\n","protected":false},"featured_media":1989,"comment_status":"open","ping_status":"closed","template":"","meta":[],"product_brand":[],"product_cat":[1299],"product_tag":[],"class_list":{"0":"post-33386","1":"product","2":"type-product","3":"status-publish","4":"has-post-thumbnail","6":"product_cat-aquariumfilter","8":"first","9":"instock","10":"shipping-taxable","11":"purchasable","12":"product-type-simple","13":"add-to-wishlist-after_add_to_cart"},"jetpack_sharing_enabled":true,"_links":{"self":[{"href":"https:\/\/www.reefshops.com\/de\/wp-json\/wp\/v2\/product\/33386","targetHints":{"allow":["GET"]}}],"collection":[{"href":"https:\/\/www.reefshops.com\/de\/wp-json\/wp\/v2\/product"}],"about":[{"href":"https:\/\/www.reefshops.com\/de\/wp-json\/wp\/v2\/types\/product"}],"replies":[{"embeddable":true,"href":"https:\/\/www.reefshops.com\/de\/wp-json\/wp\/v2\/comments?post=33386"}],"wp:featuredmedia":[{"embeddable":true,"href":"https:\/\/www.reefshops.com\/de\/wp-json\/wp\/v2\/media\/1989"}],"wp:attachment":[{"href":"https:\/\/www.reefshops.com\/de\/wp-json\/wp\/v2\/media?parent=33386"}],"wp:term":[{"taxonomy":"product_brand","embeddable":true,"href":"https:\/\/www.reefshops.com\/de\/wp-json\/wp\/v2\/product_brand?post=33386"},{"taxonomy":"product_cat","embeddable":true,"href":"https:\/\/www.reefshops.com\/de\/wp-json\/wp\/v2\/product_cat?post=33386"},{"taxonomy":"product_tag","embeddable":true,"href":"https:\/\/www.reefshops.com\/de\/wp-json\/wp\/v2\/product_tag?post=33386"}],"curies":[{"name":"wp","href":"https:\/\/api.w.org\/{rel}","templated":true}]}}