{"id":34088,"date":"2016-09-25T23:27:40","date_gmt":"2016-09-25T23:27:40","guid":{"rendered":"https:\/\/www.reefshops.com\/product\/schildkrotenformiger-magnetreiniger-fur-aquarien\/"},"modified":"2025-03-16T08:30:19","modified_gmt":"2025-03-16T08:30:19","slug":"schildkrotenformiger-magnetreiniger-fur-aquarien","status":"publish","type":"product","link":"https:\/\/www.reefshops.com\/de\/produkt\/schildkrotenformiger-magnetreiniger-fur-aquarien\/","title":{"rendered":"Schildkr\u00f6tenf\u00f6rmiger Magnetreiniger f\u00fcr Aquarien"},"content":{"rendered":"<article class=\"article richtext richtext-detail AE:disable\" id=\"richTextContainer\">\n<div style=\"clear:both\">\n<p><span style=\"font-family: 'times new roman', times;font-size: 24px\"> Schildkr\u00f6tenf\u00f6rmiger Magnetreiniger f\u00fcr Aquarienbecken<\/span><\/p>\n<p><span style=\"font-family: 'times new roman', times\">1.Gr\u00f6\u00dfe ist 12*8*7cm<\/span><\/p>\n<p><span style=\"font-family: 'times new roman', times new roman', times new roman\">2. Geeignet f\u00fcr Tanks mit einer Dicke von 5\u201312 cm.<\/span><\/p>\n<p><span style=\"font-family: 'times new roman', times\">3.Verpackung ist 60 St\u00fcck\/Karton<\/span><\/p>\n<p><span style=\"font-family: 'times new roman', times\">4.Magnetischer Reiniger zum Reinigen des Aquariums<\/span><\/p>\n<p><span style=\"font-family: 'times new roman', times\"><img decoding=\"async\" data-alt=\"Schildkr\u00f6tenf\u00f6rmiger Magnetreiniger f\u00fcr Aquarienbecken\" data-src=\"http:\/\/localhost\/media\/import\/detail\/HTB1lbVzHpXXXXcFaFXXq6xXFXXXH.jpg\" src=\"\"><img decoding=\"async\" alt=\"Magnetreiniger in Schildkr\u00f6tenform f\u00fcr Aquariumbecken\" src=\"http:\/\/localhost\/media\/import\/detail\/HTB1lbVzHpXXXXcFaFXXq6xXFXXXH.jpg\"><img decoding=\"async\" data-alt=\"Magnetreiniger in Schildkr\u00f6tenform f\u00fcr Aquariumbecken\" data-src=\"http:\/\/localhost\/media\/import\/detail\/HTB1ESczHpXXXXX9XXXXq6xXFXXXl.jpg\" src=\"\"><img decoding=\"async\" alt=\"Schildkr\u00f6tenf\u00f6rmiger Magnetreiniger f\u00fcr Aquarienbecken\" src=\"http:\/\/localhost\/media\/import\/detail\/HTB1ESczHpXXXXX9XXXXq6xXFXXXl.jpg\"><img data-alt=\"Schildkr\u00f6tenf\u00f6rmiger Magnetreiniger f\u00fcr Aquarienbecken\" data-src=\"http:\/\/localhost\/media\/import\/detail\/HTB1mL3AHpXXXXXoXXXXq6xXFXXX5.jpg\" style=\"clear:both\"><\/div>\n<\/div>\n<\/article>\n","protected":false},"excerpt":{"rendered":"<p>Schildkr\u00f6tenf\u00f6rmiger Magnetreiniger f\u00fcr Aquarien<\/p>\n","protected":false},"featured_media":2269,"comment_status":"open","ping_status":"closed","template":"","meta":[],"product_brand":[],"product_cat":[1299],"product_tag":[],"class_list":{"0":"post-34088","1":"product","2":"type-product","3":"status-publish","4":"has-post-thumbnail","6":"product_cat-aquariumfilter","8":"first","9":"instock","10":"shipping-taxable","11":"purchasable","12":"product-type-simple","13":"add-to-wishlist-after_add_to_cart"},"jetpack_sharing_enabled":true,"_links":{"self":[{"href":"https:\/\/www.reefshops.com\/de\/wp-json\/wp\/v2\/product\/34088","targetHints":{"allow":["GET"]}}],"collection":[{"href":"https:\/\/www.reefshops.com\/de\/wp-json\/wp\/v2\/product"}],"about":[{"href":"https:\/\/www.reefshops.com\/de\/wp-json\/wp\/v2\/types\/product"}],"replies":[{"embeddable":true,"href":"https:\/\/www.reefshops.com\/de\/wp-json\/wp\/v2\/comments?post=34088"}],"wp:featuredmedia":[{"embeddable":true,"href":"https:\/\/www.reefshops.com\/de\/wp-json\/wp\/v2\/media\/2269"}],"wp:attachment":[{"href":"https:\/\/www.reefshops.com\/de\/wp-json\/wp\/v2\/media?parent=34088"}],"wp:term":[{"taxonomy":"product_brand","embeddable":true,"href":"https:\/\/www.reefshops.com\/de\/wp-json\/wp\/v2\/product_brand?post=34088"},{"taxonomy":"product_cat","embeddable":true,"href":"https:\/\/www.reefshops.com\/de\/wp-json\/wp\/v2\/product_cat?post=34088"},{"taxonomy":"product_tag","embeddable":true,"href":"https:\/\/www.reefshops.com\/de\/wp-json\/wp\/v2\/product_tag?post=34088"}],"curies":[{"name":"wp","href":"https:\/\/api.w.org\/{rel}","templated":true}]}}