{"id":34318,"date":"2016-09-25T23:27:49","date_gmt":"2016-09-25T23:27:49","guid":{"rendered":"https:\/\/www.reefshops.com\/product\/135-g-250-ml-sera-granuliertes-aquarienfischfutter-fur-buntbarsche\/"},"modified":"2025-03-16T08:30:59","modified_gmt":"2025-03-16T08:30:59","slug":"135-g-250-ml-sera-granuliertes-aquarienfischfutter-fur-buntbarsche","status":"publish","type":"product","link":"https:\/\/www.reefshops.com\/de\/produkt\/135-g-250-ml-sera-granuliertes-aquarienfischfutter-fur-buntbarsche\/","title":{"rendered":"135 g 250 ml sera granuliertes Aquarienfischfutter f\u00fcr Buntbarsche"},"content":{"rendered":"<article class=\"article richtext richtext-detail AE:disable\" id=\"richTextContainer\">\n<div style=\"clear:both\">\n<p><span style=\"font-family: 'times new roman', times;font-size: 24px\"> 135g 250ml sera granuliertes Aquarienfischfutter f\u00fcr Buntbarsche<\/span><br \/><span style=\"font-family: 'times new roman', mal\">1. ausgezeichnete Qualit\u00e4t<\/span><br \/><span>2. angemessener Preis<\/span><br \/><span style=\"font-family: 'times new roman', times\">3. Volumen ist 135G\/250ML<\/span><\/p>\n<p><span style=\"font-family: 'times new roman', times\">4. <span style=\"line-height: 18.1875px\">Dieses Granulatfutter enth\u00e4lt einen gro\u00dfen Anteil hochwertiger Proteine \u200b\u200baus Wasserorganismen und ist daher haupts\u00e4chlich f\u00fcr r\u00e4uberische Buntbarsche gedacht. In Kombination mit Granugreen ist Granured auch f\u00fcr Allesfresser eine interessante Variante. Neu importierte Fische nehmen das Futter gerne an. Es beh\u00e4lt seine Form und bleibt somit auch nach dem Absinken attraktiv.<\/span><br \/><\/span><\/p>\n<p><span style=\"font-family: 'times new roman', times;font-size: 24px;color: #000000\">5.Packung ist 24 F\u00e4sser\/Karton <\/span><\/p>\n<div style=\"clear:both\"><\/article>\n","protected":false},"excerpt":{"rendered":"<p>135 g 250 ml sera granuliertes Aquarienfischfutter f\u00fcr Buntbarsche<\/p>\n","protected":false},"featured_media":2716,"comment_status":"open","ping_status":"closed","template":"","meta":[],"product_brand":[],"product_cat":[1299],"product_tag":[],"class_list":{"0":"post-34318","1":"product","2":"type-product","3":"status-publish","4":"has-post-thumbnail","6":"product_cat-aquariumfilter","8":"first","9":"instock","10":"shipping-taxable","11":"purchasable","12":"product-type-simple","13":"add-to-wishlist-after_add_to_cart"},"jetpack_sharing_enabled":true,"_links":{"self":[{"href":"https:\/\/www.reefshops.com\/de\/wp-json\/wp\/v2\/product\/34318","targetHints":{"allow":["GET"]}}],"collection":[{"href":"https:\/\/www.reefshops.com\/de\/wp-json\/wp\/v2\/product"}],"about":[{"href":"https:\/\/www.reefshops.com\/de\/wp-json\/wp\/v2\/types\/product"}],"replies":[{"embeddable":true,"href":"https:\/\/www.reefshops.com\/de\/wp-json\/wp\/v2\/comments?post=34318"}],"wp:featuredmedia":[{"embeddable":true,"href":"https:\/\/www.reefshops.com\/de\/wp-json\/wp\/v2\/media\/2716"}],"wp:attachment":[{"href":"https:\/\/www.reefshops.com\/de\/wp-json\/wp\/v2\/media?parent=34318"}],"wp:term":[{"taxonomy":"product_brand","embeddable":true,"href":"https:\/\/www.reefshops.com\/de\/wp-json\/wp\/v2\/product_brand?post=34318"},{"taxonomy":"product_cat","embeddable":true,"href":"https:\/\/www.reefshops.com\/de\/wp-json\/wp\/v2\/product_cat?post=34318"},{"taxonomy":"product_tag","embeddable":true,"href":"https:\/\/www.reefshops.com\/de\/wp-json\/wp\/v2\/product_tag?post=34318"}],"curies":[{"name":"wp","href":"https:\/\/api.w.org\/{rel}","templated":true}]}}