{"id":34383,"date":"2016-09-25T23:27:51","date_gmt":"2016-09-25T23:27:51","guid":{"rendered":"https:\/\/www.reefshops.com\/product\/15-w-minjiang-multifunktionale-aquarium-wasserpumpe-ns801\/"},"modified":"2025-03-16T08:31:11","modified_gmt":"2025-03-16T08:31:11","slug":"15-w-minjiang-multifunktionale-aquarium-wasserpumpe-ns801","status":"publish","type":"product","link":"https:\/\/www.reefshops.com\/de\/produkt\/15-w-minjiang-multifunktionale-aquarium-wasserpumpe-ns801\/","title":{"rendered":"15 W Minjiang multifunktionale Aquarium-Wasserpumpe NS801"},"content":{"rendered":"<article class=\"article richtext richtext-detail AE:disable\" id=\"richTextContainer\">\n<div style=\"clear:both\">\n<p><span style=\"font-family: 'times new roman', times;font-size: 24px\"> 15 W Minjiang Multifunktions-Aquariumwasserpumpe NS801 <\/span><\/p>\n<p><span style=\"font-family: 'times new roman', times;font-size: 24px\">1.Verwendet hochaluminiumhaltige Keramik zur Herstellung des Schafts, f\u00fcr die doppelte Verwendung in S\u00fc\u00df- und Meerwasser. <\/span><br \/><span style=\"font-family: 'times new roman', times;font-size: 24px\">2. Verwendet hochwertige ABS-Originalpartikel, um das Geh\u00e4use zu formen, das sich nie abnutzt. <\/span><br \/><span style=\"font-family: 'times new roman', times;font-size: 24px\">3. Doppelte Verwendung unter oder \u00fcber dem Wasser. <\/span><br \/><span style=\"font-family: 'times new roman', times;font-size: 24px\">4. Es gilt f\u00fcr die Wasserableitung, Sauerstoffversorgung, Wellenbildung, Filterung und Brunnen. <\/span><br \/><span style=\"font-family: 'times new roman', times;font-size: 24px\">5.Verf\u00fcgt \u00fcber einen starken Saugnapf, um die Pumpe intensiv zu fixieren, die nie rissig wird. <\/span><\/p>\n<\/p>\n<div style=\"clear:both\"><\/article>\n","protected":false},"excerpt":{"rendered":"<p>15 W Minjiang multifunktionale Aquarium-Wasserpumpe NS801<\/p>\n","protected":false},"featured_media":2846,"comment_status":"open","ping_status":"closed","template":"","meta":[],"product_brand":[],"product_cat":[1299],"product_tag":[],"class_list":{"0":"post-34383","1":"product","2":"type-product","3":"status-publish","4":"has-post-thumbnail","6":"product_cat-aquariumfilter","8":"first","9":"instock","10":"shipping-taxable","11":"purchasable","12":"product-type-simple","13":"add-to-wishlist-after_add_to_cart"},"jetpack_sharing_enabled":true,"_links":{"self":[{"href":"https:\/\/www.reefshops.com\/de\/wp-json\/wp\/v2\/product\/34383","targetHints":{"allow":["GET"]}}],"collection":[{"href":"https:\/\/www.reefshops.com\/de\/wp-json\/wp\/v2\/product"}],"about":[{"href":"https:\/\/www.reefshops.com\/de\/wp-json\/wp\/v2\/types\/product"}],"replies":[{"embeddable":true,"href":"https:\/\/www.reefshops.com\/de\/wp-json\/wp\/v2\/comments?post=34383"}],"wp:featuredmedia":[{"embeddable":true,"href":"https:\/\/www.reefshops.com\/de\/wp-json\/wp\/v2\/media\/2846"}],"wp:attachment":[{"href":"https:\/\/www.reefshops.com\/de\/wp-json\/wp\/v2\/media?parent=34383"}],"wp:term":[{"taxonomy":"product_brand","embeddable":true,"href":"https:\/\/www.reefshops.com\/de\/wp-json\/wp\/v2\/product_brand?post=34383"},{"taxonomy":"product_cat","embeddable":true,"href":"https:\/\/www.reefshops.com\/de\/wp-json\/wp\/v2\/product_cat?post=34383"},{"taxonomy":"product_tag","embeddable":true,"href":"https:\/\/www.reefshops.com\/de\/wp-json\/wp\/v2\/product_tag?post=34383"}],"curies":[{"name":"wp","href":"https:\/\/api.w.org\/{rel}","templated":true}]}}