{"id":34396,"date":"2016-09-25T23:27:52","date_gmt":"2016-09-25T23:27:52","guid":{"rendered":"https:\/\/www.reefshops.com\/product\/aip-pumpe-vom-typ-dlaphragm-hap120\/"},"modified":"2025-03-16T08:31:14","modified_gmt":"2025-03-16T08:31:14","slug":"aip-pumpe-vom-typ-dlaphragm-hap120","status":"publish","type":"product","link":"https:\/\/www.reefshops.com\/de\/produkt\/aip-pumpe-vom-typ-dlaphragm-hap120\/","title":{"rendered":"AIP-PUMPE vom Typ DLAPHRAGM HAP120"},"content":{"rendered":"<article class=\"article richtext richtext-detail AE:disable\" id=\"richTextContainer\">\n<h2 class=\"article-title\">Spezifikationen<\/h2>\n<div style=\"clear:both\"> DLAPHRAGM TYPE AIP PUMP HAP120 <br \/>1 Spezieller Kunstkautschuk zur Aufrechterhaltung eines konstanten Luftaussto\u00dfes und Drucks <br \/>2 extrem ger\u00e4uscharm <\/p>\n<div style=\"clear:both\">\n<p>DLAPHRAGM TYP AIP PUMP HAP120<\/p>\n<p>1 Spezieller Kunstkautschuk, um einen konstanten Luftaussto\u00df und Druck aufrechtzuerhalten.<\/p>\n<p>2 Fortschrittliches Luftkompressionssystem, D\u00e4mpfungssystem und mehrstufiger Schalld\u00e4mpfer, der extrem ger\u00e4uscharm ist.<\/p>\n<p>3 Die Struktur ist vern\u00fcnftig und kompakt, sie hat eine lange Lebensdauer und erzielt die beste Wirkung bei niedrigstem Energieverbrauch.<\/p>\n<p>4 Aluminiumlegierung Geh\u00e4use, schnelle W\u00e4rmeableitung und leicht zu bewegen.<\/p>\n<\/p>\n<div style=\"clear:both\"><\/article>\n","protected":false},"excerpt":{"rendered":"<p>AIP-PUMPE vom Typ DLAPHRAGM HAP120<\/p>\n","protected":false},"featured_media":2872,"comment_status":"open","ping_status":"closed","template":"","meta":[],"product_brand":[],"product_cat":[1299],"product_tag":[],"class_list":{"0":"post-34396","1":"product","2":"type-product","3":"status-publish","4":"has-post-thumbnail","6":"product_cat-aquariumfilter","8":"first","9":"instock","10":"shipping-taxable","11":"purchasable","12":"product-type-simple","13":"add-to-wishlist-after_add_to_cart"},"jetpack_sharing_enabled":true,"_links":{"self":[{"href":"https:\/\/www.reefshops.com\/de\/wp-json\/wp\/v2\/product\/34396","targetHints":{"allow":["GET"]}}],"collection":[{"href":"https:\/\/www.reefshops.com\/de\/wp-json\/wp\/v2\/product"}],"about":[{"href":"https:\/\/www.reefshops.com\/de\/wp-json\/wp\/v2\/types\/product"}],"replies":[{"embeddable":true,"href":"https:\/\/www.reefshops.com\/de\/wp-json\/wp\/v2\/comments?post=34396"}],"wp:featuredmedia":[{"embeddable":true,"href":"https:\/\/www.reefshops.com\/de\/wp-json\/wp\/v2\/media\/2872"}],"wp:attachment":[{"href":"https:\/\/www.reefshops.com\/de\/wp-json\/wp\/v2\/media?parent=34396"}],"wp:term":[{"taxonomy":"product_brand","embeddable":true,"href":"https:\/\/www.reefshops.com\/de\/wp-json\/wp\/v2\/product_brand?post=34396"},{"taxonomy":"product_cat","embeddable":true,"href":"https:\/\/www.reefshops.com\/de\/wp-json\/wp\/v2\/product_cat?post=34396"},{"taxonomy":"product_tag","embeddable":true,"href":"https:\/\/www.reefshops.com\/de\/wp-json\/wp\/v2\/product_tag?post=34396"}],"curies":[{"name":"wp","href":"https:\/\/api.w.org\/{rel}","templated":true}]}}