{"id":34438,"date":"2016-09-25T23:27:54","date_gmt":"2016-09-25T23:27:54","guid":{"rendered":"https:\/\/www.reefshops.com\/product\/50g-250ml-sera-fischfutter-raffy-s-1851\/"},"modified":"2025-03-16T08:31:22","modified_gmt":"2025-03-16T08:31:22","slug":"50g-250ml-sera-fischfutter-raffy-s-1851","status":"publish","type":"product","link":"https:\/\/www.reefshops.com\/de\/produkt\/50g-250ml-sera-fischfutter-raffy-s-1851\/","title":{"rendered":"50g 250ml sera Fischfutter Raffy S. 1851"},"content":{"rendered":"<p>&gt; mal; Schriftgr\u00f6\u00dfe: 24px;&#8220;&gt;1. ausgezeichnete Qualit\u00e4t<\/span><br \/><span style=\"font-family: 'times new roman', times;font-size: 24px\">2. angemessener Preis<\/span><br \/><span style=\"font-family: 'times new roman', times;font-size: 24px\">3. 50g\/250ml<\/span><\/p>\n<p><span style=\"font-family: 'times new roman', times;font-size: 24px\">4.beliebte Futtersticks f\u00fcr Sumpfschildkr\u00f6ten und Eidechsen. Die leckeren Sticks werden schnell weich und enthalten alle wichtigen Zutaten f\u00fcr ein gutes und regelm\u00e4\u00dfiges Wachstum dieser Reptilien.<\/span><\/p>\n<p><span style=\"font-family: 'times new roman', times\">5. Ein hoher Kalziumgehalt ist wichtig f\u00fcr die Entwicklung des Skeletts und der Schale.<\/span><\/p>\n<div style=\"clear:both\"><\/article>\n","protected":false},"excerpt":{"rendered":"<p>50g 250ml sera Fischfutter Raffy S. 1851<\/p>\n","protected":false},"featured_media":2956,"comment_status":"open","ping_status":"closed","template":"","meta":[],"product_brand":[],"product_cat":[1299],"product_tag":[],"class_list":{"0":"post-34438","1":"product","2":"type-product","3":"status-publish","4":"has-post-thumbnail","6":"product_cat-aquariumfilter","8":"first","9":"instock","10":"shipping-taxable","11":"purchasable","12":"product-type-simple","13":"add-to-wishlist-after_add_to_cart"},"jetpack_sharing_enabled":true,"_links":{"self":[{"href":"https:\/\/www.reefshops.com\/de\/wp-json\/wp\/v2\/product\/34438","targetHints":{"allow":["GET"]}}],"collection":[{"href":"https:\/\/www.reefshops.com\/de\/wp-json\/wp\/v2\/product"}],"about":[{"href":"https:\/\/www.reefshops.com\/de\/wp-json\/wp\/v2\/types\/product"}],"replies":[{"embeddable":true,"href":"https:\/\/www.reefshops.com\/de\/wp-json\/wp\/v2\/comments?post=34438"}],"wp:featuredmedia":[{"embeddable":true,"href":"https:\/\/www.reefshops.com\/de\/wp-json\/wp\/v2\/media\/2956"}],"wp:attachment":[{"href":"https:\/\/www.reefshops.com\/de\/wp-json\/wp\/v2\/media?parent=34438"}],"wp:term":[{"taxonomy":"product_brand","embeddable":true,"href":"https:\/\/www.reefshops.com\/de\/wp-json\/wp\/v2\/product_brand?post=34438"},{"taxonomy":"product_cat","embeddable":true,"href":"https:\/\/www.reefshops.com\/de\/wp-json\/wp\/v2\/product_cat?post=34438"},{"taxonomy":"product_tag","embeddable":true,"href":"https:\/\/www.reefshops.com\/de\/wp-json\/wp\/v2\/product_tag?post=34438"}],"curies":[{"name":"wp","href":"https:\/\/api.w.org\/{rel}","templated":true}]}}