{"id":34439,"date":"2016-09-25T23:27:54","date_gmt":"2016-09-25T23:27:54","guid":{"rendered":"https:\/\/www.reefshops.com\/product\/165g-sera-garnelen-naturliches-fischfutter\/"},"modified":"2025-03-16T08:31:22","modified_gmt":"2025-03-16T08:31:22","slug":"165g-sera-garnelen-naturliches-fischfutter","status":"publish","type":"product","link":"https:\/\/www.reefshops.com\/de\/produkt\/165g-sera-garnelen-naturliches-fischfutter\/","title":{"rendered":"165g sera Garnelen nat\u00fcrliches Fischfutter"},"content":{"rendered":"<article class=\"article richtext richtext-detail AE:disable\" id=\"richTextContainer\">\n<div style=\"clear:both\">\n<p><span style=\"font-family: 'times new roman', times;font-size: 24px\"> 165g sera Garnelen nat\u00fcrliches Fischfutter<\/span><br \/><span style=\"font-family: 'times new roman', times;font-size: 24px\">1. ausgezeichnete Qualit\u00e4t<\/span><br \/><span style=\"font-family: 'times new roman', times;font-size: 24px\">2. angemessener Preis<\/span><br \/><span style=\"font-family: 'times new roman', times;font-size: 24px\">3. Volumen betr\u00e4gt 165g\/250ml<\/span><\/p>\n<p><span style=\"font-family: 'times new roman', times;font-size: 24px\">4.sinkendes, stabiles Granulat f\u00fcr optisches Wachstum von S\u00fc\u00df- und Meerwassergarnelen<\/span><\/p>\n<p><span style=\"font-family: 'times new roman', times;font-size: 24px\">5.Packung ist 24 F\u00e4sser\/Karton <\/span><\/p>\n<div style=\"clear:both\"><\/article>\n","protected":false},"excerpt":{"rendered":"<p>165g sera Garnelen nat\u00fcrliches Fischfutter<\/p>\n","protected":false},"featured_media":2958,"comment_status":"open","ping_status":"closed","template":"","meta":[],"product_brand":[],"product_cat":[1299],"product_tag":[],"class_list":{"0":"post-34439","1":"product","2":"type-product","3":"status-publish","4":"has-post-thumbnail","6":"product_cat-aquariumfilter","8":"first","9":"instock","10":"shipping-taxable","11":"purchasable","12":"product-type-simple","13":"add-to-wishlist-after_add_to_cart"},"jetpack_sharing_enabled":true,"_links":{"self":[{"href":"https:\/\/www.reefshops.com\/de\/wp-json\/wp\/v2\/product\/34439","targetHints":{"allow":["GET"]}}],"collection":[{"href":"https:\/\/www.reefshops.com\/de\/wp-json\/wp\/v2\/product"}],"about":[{"href":"https:\/\/www.reefshops.com\/de\/wp-json\/wp\/v2\/types\/product"}],"replies":[{"embeddable":true,"href":"https:\/\/www.reefshops.com\/de\/wp-json\/wp\/v2\/comments?post=34439"}],"wp:featuredmedia":[{"embeddable":true,"href":"https:\/\/www.reefshops.com\/de\/wp-json\/wp\/v2\/media\/2958"}],"wp:attachment":[{"href":"https:\/\/www.reefshops.com\/de\/wp-json\/wp\/v2\/media?parent=34439"}],"wp:term":[{"taxonomy":"product_brand","embeddable":true,"href":"https:\/\/www.reefshops.com\/de\/wp-json\/wp\/v2\/product_brand?post=34439"},{"taxonomy":"product_cat","embeddable":true,"href":"https:\/\/www.reefshops.com\/de\/wp-json\/wp\/v2\/product_cat?post=34439"},{"taxonomy":"product_tag","embeddable":true,"href":"https:\/\/www.reefshops.com\/de\/wp-json\/wp\/v2\/product_tag?post=34439"}],"curies":[{"name":"wp","href":"https:\/\/api.w.org\/{rel}","templated":true}]}}