{"id":34449,"date":"2016-09-25T23:27:54","date_gmt":"2016-09-25T23:27:54","guid":{"rendered":"https:\/\/www.reefshops.com\/product\/90g-2mm-sera-fischfutter-fur-blutpapageienfische\/"},"modified":"2025-03-16T08:31:24","modified_gmt":"2025-03-16T08:31:24","slug":"90g-2mm-sera-fischfutter-fur-blutpapageienfische","status":"publish","type":"product","link":"https:\/\/www.reefshops.com\/de\/produkt\/90g-2mm-sera-fischfutter-fur-blutpapageienfische\/","title":{"rendered":"90g 2mm Sera Fischfutter f\u00fcr Blutpapageienfische"},"content":{"rendered":"<article class=\"article richtext richtext-detail AE:disable\" id=\"richTextContainer\">\n<div style=\"clear:both\">\n<p><span style=\"font-size: 24px;font-family: 'times new roman', times\"> 90g 2mm sera Fischfutter f\u00fcr Blutpapageienfische <\/span><\/p>\n<p><span style=\"font-size: 24px;font-family: 'times new roman', times\">1. ausgezeichnete Qualit\u00e4t<\/span><br \/><span style=\"font-size: 24px\">2. Angemessener Preis<\/span><br \/><span style=\"font-size: 24px;font-family: 'times new roman', times\">3.Volumen betr\u00e4gt 90G\/250ML<\/span><\/p>\n<p><span style=\"font-size: 24px;font-family: 'times new roman', times\">4.schwimmende Granulatk\u00f6rner enthalten Inhaltsstoffe, die selbst bei gro\u00dfen Rotpapageien eine schnelle und brillante orangerote F\u00e4rbung bewirken Fisch<\/span><\/p>\n<p><span style=\"font-size: 24px\">5.Verpackung ist 24 St\u00fcck\/Karton<\/span><\/p>\n<\/p>\n<div style=\"clear:both\"><\/article>\n","protected":false},"excerpt":{"rendered":"<p>90g 2mm Sera Fischfutter f\u00fcr Blutpapageienfische<\/p>\n","protected":false},"featured_media":2978,"comment_status":"open","ping_status":"closed","template":"","meta":[],"product_brand":[],"product_cat":[1299],"product_tag":[],"class_list":{"0":"post-34449","1":"product","2":"type-product","3":"status-publish","4":"has-post-thumbnail","6":"product_cat-aquariumfilter","8":"first","9":"instock","10":"shipping-taxable","11":"purchasable","12":"product-type-simple","13":"add-to-wishlist-after_add_to_cart"},"jetpack_sharing_enabled":true,"_links":{"self":[{"href":"https:\/\/www.reefshops.com\/de\/wp-json\/wp\/v2\/product\/34449","targetHints":{"allow":["GET"]}}],"collection":[{"href":"https:\/\/www.reefshops.com\/de\/wp-json\/wp\/v2\/product"}],"about":[{"href":"https:\/\/www.reefshops.com\/de\/wp-json\/wp\/v2\/types\/product"}],"replies":[{"embeddable":true,"href":"https:\/\/www.reefshops.com\/de\/wp-json\/wp\/v2\/comments?post=34449"}],"wp:featuredmedia":[{"embeddable":true,"href":"https:\/\/www.reefshops.com\/de\/wp-json\/wp\/v2\/media\/2978"}],"wp:attachment":[{"href":"https:\/\/www.reefshops.com\/de\/wp-json\/wp\/v2\/media?parent=34449"}],"wp:term":[{"taxonomy":"product_brand","embeddable":true,"href":"https:\/\/www.reefshops.com\/de\/wp-json\/wp\/v2\/product_brand?post=34449"},{"taxonomy":"product_cat","embeddable":true,"href":"https:\/\/www.reefshops.com\/de\/wp-json\/wp\/v2\/product_cat?post=34449"},{"taxonomy":"product_tag","embeddable":true,"href":"https:\/\/www.reefshops.com\/de\/wp-json\/wp\/v2\/product_tag?post=34449"}],"curies":[{"name":"wp","href":"https:\/\/api.w.org\/{rel}","templated":true}]}}