{"id":34454,"date":"2016-09-25T23:27:54","date_gmt":"2016-09-25T23:27:54","guid":{"rendered":"https:\/\/www.reefshops.com\/product\/1kg-sera-tropical-fish-food-mini-bit-2\/"},"modified":"2025-03-16T08:31:25","modified_gmt":"2025-03-16T08:31:25","slug":"1kg-sera-tropical-fish-food-mini-bit-2","status":"publish","type":"product","link":"https:\/\/www.reefshops.com\/de\/produkt\/1kg-sera-tropical-fish-food-mini-bit-2\/","title":{"rendered":"1kg sera Tropical Fish Food Mini Bit"},"content":{"rendered":"<article class=\"article richtext richtext-detail AE:disable\" id=\"richTextContainer\">\n<div style=\"clear:both\">\n<p><span style=\"font-family: 'times new roman', times;font-size: 24px\"> 1kg sera Tropical Fish Food Mini Bit<\/span><br \/><span style=\"font-family: 'times new roman', times;font-size: 24px\">1. ausgezeichnete Qualit\u00e4t<\/span><br \/><span style=\"font-family: 'times new roman', times;font-size: 24px\">2. Angemessener Preis<\/span><br \/><span style=\"font-family: 'times new roman', times;font-size: 24px\">3. Das Gewicht betr\u00e4gt 1 kg<\/span><\/p>\n<p><span style=\"font-family: 'times new roman', times;font-size: 24px\">4.Ausgewogene Grundnahrung f\u00fcr kleine (unter 40 mm K\u00f6rperl\u00e4nge) mittlere Wasserschicht-Zierfische<\/span><\/p>\n<p><span style=\"font-family: 'times new roman', times;font-size: 24px\">5. Das Futter enth\u00e4lt alle Zutaten f\u00fcr schnelles Wachstum, pr\u00e4chtige Farben und Gesundheit durch die Verbesserung der Leistung des Immunsystems<\/span><\/p>\n<div style=\"clear:both\"><\/article>\n","protected":false},"excerpt":{"rendered":"<p>1kg sera Tropical Fish Food Mini Bit<\/p>\n","protected":false},"featured_media":2988,"comment_status":"open","ping_status":"closed","template":"","meta":[],"product_brand":[],"product_cat":[1299],"product_tag":[],"class_list":{"0":"post-34454","1":"product","2":"type-product","3":"status-publish","4":"has-post-thumbnail","6":"product_cat-aquariumfilter","8":"first","9":"instock","10":"shipping-taxable","11":"purchasable","12":"product-type-simple","13":"add-to-wishlist-after_add_to_cart"},"jetpack_sharing_enabled":true,"_links":{"self":[{"href":"https:\/\/www.reefshops.com\/de\/wp-json\/wp\/v2\/product\/34454","targetHints":{"allow":["GET"]}}],"collection":[{"href":"https:\/\/www.reefshops.com\/de\/wp-json\/wp\/v2\/product"}],"about":[{"href":"https:\/\/www.reefshops.com\/de\/wp-json\/wp\/v2\/types\/product"}],"replies":[{"embeddable":true,"href":"https:\/\/www.reefshops.com\/de\/wp-json\/wp\/v2\/comments?post=34454"}],"wp:featuredmedia":[{"embeddable":true,"href":"https:\/\/www.reefshops.com\/de\/wp-json\/wp\/v2\/media\/2988"}],"wp:attachment":[{"href":"https:\/\/www.reefshops.com\/de\/wp-json\/wp\/v2\/media?parent=34454"}],"wp:term":[{"taxonomy":"product_brand","embeddable":true,"href":"https:\/\/www.reefshops.com\/de\/wp-json\/wp\/v2\/product_brand?post=34454"},{"taxonomy":"product_cat","embeddable":true,"href":"https:\/\/www.reefshops.com\/de\/wp-json\/wp\/v2\/product_cat?post=34454"},{"taxonomy":"product_tag","embeddable":true,"href":"https:\/\/www.reefshops.com\/de\/wp-json\/wp\/v2\/product_tag?post=34454"}],"curies":[{"name":"wp","href":"https:\/\/api.w.org\/{rel}","templated":true}]}}