{"id":34516,"date":"2016-09-25T23:27:55","date_gmt":"2016-09-25T23:27:55","guid":{"rendered":"https:\/\/www.reefshops.com\/product\/50w-superkurzer-aquarienheizer-h229\/"},"modified":"2025-03-16T08:31:38","modified_gmt":"2025-03-16T08:31:38","slug":"50w-superkurzer-aquarienheizer-h229","status":"publish","type":"product","link":"https:\/\/www.reefshops.com\/de\/produkt\/50w-superkurzer-aquarienheizer-h229\/","title":{"rendered":"50W Superkurzer Aquarienheizer H229"},"content":{"rendered":"<article class=\"article richtext richtext-detail AE:disable\" id=\"richTextContainer\">\n<h2 class=\"article-title\">Spezifikationen<\/h2>\n<div style=\"clear:both\"> 50W Superkurzer Aquarienheizer H229 <br \/>1 einfache und pr\u00e4zise Einstellung der Wunschtemperatur <br \/>2 Stiltemperaturanzeige ist sichtbar <\/p>\n<div style=\"clear:both\">\n<p>50W Superkurzer Aquarienheizer H229<\/p>\n<p>1 einfache und pr\u00e4zise Einstellung der gew\u00fcnschten Temperatur<br \/>2 Stiltemperaturanzeige ist sichtbar <\/p>\n<p>3 empfindlicher und verstellbarer Thermostat sorgt f\u00fcr gleichm\u00e4\u00dfige Temperatur<\/p>\n<p>4 Heizelement ist hocheffizient und kompakt<\/p>\n<p>5 f\u00fcr l\u00e4ngere Nutzung und vollst\u00e4ndige Sicherheit konzipiert<\/p>\n<div style=\"clear:both\"><\/article>\n","protected":false},"excerpt":{"rendered":"<p>50W Superkurzer Aquarienheizer H229<\/p>\n","protected":false},"featured_media":3112,"comment_status":"open","ping_status":"closed","template":"","meta":[],"product_brand":[],"product_cat":[1299],"product_tag":[],"class_list":{"0":"post-34516","1":"product","2":"type-product","3":"status-publish","4":"has-post-thumbnail","6":"product_cat-aquariumfilter","8":"first","9":"instock","10":"shipping-taxable","11":"purchasable","12":"product-type-simple","13":"add-to-wishlist-after_add_to_cart"},"jetpack_sharing_enabled":true,"_links":{"self":[{"href":"https:\/\/www.reefshops.com\/de\/wp-json\/wp\/v2\/product\/34516","targetHints":{"allow":["GET"]}}],"collection":[{"href":"https:\/\/www.reefshops.com\/de\/wp-json\/wp\/v2\/product"}],"about":[{"href":"https:\/\/www.reefshops.com\/de\/wp-json\/wp\/v2\/types\/product"}],"replies":[{"embeddable":true,"href":"https:\/\/www.reefshops.com\/de\/wp-json\/wp\/v2\/comments?post=34516"}],"wp:featuredmedia":[{"embeddable":true,"href":"https:\/\/www.reefshops.com\/de\/wp-json\/wp\/v2\/media\/3112"}],"wp:attachment":[{"href":"https:\/\/www.reefshops.com\/de\/wp-json\/wp\/v2\/media?parent=34516"}],"wp:term":[{"taxonomy":"product_brand","embeddable":true,"href":"https:\/\/www.reefshops.com\/de\/wp-json\/wp\/v2\/product_brand?post=34516"},{"taxonomy":"product_cat","embeddable":true,"href":"https:\/\/www.reefshops.com\/de\/wp-json\/wp\/v2\/product_cat?post=34516"},{"taxonomy":"product_tag","embeddable":true,"href":"https:\/\/www.reefshops.com\/de\/wp-json\/wp\/v2\/product_tag?post=34516"}],"curies":[{"name":"wp","href":"https:\/\/api.w.org\/{rel}","templated":true}]}}