{"id":34540,"date":"2016-09-25T23:27:57","date_gmt":"2016-09-25T23:27:57","guid":{"rendered":"https:\/\/www.reefshops.com\/product\/75w-anti-riss-aquarienheizung-h386\/"},"modified":"2025-03-16T08:31:43","modified_gmt":"2025-03-16T08:31:43","slug":"75w-anti-riss-aquarienheizung-h386","status":"publish","type":"product","link":"https:\/\/www.reefshops.com\/de\/produkt\/75w-anti-riss-aquarienheizung-h386\/","title":{"rendered":"75W Anti-Riss-Aquarienheizung H386"},"content":{"rendered":"<article class=\"article richtext richtext-detail AE:disable\" id=\"richTextContainer\">\n<h2 class=\"article-title\">Spezifikationen<\/h2>\n<div style=\"clear:both\"> 75W Anti-Crack-Aquarienheizer H386 <br \/>1 einfache und pr\u00e4zise Einstellung der gew\u00fcnschten Temperatur <br \/>2 Stiltemperaturanzeige ist sichtbar <\/p>\n<div style=\"clear:both\">\n<p>75W Anti-Crack-Aquarienheizer H386<br \/>1 einfache und pr\u00e4zise Einstellung der gew\u00fcnschten Temperatur<br \/>2 Stil-Temperaturanzeige ist sichtbar <\/p>\n<p>3 empfindlicher und einstellbarer Thermostat sorgt f\u00fcr gleichm\u00e4\u00dfige Temperatur<\/p>\n<p>4 Heizelement ist hocheffizient und kompakt<\/p>\n<p>5 f\u00fcr l\u00e4ngere Nutzung und vollst\u00e4ndige Sicherheit konzipiert<\/p>\n<p>6 Erl\u00e4uterung der Verwendung<\/p>\n<div style=\"clear:both\"><\/article>\n","protected":false},"excerpt":{"rendered":"<p>75W Anti-Riss-Aquarienheizung H386<\/p>\n","protected":false},"featured_media":3160,"comment_status":"open","ping_status":"closed","template":"","meta":[],"product_brand":[],"product_cat":[1299],"product_tag":[],"class_list":{"0":"post-34540","1":"product","2":"type-product","3":"status-publish","4":"has-post-thumbnail","6":"product_cat-aquariumfilter","8":"first","9":"instock","10":"shipping-taxable","11":"purchasable","12":"product-type-simple","13":"add-to-wishlist-after_add_to_cart"},"jetpack_sharing_enabled":true,"_links":{"self":[{"href":"https:\/\/www.reefshops.com\/de\/wp-json\/wp\/v2\/product\/34540","targetHints":{"allow":["GET"]}}],"collection":[{"href":"https:\/\/www.reefshops.com\/de\/wp-json\/wp\/v2\/product"}],"about":[{"href":"https:\/\/www.reefshops.com\/de\/wp-json\/wp\/v2\/types\/product"}],"replies":[{"embeddable":true,"href":"https:\/\/www.reefshops.com\/de\/wp-json\/wp\/v2\/comments?post=34540"}],"wp:featuredmedia":[{"embeddable":true,"href":"https:\/\/www.reefshops.com\/de\/wp-json\/wp\/v2\/media\/3160"}],"wp:attachment":[{"href":"https:\/\/www.reefshops.com\/de\/wp-json\/wp\/v2\/media?parent=34540"}],"wp:term":[{"taxonomy":"product_brand","embeddable":true,"href":"https:\/\/www.reefshops.com\/de\/wp-json\/wp\/v2\/product_brand?post=34540"},{"taxonomy":"product_cat","embeddable":true,"href":"https:\/\/www.reefshops.com\/de\/wp-json\/wp\/v2\/product_cat?post=34540"},{"taxonomy":"product_tag","embeddable":true,"href":"https:\/\/www.reefshops.com\/de\/wp-json\/wp\/v2\/product_tag?post=34540"}],"curies":[{"name":"wp","href":"https:\/\/api.w.org\/{rel}","templated":true}]}}