{"id":34622,"date":"2016-09-25T23:27:58","date_gmt":"2016-09-25T23:27:58","guid":{"rendered":"https:\/\/www.reefshops.com\/product\/1-6hp-boyu-kuhleinheit-l200-fur-aquarium\/"},"modified":"2025-03-16T08:31:59","modified_gmt":"2025-03-16T08:31:59","slug":"1-6hp-boyu-kuhleinheit-l200-fur-aquarium","status":"publish","type":"product","link":"https:\/\/www.reefshops.com\/de\/produkt\/1-6hp-boyu-kuhleinheit-l200-fur-aquarium\/","title":{"rendered":"1\/6HP BOYU K\u00fchleinheit L200 f\u00fcr Aquarium"},"content":{"rendered":"<article class=\"article richtext richtext-detail AE:disable\" id=\"richTextContainer\">\n<div style=\"clear:both\">\n<p><span style=\"color: #666666;font-size: 24px\"> 1\/6HP BOYU K\u00fchleinheit L200 f\u00fcr Aquarium <\/span><\/p>\n<p><span style=\"color: #666666\">1. Durch die Superk\u00fchlung kann die Wassertemperatur schnell von 35 \u00b0C auf 18 \u00b0C gesenkt werden.<br \/>2. Das mikrocomputergest\u00fctzte Steuerungssystem ist einfach zu bedienen.<br \/> 3. Das automatische \u00dcberstrom- und \u00dcberhitzungsschutzsystem macht es sicher und zuverl\u00e4ssig<\/span><\/p>\n<p><span style=\"color: #666666\">4. Das Bruttogewicht betr\u00e4gt ca. 16 kg<\/span><\/p>\n<div style=\"clear:both\"><\/article>\n","protected":false},"excerpt":{"rendered":"<p>1\/6HP BOYU K\u00fchleinheit L200 f\u00fcr Aquarium<\/p>\n","protected":false},"featured_media":3313,"comment_status":"open","ping_status":"closed","template":"","meta":[],"product_brand":[],"product_cat":[1299],"product_tag":[],"class_list":{"0":"post-34622","1":"product","2":"type-product","3":"status-publish","4":"has-post-thumbnail","6":"product_cat-aquariumfilter","8":"first","9":"instock","10":"shipping-taxable","11":"purchasable","12":"product-type-simple","13":"add-to-wishlist-after_add_to_cart"},"jetpack_sharing_enabled":true,"_links":{"self":[{"href":"https:\/\/www.reefshops.com\/de\/wp-json\/wp\/v2\/product\/34622","targetHints":{"allow":["GET"]}}],"collection":[{"href":"https:\/\/www.reefshops.com\/de\/wp-json\/wp\/v2\/product"}],"about":[{"href":"https:\/\/www.reefshops.com\/de\/wp-json\/wp\/v2\/types\/product"}],"replies":[{"embeddable":true,"href":"https:\/\/www.reefshops.com\/de\/wp-json\/wp\/v2\/comments?post=34622"}],"wp:featuredmedia":[{"embeddable":true,"href":"https:\/\/www.reefshops.com\/de\/wp-json\/wp\/v2\/media\/3313"}],"wp:attachment":[{"href":"https:\/\/www.reefshops.com\/de\/wp-json\/wp\/v2\/media?parent=34622"}],"wp:term":[{"taxonomy":"product_brand","embeddable":true,"href":"https:\/\/www.reefshops.com\/de\/wp-json\/wp\/v2\/product_brand?post=34622"},{"taxonomy":"product_cat","embeddable":true,"href":"https:\/\/www.reefshops.com\/de\/wp-json\/wp\/v2\/product_cat?post=34622"},{"taxonomy":"product_tag","embeddable":true,"href":"https:\/\/www.reefshops.com\/de\/wp-json\/wp\/v2\/product_tag?post=34622"}],"curies":[{"name":"wp","href":"https:\/\/api.w.org\/{rel}","templated":true}]}}