{"id":35791,"date":"2016-09-25T23:28:05","date_gmt":"2016-09-25T23:28:05","guid":{"rendered":"https:\/\/www.reefshops.com\/product\/15-w-boyu-rotes-aquarium-sonnenlicht\/"},"modified":"2025-03-16T08:38:58","modified_gmt":"2025-03-16T08:38:58","slug":"15-w-boyu-rotes-aquarium-sonnenlicht","status":"publish","type":"product","link":"https:\/\/www.reefshops.com\/de\/produkt\/15-w-boyu-rotes-aquarium-sonnenlicht\/","title":{"rendered":"15 W BOYU rotes Aquarium-Sonnenlicht"},"content":{"rendered":"<article class=\"article richtext richtext-detail AE:disable\" id=\"richTextContainer\">\n<div style=\"clear:both\">\n<p><span style=\"font-family: 'times new roman', times;font-size: 24px\">15W BOYU rotes Aquarium-Sonnenlicht<\/span><\/p>\n<p><span style=\"font-family: 'times new roman', times;font-size: 24px\">1.Verst\u00e4rkung des Exports f\u00fcr das optische Spektrum von Rot und Blau, um deren Wellenkamm entsprechend dem Rot und Blau des Sonnenlichts zu erzeugen. Dadurch wird das beste Ergebnis f\u00fcr die Photosynthese erzielt, das Leuchten von Wasserglas verbessert, die Fluoreszenz tropischer Fische verst\u00e4rkt, die nat\u00fcrliche Farbe der Betrachtung von Fischen betont und die warme Atmosph\u00e4re f\u00fcr Ihre Box mit Wassertieren geschaffen.<\/span><br \/>&lt;span style=&quot;font-family: &#039;times new roman&#039;, times; Schriftart: 24px;<\/p>\n","protected":false},"excerpt":{"rendered":"<p>15 W BOYU rotes Aquarium-Sonnenlicht<\/p>\n","protected":false},"featured_media":3863,"comment_status":"open","ping_status":"closed","template":"","meta":[],"product_brand":[],"product_cat":[1299],"product_tag":[],"class_list":{"0":"post-35791","1":"product","2":"type-product","3":"status-publish","4":"has-post-thumbnail","6":"product_cat-aquariumfilter","8":"first","9":"instock","10":"shipping-taxable","11":"purchasable","12":"product-type-simple","13":"add-to-wishlist-after_add_to_cart"},"jetpack_sharing_enabled":true,"_links":{"self":[{"href":"https:\/\/www.reefshops.com\/de\/wp-json\/wp\/v2\/product\/35791","targetHints":{"allow":["GET"]}}],"collection":[{"href":"https:\/\/www.reefshops.com\/de\/wp-json\/wp\/v2\/product"}],"about":[{"href":"https:\/\/www.reefshops.com\/de\/wp-json\/wp\/v2\/types\/product"}],"replies":[{"embeddable":true,"href":"https:\/\/www.reefshops.com\/de\/wp-json\/wp\/v2\/comments?post=35791"}],"wp:featuredmedia":[{"embeddable":true,"href":"https:\/\/www.reefshops.com\/de\/wp-json\/wp\/v2\/media\/3863"}],"wp:attachment":[{"href":"https:\/\/www.reefshops.com\/de\/wp-json\/wp\/v2\/media?parent=35791"}],"wp:term":[{"taxonomy":"product_brand","embeddable":true,"href":"https:\/\/www.reefshops.com\/de\/wp-json\/wp\/v2\/product_brand?post=35791"},{"taxonomy":"product_cat","embeddable":true,"href":"https:\/\/www.reefshops.com\/de\/wp-json\/wp\/v2\/product_cat?post=35791"},{"taxonomy":"product_tag","embeddable":true,"href":"https:\/\/www.reefshops.com\/de\/wp-json\/wp\/v2\/product_tag?post=35791"}],"curies":[{"name":"wp","href":"https:\/\/api.w.org\/{rel}","templated":true}]}}