{"id":37098,"date":"2016-09-25T23:28:12","date_gmt":"2016-09-25T23:28:12","guid":{"rendered":"https:\/\/www.reefshops.com\/product\/weipro-sonpar-aquarium-eiweisabschaumer-sa-2016\/"},"modified":"2025-03-16T08:46:08","modified_gmt":"2025-03-16T08:46:08","slug":"weipro-sonpar-aquarium-eiweisabschaumer-sa-2016","status":"publish","type":"product","link":"https:\/\/www.reefshops.com\/de\/produkt\/weipro-sonpar-aquarium-eiweisabschaumer-sa-2016\/","title":{"rendered":"WEIPRO SONPAR Aquarium-Eiwei\u00dfabsch\u00e4umer SA-2016"},"content":{"rendered":"<article class=\"article richtext richtext-detail AE:disable\" id=\"richTextContainer\">\n<h2 class=\"article-title\">Spezifikationen<\/h2>\n<div style=\"clear:both\"> WEIPRO SONPAR Aquarium-Eiwei\u00dfabsch\u00e4umer SA-2016 <br \/>1. Nachahmung der nat\u00fcrlichen Zoologie. <br \/>2. Einstellung der Wasserstandskontrolle <\/p>\n<div style=\"clear:both\">\n<p>WEIPRO SONPAR Aquarium-Eiwei\u00dfabsch\u00e4umer SA-2016<\/p>\n<p>1. Externer horizontaler Skimmer, spezielles Design f\u00fcr das Salzwasser <br \/>2. Durch direkte Injektion durch Wasserdruck werden die sch\u00e4dlichen<br \/>Stoffe aus dem Wasser stark abgetrennt<br \/>3. Unabh\u00e4ngige Str\u00f6mungstrennzone und Str\u00f6mungsschalld\u00e4mpfer-Design<br \/>4. Wasserstandsregelung, Schadstoffwassersperre.<br \/>5. Geeignet f\u00fcr 190\u2013950 l Marinetank im Schrank.<\/p>\n<div style=\"clear:both\"><\/article>\n","protected":false},"excerpt":{"rendered":"<p>WEIPRO SONPAR Aquarium-Eiwei\u00dfabsch\u00e4umer SA-2016<\/p>\n","protected":false},"featured_media":4465,"comment_status":"open","ping_status":"closed","template":"","meta":[],"product_brand":[],"product_cat":[1299],"product_tag":[],"class_list":{"0":"post-37098","1":"product","2":"type-product","3":"status-publish","4":"has-post-thumbnail","6":"product_cat-aquariumfilter","8":"first","9":"instock","10":"shipping-taxable","11":"purchasable","12":"product-type-simple","13":"add-to-wishlist-after_add_to_cart"},"jetpack_sharing_enabled":true,"_links":{"self":[{"href":"https:\/\/www.reefshops.com\/de\/wp-json\/wp\/v2\/product\/37098","targetHints":{"allow":["GET"]}}],"collection":[{"href":"https:\/\/www.reefshops.com\/de\/wp-json\/wp\/v2\/product"}],"about":[{"href":"https:\/\/www.reefshops.com\/de\/wp-json\/wp\/v2\/types\/product"}],"replies":[{"embeddable":true,"href":"https:\/\/www.reefshops.com\/de\/wp-json\/wp\/v2\/comments?post=37098"}],"wp:featuredmedia":[{"embeddable":true,"href":"https:\/\/www.reefshops.com\/de\/wp-json\/wp\/v2\/media\/4465"}],"wp:attachment":[{"href":"https:\/\/www.reefshops.com\/de\/wp-json\/wp\/v2\/media?parent=37098"}],"wp:term":[{"taxonomy":"product_brand","embeddable":true,"href":"https:\/\/www.reefshops.com\/de\/wp-json\/wp\/v2\/product_brand?post=37098"},{"taxonomy":"product_cat","embeddable":true,"href":"https:\/\/www.reefshops.com\/de\/wp-json\/wp\/v2\/product_cat?post=37098"},{"taxonomy":"product_tag","embeddable":true,"href":"https:\/\/www.reefshops.com\/de\/wp-json\/wp\/v2\/product_tag?post=37098"}],"curies":[{"name":"wp","href":"https:\/\/api.w.org\/{rel}","templated":true}]}}