{"id":37134,"date":"2016-09-25T23:28:14","date_gmt":"2016-09-25T23:28:14","guid":{"rendered":"https:\/\/www.reefshops.com\/product\/10w-sobo-fashion-aquarium-uv-lampe\/"},"modified":"2025-03-16T08:46:16","modified_gmt":"2025-03-16T08:46:16","slug":"10w-sobo-fashion-aquarium-uv-lampe","status":"publish","type":"product","link":"https:\/\/www.reefshops.com\/de\/produkt\/10w-sobo-fashion-aquarium-uv-lampe\/","title":{"rendered":"10W SOBO Fashion Aquarium UV-Lampe"},"content":{"rendered":"<article class=\"article richtext richtext-detail AE:disable\" id=\"richTextContainer\">\n<h2 class=\"article-title\">Spezifikationen<\/h2>\n<div style=\"clear:both\"> 10 W SOBO Mode-Aquarium-UV-Lampe <br \/>1. Verwendet hochwertige Quarzglasr\u00f6hre, sichere und effektive Sterilisation <br \/> 2. Lange Lebensdauer <\/p>\n<div style=\"clear:both\">\n<p>10W SOBO Mode-UV-Lampe f\u00fcr Aquarien <\/p>\n<ol>\n<li>Verschiedene Modelle und Gr\u00f6\u00dfen f\u00fcr die Wasseraufbereitung von Becken, Teichen, Schwimmb\u00e4dern usw. erh\u00e4ltlich<\/li>\n<li>Einsatz hochwertiger Quarzglasr\u00f6hren, die vom Wasser getrennt sind, um die Wirksamkeit der UV-Behandlung zu verbessern und eine gute Strahlendurchl\u00e4ssigkeit zu gew\u00e4hrleisten.<\/li>\n<li>Einsatz hochwertiger UVC-UV-Strahlung, gute Sterilisation und lange Lebensdauer Leben.<\/li>\n<li>Verpackung:10 St\u00fcck\/Karton<\/li>\n<li>Herkunftsort: Guangdong, China<\/li>\n<li>Liefertermin: 5 Tage<\/li>\n<\/ol>\n<div style=\"clear:both\"><\/article>\n","protected":false},"excerpt":{"rendered":"<p>10W SOBO Fashion Aquarium UV-Lampe<\/p>\n","protected":false},"featured_media":4537,"comment_status":"open","ping_status":"closed","template":"","meta":[],"product_brand":[],"product_cat":[1299],"product_tag":[],"class_list":{"0":"post-37134","1":"product","2":"type-product","3":"status-publish","4":"has-post-thumbnail","6":"product_cat-aquariumfilter","8":"first","9":"instock","10":"shipping-taxable","11":"purchasable","12":"product-type-simple","13":"add-to-wishlist-after_add_to_cart"},"jetpack_sharing_enabled":true,"_links":{"self":[{"href":"https:\/\/www.reefshops.com\/de\/wp-json\/wp\/v2\/product\/37134","targetHints":{"allow":["GET"]}}],"collection":[{"href":"https:\/\/www.reefshops.com\/de\/wp-json\/wp\/v2\/product"}],"about":[{"href":"https:\/\/www.reefshops.com\/de\/wp-json\/wp\/v2\/types\/product"}],"replies":[{"embeddable":true,"href":"https:\/\/www.reefshops.com\/de\/wp-json\/wp\/v2\/comments?post=37134"}],"wp:featuredmedia":[{"embeddable":true,"href":"https:\/\/www.reefshops.com\/de\/wp-json\/wp\/v2\/media\/4537"}],"wp:attachment":[{"href":"https:\/\/www.reefshops.com\/de\/wp-json\/wp\/v2\/media?parent=37134"}],"wp:term":[{"taxonomy":"product_brand","embeddable":true,"href":"https:\/\/www.reefshops.com\/de\/wp-json\/wp\/v2\/product_brand?post=37134"},{"taxonomy":"product_cat","embeddable":true,"href":"https:\/\/www.reefshops.com\/de\/wp-json\/wp\/v2\/product_cat?post=37134"},{"taxonomy":"product_tag","embeddable":true,"href":"https:\/\/www.reefshops.com\/de\/wp-json\/wp\/v2\/product_tag?post=37134"}],"curies":[{"name":"wp","href":"https:\/\/api.w.org\/{rel}","templated":true}]}}