{"id":37148,"date":"2016-09-25T23:28:15","date_gmt":"2016-09-25T23:28:15","guid":{"rendered":"https:\/\/www.reefshops.com\/product\/15w-sobo-neue-led-kopfpumpen\/"},"modified":"2025-03-16T08:46:19","modified_gmt":"2025-03-16T08:46:19","slug":"15w-sobo-neue-led-kopfpumpen","status":"publish","type":"product","link":"https:\/\/www.reefshops.com\/de\/produkt\/15w-sobo-neue-led-kopfpumpen\/","title":{"rendered":"15W SOBO neue LED-Kopfpumpen"},"content":{"rendered":"<article class=\"article richtext richtext-detail AE:disable\" id=\"richTextContainer\">\n<h2 class=\"article-title\">Spezifikationen<\/h2>\n<div style=\"clear:both\"> 15W SOBO neue LED-Kopfpumpen <br \/>1 Leise, sicher, effizient und leistungsstark <br \/>2 Einfache Einrichtung <br \/>3 Geeignet f\u00fcr S\u00fc\u00df- und Meerwasser <\/p>\n<div style=\"clear:both\">\n<p>15W SOBO neue LED-Kopfpumpen<\/p>\n<p> 1 Leise, sicher, energieeffizient und leistungsstark<br \/>2 Einfache Einrichtung <br \/>3 Geeignet f\u00fcr S\u00fc\u00df- und Meerwasser4 Eindeutig \u00fcberlegenes Filtersystem<\/p>\n<p>4 Parameter (220\u2013240 V, 50 Hz)<\/p>\n<p>5 Verpackung: 30 St\u00fcck\/Karton<\/p>\n<\/p>\n<\/p>\n<div style=\"clear:both\"><\/article>\n","protected":false},"excerpt":{"rendered":"<p>15W SOBO neue LED-Kopfpumpen<\/p>\n","protected":false},"featured_media":4565,"comment_status":"open","ping_status":"closed","template":"","meta":[],"product_brand":[],"product_cat":[1299],"product_tag":[],"class_list":{"0":"post-37148","1":"product","2":"type-product","3":"status-publish","4":"has-post-thumbnail","6":"product_cat-aquariumfilter","8":"first","9":"instock","10":"shipping-taxable","11":"purchasable","12":"product-type-simple","13":"add-to-wishlist-after_add_to_cart"},"jetpack_sharing_enabled":true,"_links":{"self":[{"href":"https:\/\/www.reefshops.com\/de\/wp-json\/wp\/v2\/product\/37148","targetHints":{"allow":["GET"]}}],"collection":[{"href":"https:\/\/www.reefshops.com\/de\/wp-json\/wp\/v2\/product"}],"about":[{"href":"https:\/\/www.reefshops.com\/de\/wp-json\/wp\/v2\/types\/product"}],"replies":[{"embeddable":true,"href":"https:\/\/www.reefshops.com\/de\/wp-json\/wp\/v2\/comments?post=37148"}],"wp:featuredmedia":[{"embeddable":true,"href":"https:\/\/www.reefshops.com\/de\/wp-json\/wp\/v2\/media\/4565"}],"wp:attachment":[{"href":"https:\/\/www.reefshops.com\/de\/wp-json\/wp\/v2\/media?parent=37148"}],"wp:term":[{"taxonomy":"product_brand","embeddable":true,"href":"https:\/\/www.reefshops.com\/de\/wp-json\/wp\/v2\/product_brand?post=37148"},{"taxonomy":"product_cat","embeddable":true,"href":"https:\/\/www.reefshops.com\/de\/wp-json\/wp\/v2\/product_cat?post=37148"},{"taxonomy":"product_tag","embeddable":true,"href":"https:\/\/www.reefshops.com\/de\/wp-json\/wp\/v2\/product_tag?post=37148"}],"curies":[{"name":"wp","href":"https:\/\/api.w.org\/{rel}","templated":true}]}}