{"id":37214,"date":"2016-09-25T23:28:15","date_gmt":"2016-09-25T23:28:15","guid":{"rendered":"https:\/\/www.reefshops.com\/product\/rs-multifunktionale-aquarienwasserpumpen-rs168b\/"},"modified":"2025-03-16T08:46:35","modified_gmt":"2025-03-16T08:46:35","slug":"rs-multifunktionale-aquarienwasserpumpen-rs168b","status":"publish","type":"product","link":"https:\/\/www.reefshops.com\/de\/produkt\/rs-multifunktionale-aquarienwasserpumpen-rs168b\/","title":{"rendered":"RS Multifunktionale Aquarienwasserpumpen RS168B"},"content":{"rendered":"<article class=\"article richtext richtext-detail AE:disable\" id=\"richTextContainer\">\n<div style=\"clear:both\">\n<p><span style=\"font-family: 'times new roman', times;font-size: 24px\"> RS Multifunktionale Aquarienwasserpumpen RS168B<\/span><br \/><span style=\"font-family: 'times new roman', times;font-size: 24px\">1.Komplett tauchf\u00e4hig,wirtschaftlich,langlebig,sicher und superleise<\/span><\/p>\n<p><span style=\"font-family: 'times new roman', times;font-size: 24px\">2.geeignet f\u00fcr S\u00fc\u00df- und Salzwasser<\/span><\/p>\n<p><span style=\"font-family: 'times new roman', times;font-size: 24px\">3.fit f\u00fcr Aquarien, Springbrunnen und andere dekorative Projekte.<\/span><\/p>\n<p><span style=\"font-family: 'times new roman', times\">4.Verpackung: 40 St\u00fcck pro Karton<\/span><\/p>\n<p><span style=\"font-family: 'times new roman', times\">7.max Jet ist 0,8 m<\/span><\/p>\n<div style=\"clear:both\"><\/article>\n","protected":false},"excerpt":{"rendered":"<p>RS Multifunktionale Aquarienwasserpumpen RS168B<\/p>\n","protected":false},"featured_media":4697,"comment_status":"open","ping_status":"closed","template":"","meta":[],"product_brand":[],"product_cat":[1299],"product_tag":[],"class_list":{"0":"post-37214","1":"product","2":"type-product","3":"status-publish","4":"has-post-thumbnail","6":"product_cat-aquariumfilter","8":"first","9":"instock","10":"shipping-taxable","11":"purchasable","12":"product-type-simple","13":"add-to-wishlist-after_add_to_cart"},"jetpack_sharing_enabled":true,"_links":{"self":[{"href":"https:\/\/www.reefshops.com\/de\/wp-json\/wp\/v2\/product\/37214","targetHints":{"allow":["GET"]}}],"collection":[{"href":"https:\/\/www.reefshops.com\/de\/wp-json\/wp\/v2\/product"}],"about":[{"href":"https:\/\/www.reefshops.com\/de\/wp-json\/wp\/v2\/types\/product"}],"replies":[{"embeddable":true,"href":"https:\/\/www.reefshops.com\/de\/wp-json\/wp\/v2\/comments?post=37214"}],"wp:featuredmedia":[{"embeddable":true,"href":"https:\/\/www.reefshops.com\/de\/wp-json\/wp\/v2\/media\/4697"}],"wp:attachment":[{"href":"https:\/\/www.reefshops.com\/de\/wp-json\/wp\/v2\/media?parent=37214"}],"wp:term":[{"taxonomy":"product_brand","embeddable":true,"href":"https:\/\/www.reefshops.com\/de\/wp-json\/wp\/v2\/product_brand?post=37214"},{"taxonomy":"product_cat","embeddable":true,"href":"https:\/\/www.reefshops.com\/de\/wp-json\/wp\/v2\/product_cat?post=37214"},{"taxonomy":"product_tag","embeddable":true,"href":"https:\/\/www.reefshops.com\/de\/wp-json\/wp\/v2\/product_tag?post=37214"}],"curies":[{"name":"wp","href":"https:\/\/api.w.org\/{rel}","templated":true}]}}