{"id":37285,"date":"2016-09-25T23:28:17","date_gmt":"2016-09-25T23:28:17","guid":{"rendered":"https:\/\/www.reefshops.com\/product\/35-w-atman-superleise-elektrische-aquarium-luftpumpe-ep6500\/"},"modified":"2025-03-16T08:46:52","modified_gmt":"2025-03-16T08:46:52","slug":"35-w-atman-superleise-elektrische-aquarium-luftpumpe-ep6500","status":"publish","type":"product","link":"https:\/\/www.reefshops.com\/de\/produkt\/35-w-atman-superleise-elektrische-aquarium-luftpumpe-ep6500\/","title":{"rendered":"3,5 W Atman superleise elektrische Aquarium-Luftpumpe EP6500"},"content":{"rendered":"<article class=\"article richtext richtext-detail AE:disable\" id=\"richTextContainer\">\n<div style=\"clear:both\">\n<p><span style=\"font-family: 'times new roman', times;font-size: 24px\">3,5 W Atman superleise elektrische Aquarium-Luftpumpe EP6500 <\/span><\/p>\n<p><span style=\"font-family: 'times new roman', times\">1. Verf\u00fcgen \u00fcber ein fortschrittliches Luftkompressionssystem, ein D\u00e4mpfungssystem und einen mehrstufigen Schalld\u00e4mpfer, der extrem ger\u00e4uscharm ist.<\/span><\/p>\n<p><span style=\"font-family: 'times new roman', times;font-size: 24px\">2. Verwenden Sie speziellen Kunstkautschuk, um die Luftleistung und den Luftdruck konstant zu halten.<\/span><\/p>\n<p><span style=\"font-family: 'times new roman', times;font-size: 24px\">3.Die Struktur ist vern\u00fcnftig und kompakt, sie hat eine lange Lebensdauer und erzielt die beste Wirkung bei geringstem Stromverbrauch<\/span><\/p>\n<p><span style=\"font-family: 'times new roman', times;font-size: 24px\">4.zwei Luftausl\u00e4sse<\/span><\/p>\n<p><span style=\"font-family: 'times new roman', times;font-size: 24px\">5.power ist 3,5 W<\/span><\/p>\n<p><span style=\"font-family: 'times new roman', times;font-size: 24px\">6.Der maximale Durchfluss betr\u00e4gt 3*2L\/min<\/span><\/p>\n<div style=\"clear:both\"><\/article>\n","protected":false},"excerpt":{"rendered":"<p>3,5 W Atman superleise elektrische Aquarium-Luftpumpe EP6500<\/p>\n","protected":false},"featured_media":4839,"comment_status":"open","ping_status":"closed","template":"","meta":[],"product_brand":[],"product_cat":[1299],"product_tag":[],"class_list":{"0":"post-37285","1":"product","2":"type-product","3":"status-publish","4":"has-post-thumbnail","6":"product_cat-aquariumfilter","8":"first","9":"instock","10":"shipping-taxable","11":"purchasable","12":"product-type-simple","13":"add-to-wishlist-after_add_to_cart"},"jetpack_sharing_enabled":true,"_links":{"self":[{"href":"https:\/\/www.reefshops.com\/de\/wp-json\/wp\/v2\/product\/37285","targetHints":{"allow":["GET"]}}],"collection":[{"href":"https:\/\/www.reefshops.com\/de\/wp-json\/wp\/v2\/product"}],"about":[{"href":"https:\/\/www.reefshops.com\/de\/wp-json\/wp\/v2\/types\/product"}],"replies":[{"embeddable":true,"href":"https:\/\/www.reefshops.com\/de\/wp-json\/wp\/v2\/comments?post=37285"}],"wp:featuredmedia":[{"embeddable":true,"href":"https:\/\/www.reefshops.com\/de\/wp-json\/wp\/v2\/media\/4839"}],"wp:attachment":[{"href":"https:\/\/www.reefshops.com\/de\/wp-json\/wp\/v2\/media?parent=37285"}],"wp:term":[{"taxonomy":"product_brand","embeddable":true,"href":"https:\/\/www.reefshops.com\/de\/wp-json\/wp\/v2\/product_brand?post=37285"},{"taxonomy":"product_cat","embeddable":true,"href":"https:\/\/www.reefshops.com\/de\/wp-json\/wp\/v2\/product_cat?post=37285"},{"taxonomy":"product_tag","embeddable":true,"href":"https:\/\/www.reefshops.com\/de\/wp-json\/wp\/v2\/product_tag?post=37285"}],"curies":[{"name":"wp","href":"https:\/\/api.w.org\/{rel}","templated":true}]}}