{"id":37403,"date":"2016-09-25T23:28:19","date_gmt":"2016-09-25T23:28:19","guid":{"rendered":"https:\/\/www.reefshops.com\/product\/200-w-atman-zier-aquawasserpumpe-md-15000-motor-und-pumpe-sind-optimal-auf-gute-leistung-und-hohe-effizienz-ausgelegt\/"},"modified":"2025-03-16T08:47:21","modified_gmt":"2025-03-16T08:47:21","slug":"200-w-atman-zier-aquawasserpumpe-md-15000-motor-und-pumpe-sind-optimal-auf-gute-leistung-und-hohe-effizienz-ausgelegt","status":"publish","type":"product","link":"https:\/\/www.reefshops.com\/de\/produkt\/200-w-atman-zier-aquawasserpumpe-md-15000-motor-und-pumpe-sind-optimal-auf-gute-leistung-und-hohe-effizienz-ausgelegt\/","title":{"rendered":"200 W Atman Zier-Aquawasserpumpe MD-15000 Motor und Pumpe sind optimal auf gute Leistung und hohe Effizienz ausgelegt"},"content":{"rendered":"<article class=\"article richtext richtext-detail AE:disable\" id=\"richTextContainer\">\n<h2 class=\"article-title\">Spezifikationen<\/h2>\n<div style=\"clear:both\"> 200 W Atman Zier-Aquawasserpumpe <br \/>1 Motor und Pumpe sind optimal auf gute Leistung und hohe Effizienz ausgelegt <br \/>2 einfache Einrichtung <\/p>\n<div style=\"clear:both\">\n<p>200W Atman Zier-Aquawasserpumpe<\/p>\n<p>1.Der Motor und die Pumpe sind optimal auf gute Leistung und hohe Effizienz ausgelegt<\/p>\n<p>2.Spiralpropeller erm\u00f6glichen eine Schmutzpartikelgr\u00f6\u00dfe von bis zu 6 mm.<\/p>\n<p>3.Keramiklager f\u00fcr sicheren Betrieb und geringere Ger\u00e4uschentwicklung.<\/p>\n<p>4.Einfache Einrichtung und Wartung.<\/p>\n<p>5.Parameter( 220V~240V 50Hz)<\/p>\n<p>6. Die vordere Abdeckung kann als Filter dienen und l\u00e4sst sich leicht abnehmen.<\/p>\n<\/p>\n<div style=\"clear:both\"><\/article>\n","protected":false},"excerpt":{"rendered":"<p>200 W Atman Zier-Aquawasserpumpe MD-15000 Motor und Pumpe sind optimal auf gute Leistung und hohe Effizienz ausgelegt<\/p>\n","protected":false},"featured_media":5073,"comment_status":"open","ping_status":"closed","template":"","meta":[],"product_brand":[],"product_cat":[1377],"product_tag":[],"class_list":{"0":"post-37403","1":"product","2":"type-product","3":"status-publish","4":"has-post-thumbnail","6":"product_cat-wasserpumpen-kraftkopfe","8":"first","9":"instock","10":"shipping-taxable","11":"purchasable","12":"product-type-simple","13":"add-to-wishlist-after_add_to_cart"},"jetpack_sharing_enabled":true,"_links":{"self":[{"href":"https:\/\/www.reefshops.com\/de\/wp-json\/wp\/v2\/product\/37403","targetHints":{"allow":["GET"]}}],"collection":[{"href":"https:\/\/www.reefshops.com\/de\/wp-json\/wp\/v2\/product"}],"about":[{"href":"https:\/\/www.reefshops.com\/de\/wp-json\/wp\/v2\/types\/product"}],"replies":[{"embeddable":true,"href":"https:\/\/www.reefshops.com\/de\/wp-json\/wp\/v2\/comments?post=37403"}],"wp:featuredmedia":[{"embeddable":true,"href":"https:\/\/www.reefshops.com\/de\/wp-json\/wp\/v2\/media\/5073"}],"wp:attachment":[{"href":"https:\/\/www.reefshops.com\/de\/wp-json\/wp\/v2\/media?parent=37403"}],"wp:term":[{"taxonomy":"product_brand","embeddable":true,"href":"https:\/\/www.reefshops.com\/de\/wp-json\/wp\/v2\/product_brand?post=37403"},{"taxonomy":"product_cat","embeddable":true,"href":"https:\/\/www.reefshops.com\/de\/wp-json\/wp\/v2\/product_cat?post=37403"},{"taxonomy":"product_tag","embeddable":true,"href":"https:\/\/www.reefshops.com\/de\/wp-json\/wp\/v2\/product_tag?post=37403"}],"curies":[{"name":"wp","href":"https:\/\/api.w.org\/{rel}","templated":true}]}}