{"id":37430,"date":"2016-09-25T23:28:21","date_gmt":"2016-09-25T23:28:21","guid":{"rendered":"https:\/\/www.reefshops.com\/product\/sunsun-externe-elektrische-kreiselwasser-teichpumpe-hzs-750\/"},"modified":"2025-03-16T08:47:29","modified_gmt":"2025-03-16T08:47:29","slug":"sunsun-externe-elektrische-kreiselwasser-teichpumpe-hzs-750","status":"publish","type":"product","link":"https:\/\/www.reefshops.com\/de\/produkt\/sunsun-externe-elektrische-kreiselwasser-teichpumpe-hzs-750\/","title":{"rendered":"SUNSUN Externe elektrische Kreiselwasser-Teichpumpe HZS-750"},"content":{"rendered":"<div style=\"clear:both\"><\/div>\n<p><span style=\"color:#000000\"><strong><span style=\"font-size:32px\">SUNSUN Externe elektrische Kreiselwasser-Teichpumpe HZS-750<\/span><\/strong><\/span><\/p>\n<\/p>\n<p><strong><span style=\"font-size:24px;color:#ff6600\">1.\u00dcber uns<\/span><\/strong><\/p>\n<p><span style=\"font-family:arial,helvetica,sans-serif\"><strong><span style=\"font-size:18px\">SUNSUN wurde 1985 gegr\u00fcndet und ist der gr\u00f6\u00dfte Hersteller von Wassersportausr\u00fcstung<\/span><\/strong><\/span><\/p>\n<p><span style=\"font-family:arial,helvetica,sans-serif\"><strong><span style=\"font-size:18px\"><img loading=\"lazy\" decoding=\"async\" alt=\"SUNSUN Externe elektrische Kreiselwasser-Teichpumpe HZS-750\" src=\"http:\/\/localhost\/media\/import\/detail\/687761130_255.jpg\" width=\"602\" height=\"462\"><\/span><\/strong><\/span><\/p>\n<\/p>\n<p><span style=\"font-size:24px;font-family:arial,helvetica,sans-serif;color:#ff6600\"><strong>2.Produktbeschreibung<\/strong><\/span><\/p>\n<p><span style=\"font-size:18px\">Diese Kreiselwasserteichpumpe ist f\u00fcr den Einsatz in geeignet alle gro\u00dfen Teiche und Pools.<\/span><\/p>\n<\/p>\n<p><strong><span style=\"font-size:24px;color:#ff6600\">3.Die Zentrifugalwasserteichpumpe zeigt<\/span><\/strong><\/p>\n<\/p>\n<p><img decoding=\"async\" alt=\"SUNSUN Externe elektrische Kreiselwasserteichpumpe HZS-750\" src=\"http:\/\/localhost\/media\/import\/detail\/792502425_282.jpg\"><\/p>\n<\/p>\n<p><img loading=\"lazy\" decoding=\"async\" alt=\"SUNSUN Externe elektrische Kreiselwasser-Teichpumpe HZS-750\" src=\"http:\/\/localhost\/media\/import\/detail\/756372549_965.jpg\" width=\"600\" height=\"600\"><img loading=\"lazy\" decoding=\"async\" alt=\"SUNSUN Externe elektrische Kreiselwasserteichpumpe HZS-750\" src=\"http:\/\/localhost\/media\/import\/detail\/756372555_390.jpg\" width=\"600\" height=\"600\"><img loading=\"lazy\" decoding=\"async\" alt=\"SUNSUN Externe elektrische Kreiselwasserteichpumpe HZS-750\" src=\"http:\/\/localhost\/media\/import\/detail\/756366830_577.jpg\" width=\"600\" height=\"600\"><img decoding=\"async\" alt=\"SUNSUN Externe elektrische Kreiselwasserteichpumpe HZS-750\" src=\"http:\/\/localhost\/media\/import\/detail\/757559998_504.jpg\"> <\/p>\n<p><span style=\"font-size:18px\"><img loading=\"lazy\" decoding=\"async\" alt=\"SUNSUN Externe elektrische Kreiselwasser-Teichpumpe HZS-750\" src=\"http:\/\/localhost\/media\/import\/detail\/541036992_984.jpg\" width=\"590\" height=\"266\"><\/span><\/p>\n<\/p>\n<p><strong><span style=\"font-size:24px;color:#ff6600\">4.Zertifizierungen<\/span><\/strong><\/p>\n<p><strong><span style=\"font-size:24px;color:#ff6600\"><img loading=\"lazy\" decoding=\"async\" alt=\"SUNSUN Externe elektrische Kreiselwasser-Teichpumpe HZS-750\" src=\"http:\/\/localhost\/media\/import\/detail\/687552450_998.jpg\" width=\"605\" height=\"147\"><\/span><\/strong><\/p>\n<p><strong><span style=\"font-size:24px;color:#ff6600\">5.Showcase Zimmer<\/span><\/strong><\/p>\n<p><strong><span style=\"font-size:24px;color:#ff6600\"><img loading=\"lazy\" decoding=\"async\" alt=\"SUNSUN Externe elektrische Kreiselwasser-Teichpumpe HZS-750\" src=\"http:\/\/localhost\/media\/import\/detail\/557599815_717.JPG\" width=\"600\" height=\"531\"><\/span><\/strong><\/p>\n<\/p>\n<\/p>\n<\/p>\n<div style=\"clear:both\"><\/div>\n","protected":false},"excerpt":{"rendered":"<p>SUNSUN Externe elektrische Kreiselwasser-Teichpumpe HZS-750<\/p>\n","protected":false},"featured_media":5128,"comment_status":"open","ping_status":"closed","template":"","meta":[],"product_brand":[],"product_cat":[1377],"product_tag":[],"class_list":{"0":"post-37430","1":"product","2":"type-product","3":"status-publish","4":"has-post-thumbnail","6":"product_cat-wasserpumpen-kraftkopfe","8":"first","9":"instock","10":"shipping-taxable","11":"purchasable","12":"product-type-simple","13":"add-to-wishlist-after_add_to_cart"},"jetpack_sharing_enabled":true,"_links":{"self":[{"href":"https:\/\/www.reefshops.com\/de\/wp-json\/wp\/v2\/product\/37430","targetHints":{"allow":["GET"]}}],"collection":[{"href":"https:\/\/www.reefshops.com\/de\/wp-json\/wp\/v2\/product"}],"about":[{"href":"https:\/\/www.reefshops.com\/de\/wp-json\/wp\/v2\/types\/product"}],"replies":[{"embeddable":true,"href":"https:\/\/www.reefshops.com\/de\/wp-json\/wp\/v2\/comments?post=37430"}],"wp:featuredmedia":[{"embeddable":true,"href":"https:\/\/www.reefshops.com\/de\/wp-json\/wp\/v2\/media\/5128"}],"wp:attachment":[{"href":"https:\/\/www.reefshops.com\/de\/wp-json\/wp\/v2\/media?parent=37430"}],"wp:term":[{"taxonomy":"product_brand","embeddable":true,"href":"https:\/\/www.reefshops.com\/de\/wp-json\/wp\/v2\/product_brand?post=37430"},{"taxonomy":"product_cat","embeddable":true,"href":"https:\/\/www.reefshops.com\/de\/wp-json\/wp\/v2\/product_cat?post=37430"},{"taxonomy":"product_tag","embeddable":true,"href":"https:\/\/www.reefshops.com\/de\/wp-json\/wp\/v2\/product_tag?post=37430"}],"curies":[{"name":"wp","href":"https:\/\/api.w.org\/{rel}","templated":true}]}}