{"id":37493,"date":"2016-09-25T23:28:23","date_gmt":"2016-09-25T23:28:23","guid":{"rendered":"https:\/\/www.reefshops.com\/product\/sunsun-ce-gs-langlebige-40-w-gartenteichleuchte-cuv-540\/"},"modified":"2025-03-16T08:47:44","modified_gmt":"2025-03-16T08:47:44","slug":"sunsun-ce-gs-langlebige-40-w-gartenteichleuchte-cuv-540","status":"publish","type":"product","link":"https:\/\/www.reefshops.com\/de\/produkt\/sunsun-ce-gs-langlebige-40-w-gartenteichleuchte-cuv-540\/","title":{"rendered":"SUNSUN CE\/GS langlebige 40-W-Gartenteichleuchte CUV-540"},"content":{"rendered":"<div style=\"clear:both\"><\/div>\n<p style=\"text-align:center\"> <strong><span style=\"font-size:18pt;font-family:'Comic Sans MS';color:#ff9900\">Unser SUNSUN-Versprechen:<\/span><\/strong> <\/p>\n<p style=\"text-align:left\">\n<p align=\"center\"><span style=\"font-size:18pt;font-family:'Comic Sans MS';color:green\">1. Bei allen Produkten handelt es sich um SUNSUN-Originalprodukte<\/span><\/p>\n<p style=\"text-align:left\">\n<p align=\"center\"><span style=\"font-size:18pt;font-family:'Comic Sans MS';color:green\">2. Garantie: ein Jahr<\/span> <\/p>\n<p style=\"text-align:left\">\n<p align=\"center\"><span style=\"font-size:18pt;font-family:'Comic Sans MS';color:green\">3. SUNSUN Packing<\/span><\/p>\n<p style=\"text-align:left\">\n<p align=\"center\"><span style=\"font-size:18pt;font-family:'Comic Sans MS'\">&#8230;&#8230;&#8230;&#8230;&#8230;&#8230;&#8230;&#8230;&#8230;&#8230;&#8230;&#8230;&#8230;&#8230;&#8230;&#8230;&#8230;&#8230;&#8230;&#8230;&#8230;&#8230;&#8230;&#8230;&#8230;&#8230;..<\/span><\/p>\n<p align=\"center\">\n<p align=\"center\"><span style=\"font-size:24px;font-family:'Comic Sans MS';background-color:#ffff00\"><span style=\"color:#33cccc\"><em> SUNSUN CE\/GS 40-W-Gartenteichleuchte mit langer Lebensdauer <\/em><\/span><\/span><strong><\/strong> <\/p>\n<p style=\"text-align:left\"><strong><\/strong> <\/p>\n<p style=\"text-align:left\"><strong><span style=\"font-size:18px;color:#ff9900\">1. Produktbeschreibung<\/span><\/strong><\/p>\n<p style=\"text-align:left\">\n<p style=\"text-align:left\">\n<p style=\"text-align:left\"><span style=\"font-size:14px;font-family:comic sans ms,sans-serif;color:#000000\">1. Es wird verwendet, um ein Schl\u00fcsselelement eines Klarwassersystems zu bilden. Durch das UV-Licht verklumpen (ausflocken) Algen (gr\u00fcnes Wasser), sodass sie vom Filter aus dem Wasser gesiebt werden k\u00f6nnen.<\/span> <\/span> <\/span><\/p>\n<p style=\"text-align:left\">\n<p style=\"text-align:left\"><span style=\"font-size:14px;font-family:comic sans ms,sans-serif\"><span style=\"color:#000000\">2. Die Innenseite aus Edelstahl reflektiert die UV-C-Strahlung, was die Effizienz <\/span><span style=\"color:#000000\">um bis zu 30 % steigert. Dar\u00fcber hinaus sch\u00fctzt dieser Edelstahl-Innenraum <\/span><span style=\"color:#000000\">das Kunststoffgeh\u00e4use vor der UV-C-Strahlung.<\/span><\/span><\/p>\n<p style=\"text-align:left\">\n<p style=\"text-align:left\">\n<p style=\"text-align:left\"><span style=\"font-size:14px;font-family:comic sans ms,sans-serif;color:#000000\">3. Einfaches Abschrauben und L\u00f6sen f\u00fcr die Wartung von Gl\u00fchbirnen\/Quarzglas. <\/span><span style=\"color:#000000\"> <\/span><\/p>\n<p style=\"text-align:left\">\n<p style=\"text-align:left\"><span style=\"font-size:14px;font-family:comic sans ms,sans-serif\"><span style=\"color:#000000\">4. Mit speziellem Anschlussdesign k\u00f6nnen diese UV-C-Ger\u00e4te maximal <\/span><span style=\"color:#000000\">10 Meter unter Wasserdruck betrieben werden.<\/span><\/span><\/p>\n<p style=\"text-align:left\">\n<p style=\"text-align:left\"><strong><\/strong> <\/p>\n<p><strong><span style=\"font-size:18px;font-family:comic sans ms,sans-serif;color:#ff9900;background-color:#ffffff\">2. Details zur Gartenteichleuchte CUV-540 <\/span><\/strong> <\/p>\n<\/p>\n<table class=\"aliDataTable\" cellpadding=\"0\" border=\"1\">\n<tbody>\n<tr align=\"left\">\n<td style=\"background:silver;text-align:center;width:68.4pt\" valign=\"top\">\n<p><span style=\"font-size:12px;font-family:arial,helvetica,sans-serif\">Modell<\/span><\/p>\n<\/td>\n<td style=\"background:silver;text-align:center;width:54pt\" valign=\"top\">\n<p><span style=\"font-size:12px;font-family:arial,helvetica,sans-serif\">CUV-515<\/span><\/p>\n<\/td>\n<td style=\"background:silver;text-align:center;width:54pt\" valign=\"top\">\n<p><span style=\"font-size:12px;font-family:arial,helvetica,sans-serif\">CUV-528<\/span><\/p>\n<\/td>\n<td style=\"background:silver;text-align:center;width:54pt\" valign=\"top\">\n<p><span style=\"font-size:12px;font-family:arial,helvetica,sans-serif\">CUV-540<\/span><\/p>\n<\/td>\n<td style=\"background:silver;text-align:center;width:54pt\" valign=\"top\">\n<p><span style=\"font-size:12px;font-family:arial,helvetica,sans-serif\">CUV-618<\/span><\/p>\n<\/td>\n<td style=\"background:silver;text-align:center;width:56.8pt\" valign=\"top\">\n<p><span style=\"font-size:12px;font-family:arial,helvetica,sans-serif\">CUV-624<\/span><\/p>\n<\/td>\n<td style=\"background:silver;text-align:center;width:54pt\" valign=\"top\">\n<p><span style=\"font-size:12px;font-family:arial,helvetica,sans-serif\">CUV-636<\/span><\/p>\n<\/td>\n<td style=\"background:silver;text-align:center;width:54pt\" valign=\"top\">\n<p><span style=\"font-size:12px;font-family:arial,helvetica,sans-serif\">CUV-655<\/span><\/p>\n<\/td>\n<td style=\"background:silver;text-align:center;width:63pt\" valign=\"top\">\n<p><span style=\"font-size:12px;font-family:arial,helvetica,sans-serif\">CUV-695<\/span><\/p>\n<\/td>\n<\/tr>\n<tr style=\"height:21.5pt\" align=\"left\">\n<td style=\"text-align:center\" valign=\"top\">\n<p><span style=\"font-size:12px;font-family:arial,helvetica,sans-serif\">UV-C-Leistung (W)<\/span><\/p>\n<\/td>\n<td style=\"text-align:center\" valign=\"top\">\n<p><span style=\"font-size:12px;font-family:arial,helvetica,sans-serif\">15<\/span><\/p>\n<\/td>\n<td style=\"text-align:center\" valign=\"top\">\n<p><span style=\"font-size:12px;font-family:arial,helvetica,sans-serif\">28<\/span><\/p>\n<\/td>\n<td style=\"text-align:center\" valign=\"top\">\n<p><span style=\"font-size:12px;font-family:arial,helvetica,sans-serif\">40<\/span><\/p>\n<\/td>\n<td style=\"text-align:center\" valign=\"top\">\n<p><span style=\"font-size:12px;font-family:arial,helvetica,sans-serif\">18<\/span><\/p>\n<\/td>\n<td style=\"text-align:center\" valign=\"top\">\n<p><span style=\"font-size:12px;font-family:arial,helvetica,sans-serif\">24<\/span><\/p>\n<\/td>\n<td style=\"text-align:center\" valign=\"top\">\n<p><span style=\"font-size:12px;font-family:arial,helvetica,sans-serif\">36<\/span><\/p>\n<\/td>\n<td style=\"text-align:center\" valign=\"top\">\n<p><span style=\"font-size:12px;font-family:arial,helvetica,sans-serif\">55<\/span><\/p>\n<\/td>\n<td style=\"text-align:center\" valign=\"top\">\n<p><span style=\"font-size:12px;font-family:arial,helvetica,sans-serif\">95<\/span><\/p>\n<\/td>\n<\/tr>\n<tr align=\"left\">\n<td style=\"background:silver;text-align:center\" valign=\"top\">\n<p><span style=\"font-size:12px;font-family:arial,helvetica,sans-serif\">UV-C(%) Stunden<\/span><\/p>\n<\/td>\n<td style=\"background:silver;text-align:center\" valign=\"top\">\n<p><span style=\"font-size:12px;font-family:arial,helvetica,sans-serif\">8000<\/span><\/p>\n<\/td>\n<td style=\"background:silver;text-align:center\" valign=\"top\">\n<p><span style=\"font-size:12px;font-family:arial,helvetica,sans-serif\">8000<\/span><\/p>\n<\/td>\n<td style=\"background:silver;text-align:center\" valign=\"top\">\n<p><span style=\"font-size:12px;font-family:arial,helvetica,sans-serif\">8000<\/span><\/p>\n<\/td>\n<td style=\"background:silver;text-align:center\" valign=\"top\">\n<p><span style=\"font-size:12px;font-family:arial,helvetica,sans-serif\">8000<\/span><\/p>\n<\/td>\n<td style=\"background:silver;text-align:center\" valign=\"top\">\n<p><span style=\"font-size:12px;font-family:arial,helvetica,sans-serif\">8000<\/span><\/p>\n<\/td>\n<td style=\"background:silver;text-align:center\" valign=\"top\">\n<p><span style=\"font-size:12px;font-family:arial,helvetica,sans-serif\">8000<\/span><\/p>\n<\/td>\n<td style=\"background:silver;text-align:center\" valign=\"top\">\n<p><span style=\"font-size:12px;font-family:arial,helvetica,sans-serif\">8000<\/span><\/p>\n<\/td>\n<td style=\"background:silver;text-align:center\" valign=\"top\">\n<p><span style=\"font-size:12px;font-family:arial,helvetica,sans-serif\">8000<\/span><\/p>\n<\/td>\n<\/tr>\n<tr style=\"height:21.55pt\" align=\"left\">\n<td style=\"text-align:center\" valign=\"top\">\n<p><span style=\"font-size:12px;font-family:arial,helvetica,sans-serif\">Kapazit\u00e4t (L)<\/span><\/p>\n<\/td>\n<td style=\"text-align:center\" valign=\"top\">\n<p><span style=\"font-size:12px;font-family:arial,helvetica,sans-serif\">25000<\/span><\/p>\n<\/td>\n<td style=\"text-align:center\" valign=\"top\">\n<p><span style=\"font-size:12px;font-family:arial,helvetica,sans-serif\">45000<\/span><\/p>\n<\/td>\n<td style=\"text-align:center\" valign=\"top\">\n<p><span style=\"font-size:12px;font-family:arial,helvetica,sans-serif\">60000<\/span><\/p>\n<\/td>\n<td style=\"text-align:center\" valign=\"top\">\n<p><span style=\"font-size:12px;font-family:arial,helvetica,sans-serif\">25000<\/span><\/p>\n<\/td>\n<td style=\"text-align:center\" valign=\"top\">\n<p><span style=\"font-size:12px;font-family:arial,helvetica,sans-serif\">40000<\/span><\/p>\n<\/td>\n<td style=\"text-align:center\" valign=\"top\">\n<p><span style=\"font-size:12px;font-family:arial,helvetica,sans-serif\">55000<\/span><\/p>\n<\/td>\n<td style=\"text-align:center\" valign=\"top\">\n<p><span style=\"font-size:12px;font-family:arial,helvetica,sans-serif\">65000<\/span><\/p>\n<\/td>\n<td style=\"text-align:center\" valign=\"top\">\n<p><span style=\"font-size:12px;font-family:arial,helvetica,sans-serif\">80000<\/span><\/p>\n<\/td>\n<\/tr>\n<tr align=\"left\">\n<td style=\"background:silver;text-align:center\" valign=\"top\">\n<p><span style=\"font-size:12px;font-family:arial,helvetica,sans-serif\">Max. Druck (bar)<\/span><\/p>\n<\/td>\n<td style=\"background:silver;text-align:center\" valign=\"top\">\n<p><span style=\"font-size:12px;font-family:arial,helvetica,sans-serif\">1.0<\/span><\/p>\n<\/td>\n<td style=\"background:silver;text-align:center\" valign=\"top\">\n<p><span style=\"font-size:12px;font-family:arial,helvetica,sans-serif\">1.0<\/span><\/p>\n<\/td>\n<td style=\"background:silver;text-align:center\" valign=\"top\">\n<p><span style=\"font-size:12px;font-family:arial,helvetica,sans-serif\">1.0<\/span><\/p>\n<\/td>\n<td style=\"background:silver;text-align:center\" valign=\"top\">\n<p><span style=\"font-size:12px;font-family:arial,helvetica,sans-serif\">1.0<\/span><\/p>\n<\/td>\n<td style=\"background:silver;text-align:center\" valign=\"top\">\n<p><span style=\"font-size:12px;font-family:arial,helvetica,sans-serif\">1.0<\/span><\/p>\n<\/td>\n<td style=\"background:silver;text-align:center\" valign=\"top\">\n<p><span style=\"font-size:12px;font-family:arial,helvetica,sans-serif\">1.0<\/span><\/p>\n<\/td>\n<td style=\"background:silver;text-align:center\" valign=\"top\">\n<p><span style=\"font-size:12px;font-family:arial,helvetica,sans-serif\">1.0<\/span><\/p>\n<\/td>\n<td style=\"background:silver;text-align:center\" valign=\"top\">\n<p><span style=\"font-size:12px;font-family:arial,helvetica,sans-serif\">1.0<\/span><\/p>\n<\/td>\n<\/tr>\n<tr style=\"height:29.65pt\" align=\"left\">\n<td style=\"text-align:center\" valign=\"top\">\n<p><span style=\"font-size:12px;font-family:arial,helvetica,sans-serif\">Through Flow(L\/h)<\/span><\/p>\n<\/td>\n<td style=\"text-align:center\" valign=\"top\">\n<p><span style=\"font-size:12px;font-family:arial,helvetica,sans-serif\">3000<\/span><\/p>\n<\/td>\n<td style=\"text-align:center\" valign=\"top\">\n<p><span style=\"font-size:12px;font-family:arial,helvetica,sans-serif\">5000<\/span><\/p>\n<\/td>\n<td style=\"text-align:center\" valign=\"top\">\n<p><span style=\"font-size:12px;font-family:arial,helvetica,sans-serif\">7000<\/span><\/p>\n<\/td>\n<td style=\"text-align:center\" valign=\"top\">\n<p><span style=\"font-size:12px;font-family:arial,helvetica,sans-serif\">3000<\/span><\/p>\n<\/td>\n<td style=\"text-align:center\" valign=\"top\">\n<p><span style=\"font-size:12px;font-family:arial,helvetica,sans-serif\">5000<\/span><\/p>\n<\/td>\n<td style=\"text-align:center\" valign=\"top\">\n<p><span style=\"font-size:12px;font-family:arial,helvetica,sans-serif\">7000<\/span><\/p>\n<\/td>\n<td style=\"text-align:center\" valign=\"top\">\n<p><span style=\"font-size:12px;font-family:arial,helvetica,sans-serif\">8000<\/span><\/p>\n<\/td>\n<td style=\"text-align:center\" valign=\"top\">\n<p><span style=\"font-size:12px;font-family:arial,helvetica,sans-serif\">8000<\/span><\/p>\n<\/td>\n<\/tr>\n<tr align=\"left\">\n<td style=\"background:silver;text-align:center\" valign=\"top\">\n<p><span style=\"font-size:12px;font-family:arial,helvetica,sans-serif\">Kabell\u00e4nge<\/span><\/p>\n<\/td>\n<td style=\"background:silver;text-align:center\" valign=\"top\">\n<p><span style=\"font-size:12px;font-family:arial,helvetica,sans-serif\">5m<\/span><\/p>\n<\/td>\n<td style=\"background:silver;text-align:center\" valign=\"top\">\n<p><span style=\"font-size:12px;font-family:arial,helvetica,sans-serif\">5m<\/span><\/p>\n<\/td>\n<td style=\"background:silver;text-align:center\" valign=\"top\">\n<p><span style=\"font-size:12px;font-family:arial,helvetica,sans-serif\">5m <\/span><\/p>\n<\/td>\n<td style=\"background:silver;text-align:center\" valign=\"top\">\n<p><span style=\"font-size:12px;font-family:arial,helvetica,sans-serif\">5m<\/span><\/p>\n<\/td>\n<td style=\"background:silver;text-align:center\" valign=\"top\">\n<p><span style=\"font-size:12px;font-family:arial,helvetica,sans-serif\">5m<\/span><\/p>\n<\/td>\n<td style=\"background:silver;text-align:center\" valign=\"top\">\n<p><span style=\"font-size:12px;font-family:arial,helvetica,sans-serif\">5m<\/span><\/p>\n<\/td>\n<td style=\"background:silver;text-align:center\" valign=\"top\">\n<p><span style=\"font-size:12px;font-family:arial,helvetica,sans-serif\">5m<\/span><\/p>\n<\/td>\n<td style=\"background:silver;text-align:center\" valign=\"top\">\n<p><span style=\"font-size:12px;font-family:arial,helvetica,sans-serif\">5m<\/span><\/p>\n<\/td>\n<\/tr>\n<\/tbody>\n<\/table>\n<p><img loading=\"lazy\" decoding=\"async\" alt=\"SUNSUN CE\/GS langlebige 40-W-Gartenteichleuchte\" src=\"http:\/\/localhost\/media\/import\/detail\/709019215_916.jpg\" width=\"600\" height=\"600\"><\/p>\n<\/p>\n<div style=\"clear:both\"><\/div>\n","protected":false},"excerpt":{"rendered":"<p>SUNSUN CE\/GS langlebige 40-W-Gartenteichleuchte CUV-540<\/p>\n","protected":false},"featured_media":5254,"comment_status":"open","ping_status":"closed","template":"","meta":[],"product_brand":[],"product_cat":[1299],"product_tag":[],"class_list":{"0":"post-37493","1":"product","2":"type-product","3":"status-publish","4":"has-post-thumbnail","6":"product_cat-aquariumfilter","8":"first","9":"instock","10":"shipping-taxable","11":"purchasable","12":"product-type-simple","13":"add-to-wishlist-after_add_to_cart"},"jetpack_sharing_enabled":true,"_links":{"self":[{"href":"https:\/\/www.reefshops.com\/de\/wp-json\/wp\/v2\/product\/37493","targetHints":{"allow":["GET"]}}],"collection":[{"href":"https:\/\/www.reefshops.com\/de\/wp-json\/wp\/v2\/product"}],"about":[{"href":"https:\/\/www.reefshops.com\/de\/wp-json\/wp\/v2\/types\/product"}],"replies":[{"embeddable":true,"href":"https:\/\/www.reefshops.com\/de\/wp-json\/wp\/v2\/comments?post=37493"}],"wp:featuredmedia":[{"embeddable":true,"href":"https:\/\/www.reefshops.com\/de\/wp-json\/wp\/v2\/media\/5254"}],"wp:attachment":[{"href":"https:\/\/www.reefshops.com\/de\/wp-json\/wp\/v2\/media?parent=37493"}],"wp:term":[{"taxonomy":"product_brand","embeddable":true,"href":"https:\/\/www.reefshops.com\/de\/wp-json\/wp\/v2\/product_brand?post=37493"},{"taxonomy":"product_cat","embeddable":true,"href":"https:\/\/www.reefshops.com\/de\/wp-json\/wp\/v2\/product_cat?post=37493"},{"taxonomy":"product_tag","embeddable":true,"href":"https:\/\/www.reefshops.com\/de\/wp-json\/wp\/v2\/product_tag?post=37493"}],"curies":[{"name":"wp","href":"https:\/\/api.w.org\/{rel}","templated":true}]}}