{"id":37500,"date":"2016-09-25T23:28:23","date_gmt":"2016-09-25T23:28:23","guid":{"rendered":"https:\/\/www.reefshops.com\/product\/sunsun-ce-gs-langlebiges-24-w-uv-gartenlicht\/"},"modified":"2025-03-16T08:47:46","modified_gmt":"2025-03-16T08:47:46","slug":"sunsun-ce-gs-langlebiges-24-w-uv-gartenlicht","status":"publish","type":"product","link":"https:\/\/www.reefshops.com\/de\/produkt\/sunsun-ce-gs-langlebiges-24-w-uv-gartenlicht\/","title":{"rendered":"SUNSUN CE\/GS langlebiges 24-W-UV-Gartenlicht"},"content":{"rendered":"<div style=\"clear:both\"><\/div>\n<p style=\"text-align:center\">\n<div id=\"ali-anchor-AliPostDhMb-lgcwa\" style=\"padding-top:8px\" data-section-title=\"name\" data-section=\"AliPostDhMb-lgcwa\">\n<div id=\"ali-title-AliPostDhMb-lgcwa\" style=\"border-bottom:#ddd 1px solid;padding-bottom:8px;padding-top:8px;padding-left:0px;padding-right:0px\"><span style=\"font-weight:bold;color:#333;padding-bottom:8px;padding-top:8px;padding-left:10px;line-height:12px;padding-right:10px;background-color:#ddd\">name<\/span><\/div>\n<div style=\"padding-bottom:10px;padding-top:10px;padding-left:0px;padding-right:0px\">\n<p style=\"text-align:center\"><img decoding=\"async\" alt=\"SUNSUN CE\/GS Long Life Time 24W Garden Ultraviolet Light\" src=\"http:\/\/localhost\/media\/import\/detail\/HTB11qiMJVXXXXXWXVXXq6xXFXXXQ.jpg\"><span style=\"font-size:24px\"> <strong><span style=\"font-family:arial, helvetica, sans-serif\">SUNSUN CE\/GS langlebiges 24-W-UV-Gartenlicht<\/span><\/strong><\/span><\/p>\n<\/div>\n<\/div>\n<p style=\"text-align:left\">\n<div id=\"ali-anchor-AliPostDhMb-6sn14\" style=\"padding-top:8px\" data-section-title=\"Produktbeschreibung\" data-section=\"AliPostDhMb-6sn14\">\n<div id=\"ali-title-AliPostDhMb-6sn14\" style=\"border-bottom:#ddd 1px solid;padding-bottom:8px;padding-top:8px;padding-left:0px;padding-right:0px\"><span style=\"font-weight:bold;color:#333;padding-bottom:8px;padding-top:8px;padding-left:10px;line-height:12px;padding-right:10px;background-color:#ddd\">Produktbeschreibung<\/span><\/div>\n<div style=\"padding-bottom:10px;padding-top:10px;padding-left:0px;padding-right:0px\">\n<p><span style=\"font-size:18px;font-family:arial, helvetica, sans-serif;color:#000000;background-color:#ffff00\"><strong>1. Garden Ultraviolet Light Produktbeschreibung:<\/strong><\/span><\/p>\n<\/div>\n<\/div>\n<p style=\"text-align:left\"><span style=\"font-size:14px;font-family:arial, helvetica, sans-serif\">1. Es wird als Schl\u00fcsselelement eines Klarwassersystems verwendet. Durch das UV-Licht verklumpen (ausflocken) Algen (gr\u00fcnes Wasser), sodass sie vom Filter aus dem Wasser gesiebt werden k\u00f6nnen.<\/span> <\/span><\/p>\n<p style=\"text-align:left\"><span style=\"font-size:14px;font-family:arial, helvetica, sans-serif\"> <\/span><\/p>\n<p style=\"text-align:left\"><span style=\"font-size:14px;font-family:arial, helvetica, sans-serif\"><span style=\"color:#000000\">2. Die Innenseite aus Edelstahl reflektiert die UV-C-Strahlung, was die Effizienz <\/span><span style=\"color:#000000\">um bis zu 30 % steigert. Dar\u00fcber hinaus sch\u00fctzt diese Edelstahl-Innenseite den Kunststoffk\u00f6rper vor der UV-C-Strahlung.<\/span><\/span><\/p>\n<p style=\"text-align:left\"><span style=\"font-size:14px;font-family:arial, helvetica, sans-serif\"> <\/span><\/p>\n<p style=\"text-align:left\"><span style=\"color:#000000\">3. Einfache Abschraubl\u00f6sung f\u00fcr die Wartung von Gl\u00fchbirnen\/Quarzglas. <\/span><span style=\"color:#000000\"> <\/span><\/p>\n<p style=\"text-align:left\"><span style=\"font-size:14px;font-family:arial, helvetica, sans-serif\"> <\/span><\/p>\n<p style=\"text-align:left\"><span style=\"font-size:14px;font-family:arial, helvetica, sans-serif\"><span style=\"color:#000000\">4. Mit speziellem Anschlussdesign k\u00f6nnen diese UV-C-Ger\u00e4te maximal <\/span><span style=\"color:#000000\">10 Meter unter Wasserdruck betrieben werden.<\/span><\/span><\/p>\n<p style=\"text-align:left\">\n<p style=\"text-align:left\"><strong><\/strong> <\/p>\n<p><span style=\"font-family:arial, helvetica, sans-serif;color:#000000;background-color:#ffff00\"><strong><span style=\"font-size:18px\">2. Details zum CUV-624 Garden Ultraviolet Light:<\/span><\/strong><\/span><\/p>\n<p><strong><\/strong><strong><\/strong> <\/p>\n<table class=\"aliDataTable\" cellpadding=\"0\" border=\"1\">\n<tbody>\n<tr align=\"left\">\n<td style=\"background:silver;text-align:center;width:68.4pt\" valign=\"top\">\n<p><span style=\"font-size:12px;font-family:arial, helvetica, sans-serif\">Modell<\/span><\/p>\n<\/td>\n<td style=\"background:silver;text-align:center;width:54pt\" valign=\"top\">\n<p><span style=\"font-size:12px;font-family:arial, helvetica, sans-serif\">CUV-515<\/span><\/p>\n<\/td>\n<td style=\"background:silver;text-align:center;width:54pt\" valign=\"top\">\n<p><span style=\"font-size:12px;font-family:arial, helvetica, sans-serif\">CUV-528<\/span><\/p>\n<\/td>\n<td style=\"background:silver;text-align:center;width:54pt\" valign=\"top\">\n<p><span style=\"font-size:12px;font-family:arial, helvetica, sans-serif\">CUV-540<\/span><\/p>\n<\/td>\n<td style=\"background:silver;text-align:center;width:54pt\" valign=\"top\">\n<p><span style=\"font-size:12px;font-family:arial, helvetica, sans-serif\">CUV-618<\/span><\/p>\n<\/td>\n<td style=\"background:silver;text-align:center;width:56.8pt\" valign=\"top\">\n<p><span style=\"font-size:12px;font-family:arial, helvetica, sans-serif\">CUV-624<\/span><\/p>\n<\/td>\n<td style=\"background:silver;text-align:center;width:54pt\" valign=\"top\">\n<p><span style=\"font-size:12px;font-family:arial, helvetica, sans-serif\">CUV-636<\/span><\/p>\n<\/td>\n<td style=\"background:silver;text-align:center;width:54pt\" valign=\"top\">\n<p><span style=\"font-size:12px;font-family:arial, helvetica, sans-serif\">CUV-655<\/span><\/p>\n<\/td>\n<td style=\"background:silver;text-align:center;width:63pt\" valign=\"top\">\n<p><span style=\"font-size:12px;font-family:arial, helvetica, sans-serif\">CUV-695<\/span><\/p>\n<\/td>\n<\/tr>\n<tr style=\"height:21.5pt\" align=\"left\">\n<td style=\"text-align:center\" valign=\"top\">\n<p><span style=\"font-size:12px;font-family:arial, helvetica, sans-serif\">UV-C-Leistung (W)<\/span><\/p>\n<\/td>\n<td style=\"text-align:center\" valign=\"top\">\n<p><span style=\"font-size:12px;font-family:arial, helvetica, sans-serif\">15<\/span><\/p>\n<\/td>\n<td style=\"text-align:center\" valign=\"top\">\n<p><span style=\"font-size:12px;font-family:arial, helvetica, sans-serif\">28<\/span><\/p>\n<\/td>\n<td style=\"text-align:center\" valign=\"top\">\n<p><span style=\"font-size:12px;font-family:arial, helvetica, sans-serif\">40<\/span><\/p>\n<\/td>\n<td style=\"text-align:center\" valign=\"top\">\n<p><span style=\"font-size:12px;font-family:arial, helvetica, sans-serif\">18<\/span><\/p>\n<\/td>\n<td style=\"text-align:center\" valign=\"top\">\n<p><span style=\"font-size:12px;font-family:arial, helvetica, sans-serif\">24<\/span><\/p>\n<\/td>\n<td style=\"text-align:center\" valign=\"top\">\n<p><span style=\"font-size:12px;font-family:arial, helvetica, sans-serif\">36<\/span><\/p>\n<\/td>\n<td style=\"text-align:center\" valign=\"top\">\n<p><span style=\"font-size:12px;font-family:arial, helvetica, sans-serif\">55<\/span><\/p>\n<\/td>\n<td style=\"text-align:center\" valign=\"top\">\n<p><span style=\"font-size:12px;font-family:arial, helvetica, sans-serif\">95<\/span><\/p>\n<\/td>\n<\/tr>\n<tr align=\"left\">\n<td style=\"background:silver;text-align:center\" valign=\"top\">\n<p><span style=\"font-size:12px;font-family:arial, helvetica, sans-serif\">UV-C(%) Stunden<\/span><\/p>\n<\/td>\n<td style=\"background:silver;text-align:center\" valign=\"top\">\n<p><span style=\"font-size:12px;font-family:arial, helvetica, sans-serif\">8000<\/span><\/p>\n<\/td>\n<td style=\"background:silver;text-align:center\" valign=\"top\">\n<p><span style=\"font-size:12px;font-family:arial, helvetica, sans-serif\">8000<\/span><\/p>\n<\/td>\n<td style=\"background:silver;text-align:center\" valign=\"top\">\n<p><span style=\"font-size:12px;font-family:arial, helvetica, sans-serif\">8000<\/span><\/p>\n<\/td>\n<td style=\"background:silver;text-align:center\" valign=\"top\">\n<p><span style=\"font-size:12px;font-family:arial, helvetica, sans-serif\">8000<\/span><\/p>\n<\/td>\n<td style=\"background:silver;text-align:center\" valign=\"top\">\n<p><span style=\"font-size:12px;font-family:arial, helvetica, sans-serif\">8000<\/span><\/p>\n<\/td>\n<td style=\"background:silver;text-align:center\" valign=\"top\">\n<p><span style=\"font-size:12px;font-family:arial, helvetica, sans-serif\">8000<\/span><\/p>\n<\/td>\n<td style=\"background:silver;text-align:center\" valign=\"top\">\n<p><span style=\"font-size:12px;font-family:arial, helvetica, sans-serif\">8000<\/span><\/p>\n<\/td>\n<td style=\"background:silver;text-align:center\" valign=\"top\">\n<p><span style=\"font-size:12px;font-family:arial, helvetica, sans-serif\">8000<\/span><\/p>\n<\/td>\n<\/tr>\n<tr style=\"height:21.55pt\" align=\"left\">\n<td style=\"text-align:center\" valign=\"top\">\n<p><span style=\"font-size:12px;font-family:arial, helvetica, sans-serif\">Kapazit\u00e4t (L)<\/span><\/p>\n<\/td>\n<td style=\"text-align:center\" valign=\"top\">\n<p><span style=\"font-size:12px;font-family:arial, helvetica, sans-serif\">25000<\/span><\/p>\n<\/td>\n<td style=\"text-align:center\" valign=\"top\">\n<p><span style=\"font-size:12px;font-family:arial, helvetica, sans-serif\">45000<\/span><\/p>\n<\/td>\n<td style=\"text-align:center\" valign=\"top\">\n<p><span style=\"font-size:12px;font-family:arial, helvetica, sans-serif\">60000<\/span><\/p>\n<\/td>\n<td style=\"text-align:center\" valign=\"top\">\n<p><span style=\"font-size:12px;font-family:arial, helvetica, sans-serif\">25000<\/span><\/p>\n<\/td>\n<td style=\"text-align:center\" valign=\"top\">\n<p><span style=\"font-size:12px;font-family:arial, helvetica, sans-serif\">40000<\/span><\/p>\n<\/td>\n<td style=\"text-align:center\" valign=\"top\">\n<p><span style=\"font-size:12px;font-family:arial, helvetica, sans-serif\">55000<\/span><\/p>\n<\/td>\n<td style=\"text-align:center\" valign=\"top\">\n<p><span style=\"font-size:12px;font-family:arial, helvetica, sans-serif\">65000<\/span><\/p>\n<\/td>\n<td style=\"text-align:center\" valign=\"top\">\n<p><span style=\"font-size:12px;font-family:arial, helvetica, sans-serif\">80000<\/span><\/p>\n<\/td>\n<\/tr>\n<tr align=\"left\">\n<td style=\"background:silver;text-align:center\" valign=\"top\">\n<p><span style=\"font-size:12px;font-family:arial, helvetica, sans-serif\">Max. Druck (bar)<\/span><\/p>\n<\/td>\n<td style=\"background:silver;text-align:center\" valign=\"top\">\n<p><span style=\"font-size:12px;font-family:arial, helvetica, sans-serif\">1.0<\/span><\/p>\n<\/td>\n<td style=\"background:silver;text-align:center\" valign=\"top\">\n<p><span style=\"font-size:12px;font-family:arial, helvetica, sans-serif\">1.0<\/span><\/p>\n<\/td>\n<td style=\"background:silver;text-align:center\" valign=\"top\">\n<p><span style=\"font-size:12px;font-family:arial, helvetica, sans-serif\">1.0<\/span><\/p>\n<\/td>\n<td style=\"background:silver;text-align:center\" valign=\"top\">\n<p><span style=\"font-size:12px;font-family:arial, helvetica, sans-serif\">1.0<\/span><\/p>\n<\/td>\n<td style=\"background:silver;text-align:center\" valign=\"top\">\n<p><span style=\"font-size:12px;font-family:arial, helvetica, sans-serif\">1.0<\/span><\/p>\n<\/td>\n<td style=\"background:silver;text-align:center\" valign=\"top\">\n<p><span style=\"font-size:12px;font-family:arial, helvetica, sans-serif\">1.0<\/span><\/p>\n<\/td>\n<td style=\"background:silver;text-align:center\" valign=\"top\">\n<p><span style=\"font-size:12px;font-family:arial, helvetica, sans-serif\">1.0<\/span><\/p>\n<\/td>\n<td style=\"background:silver;text-align:center\" valign=\"top\">\n<p><span style=\"font-size:12px;font-family:arial, helvetica, sans-serif\">1.0<\/span><\/p>\n<\/td>\n<\/tr>\n<tr style=\"height:29.65pt\" align=\"left\">\n<td style=\"text-align:center\" valign=\"top\">\n<p><span style=\"font-size:12px;font-family:arial, helvetica, sans-serif\">Through Flow(L\/h)<\/span><\/p>\n<\/td>\n<td style=\"text-align:center\" valign=\"top\">\n<p><span style=\"font-size:12px;font-family:arial, helvetica, sans-serif\">3000<\/span><\/p>\n<\/td>\n<td style=\"text-align:center\" valign=\"top\">\n<p><span style=\"font-size:12px;font-family:arial, helvetica, sans-serif\">5000<\/span><\/p>\n<\/td>\n<td style=\"text-align:center\" valign=\"top\">\n<p><span style=\"font-size:12px;font-family:arial, helvetica, sans-serif\">7000<\/span><\/p>\n<\/td>\n<td style=\"text-align:center\" valign=\"top\">\n<p><span style=\"font-size:12px;font-family:arial, helvetica, sans-serif\">3000<\/span><\/p>\n<\/td>\n<td style=\"text-align:center\" valign=\"top\">\n<p><span style=\"font-size:12px;font-family:arial, helvetica, sans-serif\">5000<\/span><\/p>\n<\/td>\n<td style=\"text-align:center\" valign=\"top\">\n<p><span style=\"font-size:12px;font-family:arial, helvetica, sans-serif\">7000<\/span><\/p>\n<\/td>\n<td style=\"text-align:center\" valign=\"top\">\n<p><span style=\"font-size:12px;font-family:arial, helvetica, sans-serif\">8000<\/span><\/p>\n<\/td>\n<td style=\"text-align:center\" valign=\"top\">\n<p><span style=\"font-size:12px;font-family:arial, helvetica, sans-serif\">8000<\/span><\/p>\n<\/td>\n<\/tr>\n<tr align=\"left\">\n<td style=\"background:silver;text-align:center\" valign=\"top\">\n<p><span style=\"font-size:12px;font-family:arial,helvetica,sans-serif\">Kabell\u00e4nge<\/span><\/p>\n<\/td>\n<td style=\"background:silver;text-align:center\" valign=\"top\">\n<p><span style=\"font-size:12px;font-family:arial,helvetica,sans-serif\">5m<\/span><\/p>\n<\/td>\n<td style=\"background:silver;text-align:center\" valign=\"top\">\n<p><span style=\"font-size:12px;font-family:arial,helvetica,sans-serif\">5m<\/span><\/p>\n<\/td>\n<td style=\"background:silver;text-align:center\" valign=\"top\">\n<p><span style=\"font-size:12px;font-family:arial,helvetica,sans-serif\">5m <\/span><\/p>\n<\/td>\n<td style=\"background:silver;text-align:center\" valign=\"top\">\n<p><span style=\"font-size:12px;font-family:arial,helvetica,sans-serif\">5m<\/span><\/p>\n<\/td>\n<td style=\"background:silver;text-align:center\" valign=\"top\">\n<p><span style=\"font-size:12px;font-family:arial,helvetica,sans-serif\">5m<\/span><\/p>\n<\/td>\n<td style=\"background:silver;text-align:center\" valign=\"top\">\n<p><span style=\"font-size:12px;font-family:arial,helvetica,sans-serif\">5m<\/span><\/p>\n<\/td>\n<td style=\"background:silver;text-align:center\" valign=\"top\">\n<p><span style=\"font-size:12px;font-family:arial,helvetica,sans-serif\">5m<\/span><\/p>\n<\/td>\n<td style=\"background:silver;text-align:center\" valign=\"top\">\n<p><span style=\"font-size:12px;font-family:arial,helvetica,sans-serif\">5m<\/span><\/p>\n<\/td>\n<\/tr>\n<\/tbody>\n<\/table>\n<p> <img decoding=\"async\" alt=\"SUNSUN CE\/GS Long Life Time 24W UV-Gartenlicht\" src=\"http:\/\/localhost\/media\/import\/detail\/798705347_720.jpg\"><\/p>\n<\/p>\n<div id=\"ali-anchor-AliPostDhMb-c7c0r\" style=\"padding-top:8px\" data-section-title=\"Unternehmensinformationen\" data-section=\"AliPostDhMb-c7c0r\"> <\/div>\n<div style=\"clear:both\"><\/div>\n<p><strong><span style=\"color:#ff9900;font-family:Arial\"><\/span><\/strong><\/p>\n","protected":false},"excerpt":{"rendered":"<p>SUNSUN CE\/GS langlebiges 24-W-UV-Gartenlicht<\/p>\n","protected":false},"featured_media":5268,"comment_status":"open","ping_status":"closed","template":"","meta":[],"product_brand":[],"product_cat":[1299],"product_tag":[],"class_list":{"0":"post-37500","1":"product","2":"type-product","3":"status-publish","4":"has-post-thumbnail","6":"product_cat-aquariumfilter","8":"first","9":"instock","10":"shipping-taxable","11":"purchasable","12":"product-type-simple","13":"add-to-wishlist-after_add_to_cart"},"jetpack_sharing_enabled":true,"_links":{"self":[{"href":"https:\/\/www.reefshops.com\/de\/wp-json\/wp\/v2\/product\/37500","targetHints":{"allow":["GET"]}}],"collection":[{"href":"https:\/\/www.reefshops.com\/de\/wp-json\/wp\/v2\/product"}],"about":[{"href":"https:\/\/www.reefshops.com\/de\/wp-json\/wp\/v2\/types\/product"}],"replies":[{"embeddable":true,"href":"https:\/\/www.reefshops.com\/de\/wp-json\/wp\/v2\/comments?post=37500"}],"wp:featuredmedia":[{"embeddable":true,"href":"https:\/\/www.reefshops.com\/de\/wp-json\/wp\/v2\/media\/5268"}],"wp:attachment":[{"href":"https:\/\/www.reefshops.com\/de\/wp-json\/wp\/v2\/media?parent=37500"}],"wp:term":[{"taxonomy":"product_brand","embeddable":true,"href":"https:\/\/www.reefshops.com\/de\/wp-json\/wp\/v2\/product_brand?post=37500"},{"taxonomy":"product_cat","embeddable":true,"href":"https:\/\/www.reefshops.com\/de\/wp-json\/wp\/v2\/product_cat?post=37500"},{"taxonomy":"product_tag","embeddable":true,"href":"https:\/\/www.reefshops.com\/de\/wp-json\/wp\/v2\/product_tag?post=37500"}],"curies":[{"name":"wp","href":"https:\/\/api.w.org\/{rel}","templated":true}]}}