{"id":38163,"date":"2016-09-25T23:28:27","date_gmt":"2016-09-25T23:28:27","guid":{"rendered":"https:\/\/www.reefshops.com\/product\/5000-l-h-sunsun-tauchwasserpumpe-fur-den-garten-teichbrunnenpumpe-tauchwasserpumpe-fur-den-garten-brunnenpumpe-hqb-5000l\/"},"modified":"2025-03-16T08:54:09","modified_gmt":"2025-03-16T08:54:09","slug":"5000-l-h-sunsun-tauchwasserpumpe-fur-den-garten-teichbrunnenpumpe-tauchwasserpumpe-fur-den-garten-brunnenpumpe-hqb-5000l","status":"publish","type":"product","link":"https:\/\/www.reefshops.com\/de\/produkt\/5000-l-h-sunsun-tauchwasserpumpe-fur-den-garten-teichbrunnenpumpe-tauchwasserpumpe-fur-den-garten-brunnenpumpe-hqb-5000l\/","title":{"rendered":"5000 l\/h SUNSUN Tauchwasserpumpe f\u00fcr den Garten, Teichbrunnenpumpe, Tauchwasserpumpe f\u00fcr den Garten, Brunnenpumpe HQB-5000L"},"content":{"rendered":"<div style=\"clear:both\"><\/div>\n<p><span style=\"font-size:24px;background-color:#ffffff\"> <span style=\"color:#ff0000\"><strong>5000L\/h SUNSUN Tauchf\u00e4hige Gartenwasserpumpe Teichwasserbrunnenpumpe Tauchwasserpumpe Gartenwasserbrunnenpumpe <\/strong><\/span><\/span><\/p>\n<\/p>\n<p><span style=\"color:#000000;background-color:#ffcc00\"><strong><span style=\"font-size:24px\">1.<strong><span style=\"font-size:24px\">Merkmale der Gartenbrunnenpumpe<\/span><\/strong><\/span><\/strong><\/span><\/p>\n<p><span style=\"font-size:18px\">Stromlinienf\u00f6rmiges Erscheinungsbild, angemessene Struktur und hohe Effizienz;<\/span><\/p>\n<p><span style=\"font-size:large\">Es verwendet einen hochfesten, verschlei\u00dffesten Wellenkern, hat eine hocheffiziente Energieeinsparung und eine lange Lebensdauer;<\/span><\/p>\n<p><span style=\"font-size:large\">Sie k\u00f6nnen es als Pumpe und Springbrunnen verwenden.<\/span><\/p>\n<\/p>\n<p><span style=\"color:#000000;background-color:#ffcc00\"><strong><span style=\"font-size:24px\">2. Gartenbrunnenpumpe Produktbeschreibung<\/span><\/strong><span style=\"font-size:18px\"> <\/span><\/span><\/p>\n<p><span style=\"font-size:18px\">Diese Gartenbrunnenpumpe wird mit einer gro\u00dfen Auswahl an alternativen Brunnenk\u00f6pfen geliefert und verleiht jedem Teich eine professionelle Note. Mit dieser Pumpe k\u00f6nnen Sie Wasser direkt in Ihr Filtersystem oder alternativ in ein Wasserspiel sowie in das mitgelieferte Springbrunnensystem pumpen, sodass Sie bei Bedarf mit der Pumpe gleichzeitig Wasser in beide Systeme pumpen k\u00f6nnen.<\/span><\/p>\n<\/p>\n<p><span style=\"font-size:24px;color:#000000;background-color:#ffcc00\"><strong>3.Die Springbrunnenpumpe f\u00fcr den Garten show<\/strong><\/span><\/p>\n<p> <img loading=\"lazy\" decoding=\"async\" alt=\"5000L\/h SUNSUN Tauchf\u00e4hige Gartenwasserpumpe Teichwasserbrunnenpumpe Tauchwasserpumpe Gartenwasserbrunnenpumpe\" src=\"http:\/\/localhost\/media\/import\/detail\/755943668_862.jpg\" width=\"600\" height=\"600\"><img loading=\"lazy\" decoding=\"async\" alt=\"5000L\/h SUNSUN Tauchwasserpumpe f\u00fcr den Garten, Teichwasserbrunnenpumpe Tauchwasserpumpe Gartenwasserbrunnenpumpe\" src=\"http:\/\/localhost\/media\/import\/detail\/755081698_118.jpg\" width=\"600\" height=\"600\"><img loading=\"lazy\" decoding=\"async\" alt=\"5000L\/h SUNSUN Tauchgartenpumpe Wasserpumpe Teichwasserbrunnenpumpe Tauchwasserpumpe Gartenwasserbrunnenpumpe\" src=\"http:\/\/localhost\/media\/import\/detail\/755943674_896.jpg\" width=\"600\" height=\"600\"><\/p>\n<p><img loading=\"lazy\" decoding=\"async\" alt=\"5000L\/h SUNSUN Tauchgartenwasserpumpe Teichwasserbrunnenpumpe Tauchwasserpumpe Gartenwasserbrunnenpumpe\" src=\"http:\/\/localhost\/media\/import\/detail\/747985555_930.jpg\" width=\"600\" height=\"600\"><img decoding=\"async\" alt=\"5000L\/h SUNSUN Tauchf\u00e4hige Gartenwasserpumpe Teichwasserbrunnenpumpe Tauchwasserpumpe Gartenwasserbrunnenpumpe\" src=\"http:\/\/localhost\/media\/import\/detail\/561501565_957.jpg\"><\/p>\n<\/p>\n<p><span style=\"color:#000000;background-color:#ffcc00\"><strong><span style=\"font-size:24px\">4.Andere Gartenbrunnen Pumpen<\/span><\/strong> <\/span><\/p>\n<p><img loading=\"lazy\" decoding=\"async\" alt=\"5000L\/h SUNSUN Tauchf\u00e4hige Gartenwasserpumpe Teichwasserbrunnenpumpe Tauchwasserpumpe Gartenwasserbrunnenpumpe\" src=\"http:\/\/localhost\/media\/import\/detail\/754997723_559.jpg\" width=\"600\" height=\"600\"><img loading=\"lazy\" decoding=\"async\" alt=\"5000L\/h SUNSUN Tauchf\u00e4hige Gartenwasserpumpe Teichwasserbrunnenpumpe Tauchwasserpumpe Gartenwasserbrunnenpumpe\" src=\"http:\/\/localhost\/media\/import\/detail\/755297620_606.jpg\" width=\"600\" height=\"600\"><img loading=\"lazy\" decoding=\"async\" alt=\"5000L\/h SUNSUN Tauchf\u00e4hige Gartenwasserpumpe Teichwasserbrunnenpumpe Tauchwasserpumpe Gartenwasserbrunnenpumpe\" src=\"http:\/\/localhost\/media\/import\/detail\/755002528_081.jpg\" width=\"600\" height=\"600\"><\/p>\n<\/p>\n<p><span style=\"color:#000000;background-color:#ffcc00\"><strong><span style=\"font-size:24px\">5.Der Parameter der Gartenwasserbrunnenpumpe<\/span><\/strong><\/span><\/p>\n<p> <img loading=\"lazy\" decoding=\"async\" alt=\"5000L\/h SUNSUN Tauchf\u00e4hige Gartenwasserpumpe Teichwasserbrunnenpumpe Tauchwasserpumpe Gartenwasserbrunnenpumpe\" src=\"http:\/\/localhost\/media\/import\/detail\/748365685_112.jpg\" width=\"679\" height=\"178\"><\/p>\n<\/p>\n<div style=\"clear:both\"><\/div>\n","protected":false},"excerpt":{"rendered":"<p>5000 l\/h SUNSUN Tauchwasserpumpe f\u00fcr den Garten, Teichbrunnenpumpe, Tauchwasserpumpe f\u00fcr den Garten, Brunnenpumpe HQB-5000L<\/p>\n","protected":false},"featured_media":5447,"comment_status":"open","ping_status":"closed","template":"","meta":[],"product_brand":[],"product_cat":[1377],"product_tag":[],"class_list":{"0":"post-38163","1":"product","2":"type-product","3":"status-publish","4":"has-post-thumbnail","6":"product_cat-wasserpumpen-kraftkopfe","8":"first","9":"instock","10":"shipping-taxable","11":"purchasable","12":"product-type-simple","13":"add-to-wishlist-after_add_to_cart"},"jetpack_sharing_enabled":true,"_links":{"self":[{"href":"https:\/\/www.reefshops.com\/de\/wp-json\/wp\/v2\/product\/38163","targetHints":{"allow":["GET"]}}],"collection":[{"href":"https:\/\/www.reefshops.com\/de\/wp-json\/wp\/v2\/product"}],"about":[{"href":"https:\/\/www.reefshops.com\/de\/wp-json\/wp\/v2\/types\/product"}],"replies":[{"embeddable":true,"href":"https:\/\/www.reefshops.com\/de\/wp-json\/wp\/v2\/comments?post=38163"}],"wp:featuredmedia":[{"embeddable":true,"href":"https:\/\/www.reefshops.com\/de\/wp-json\/wp\/v2\/media\/5447"}],"wp:attachment":[{"href":"https:\/\/www.reefshops.com\/de\/wp-json\/wp\/v2\/media?parent=38163"}],"wp:term":[{"taxonomy":"product_brand","embeddable":true,"href":"https:\/\/www.reefshops.com\/de\/wp-json\/wp\/v2\/product_brand?post=38163"},{"taxonomy":"product_cat","embeddable":true,"href":"https:\/\/www.reefshops.com\/de\/wp-json\/wp\/v2\/product_cat?post=38163"},{"taxonomy":"product_tag","embeddable":true,"href":"https:\/\/www.reefshops.com\/de\/wp-json\/wp\/v2\/product_tag?post=38163"}],"curies":[{"name":"wp","href":"https:\/\/api.w.org\/{rel}","templated":true}]}}