{"id":38187,"date":"2016-09-25T23:28:29","date_gmt":"2016-09-25T23:28:29","guid":{"rendered":"https:\/\/www.reefshops.com\/product\/kleine-mini-wasserpumpe-10-w-600-l-h-fur-wassersport-jp-063\/"},"modified":"2025-03-16T08:54:15","modified_gmt":"2025-03-16T08:54:15","slug":"kleine-mini-wasserpumpe-10-w-600-l-h-fur-wassersport-jp-063","status":"publish","type":"product","link":"https:\/\/www.reefshops.com\/de\/produkt\/kleine-mini-wasserpumpe-10-w-600-l-h-fur-wassersport-jp-063\/","title":{"rendered":"Kleine Mini-Wasserpumpe 10 W 600 l\/h f\u00fcr Wassersport JP-063"},"content":{"rendered":"<div style=\"clear:both\"><\/div>\n<p><span style=\"font-size:16px;color:#003366\"><strong><span style=\"background-color:#ffff00\">Kleine Wasserpumpe<\/span> 10W 600L\/h f\u00fcr Wassersport JP-063 <\/strong><\/span><\/p>\n<\/p>\n<p><span style=\"font-size:16px;background-color:#ccffcc\"><strong> Funktionen der kleinen Wasserpumpe:<\/strong><\/span><\/p>\n<p><span style=\"font-size:12px;color:#000000\"><strong>1. Es verwendet einen hochfesten, verschlei\u00dffesten Wellenkern, verf\u00fcgt \u00fcber eine hocheffiziente Energieeinsparung, <\/strong><\/span><\/p>\n<p><span style=\"font-size:12px;color:#000000\"><strong>und eine lange Lebensdauer.<\/strong><\/span><\/p>\n<p><span style=\"font-size:12px;color:#000000\"><strong>2. Es verf\u00fcgt \u00fcber eine gute Wasserdichtigkeit, eine hohe dielektrische Festigkeit, ist sicher und zuverl\u00e4ssig.<\/strong><\/span><\/p>\n<p><span style=\"font-size:12px;color:#000000\"><strong>3. Es hat verschiedene Funktionen als Pumpe, Filter und Sauerstoff.<\/strong><\/span><\/p>\n<\/p>\n<p><span style=\"font-size:16px;color:#003366;background-color:#ccffcc\"><strong>Kleine Wasserpumpenparameter <\/strong><\/span><\/p>\n<\/p>\n<table class=\"aliDataTable\">\n<tbody>\n<tr align=\"left\">\n<td style=\"width:53.25pt\" valign=\"top\">\n<p><span style=\"font-size:9pt\">Modell<\/span><\/p>\n<\/td>\n<td style=\"width:53.25pt\" valign=\"top\">\n<p><span style=\"font-size:9pt\">Spannung<\/span><\/p>\n<\/td>\n<td style=\"width:53.25pt\" valign=\"top\">\n<p><span style=\"font-size:9pt\">H\u00e4ufigkeit<\/span><\/p>\n<\/td>\n<td style=\"width:53.25pt\" valign=\"top\">\n<p><span style=\"font-size:9pt\">Leistung<\/span><\/p>\n<\/td>\n<td style=\"width:53.25pt\" valign=\"top\">\n<p><span style=\"font-size:9pt\">H-max<\/span><\/p>\n<\/td>\n<td style=\"width:53.25pt\" valign=\"top\">\n<p><span style=\"font-size:9pt\">Ausgabe<\/span><\/p>\n<\/td>\n<td style=\"width:53.3pt\" valign=\"top\">\n<p><span style=\"font-size:9pt\">Gewicht<\/span><\/p>\n<\/td>\n<td style=\"width:53.3pt\" valign=\"top\">\n<p><span style=\"font-size:9pt\">Abmessungen<\/span><\/p>\n<\/td>\n<\/tr>\n<tr align=\"left\">\n<td valign=\"top\">\n<p><span style=\"font-size:9pt\">JP-063<\/span><\/p>\n<\/td>\n<td valign=\"top\">\n<p><span style=\"font-size:9pt\">110V\/220V\/240V<\/span><\/p>\n<\/td>\n<td valign=\"top\">\n<p><span style=\"font-size:9pt\">50Hz\/60Hz<\/span><\/p>\n<\/td>\n<td valign=\"top\">\n<p><span style=\"font-size:9pt\">10W<\/span><\/p>\n<\/td>\n<td valign=\"top\">\n<p><span style=\"font-size:9pt\">1,2m<\/span><\/p>\n<\/td>\n<td valign=\"top\">\n<p><span style=\"font-size:9pt\">600L\/h<\/span><\/p>\n<\/td>\n<td valign=\"top\">\n<p><span style=\"font-size:9pt\">0,4KG<\/span><\/p>\n<\/td>\n<td valign=\"top\">\n<p><span style=\"font-size:9pt\">85*56*71mm<\/span><\/p>\n<\/td>\n<\/tr>\n<tr align=\"left\">\n<td valign=\"top\">\n<p><span style=\"font-size:9pt\">JP-064<\/span><\/p>\n<\/td>\n<td valign=\"top\">\n<p><span style=\"font-size:9pt\">110V\/220V\/240V<\/span><\/p>\n<\/td>\n<td valign=\"top\">\n<p><span style=\"font-size:9pt\">50Hz\/60Hz<\/span><\/p>\n<\/td>\n<td valign=\"top\">\n<p><span style=\"font-size:9pt\">17W<\/span><\/p>\n<\/td>\n<td valign=\"top\">\n<p><span style=\"font-size:9pt\">1,6m<\/span><\/p>\n<\/td>\n<td valign=\"top\">\n<p><span style=\"font-size:9pt\">800L\/h<\/span><\/p>\n<\/td>\n<td valign=\"top\">\n<p><span style=\"font-size:9pt\">0,45KG<\/span><\/p>\n<\/td>\n<td valign=\"top\">\n<p><span style=\"font-size:9pt\">88*59*74mm<\/span><\/p>\n<\/td>\n<\/tr>\n<tr align=\"left\">\n<td valign=\"top\">\n<p><span style=\"font-size:9pt\">JP-065<\/span><\/p>\n<\/td>\n<td valign=\"top\">\n<p><span style=\"font-size:9pt\">110V\/220V\/240V<\/span><\/p>\n<\/td>\n<td valign=\"top\">\n<p><span style=\"font-size:9pt\">50Hz\/60Hz<\/span><\/p>\n<\/td>\n<td valign=\"top\">\n<p><span style=\"font-size:9pt\">22W<\/span><\/p>\n<\/td>\n<td valign=\"top\">\n<p><span style=\"font-size:9pt\">2,0m<\/span><\/p>\n<\/td>\n<td valign=\"top\">\n<p><span style=\"font-size:9pt\">1200L\/h<\/span><\/p>\n<\/td>\n<td valign=\"top\">\n<p><span style=\"font-size:9pt\">0,6KG<\/span><\/p>\n<\/td>\n<td valign=\"top\">\n<p><span style=\"font-size:9pt\">100*64*83mm<\/span><\/p>\n<\/td>\n<\/tr>\n<tr align=\"left\">\n<td valign=\"top\">\n<p><span style=\"font-size:9pt\">JP-066<\/span><\/p>\n<\/td>\n<td valign=\"top\">\n<p><span style=\"font-size:9pt\">110V\/220V\/240V<\/span><\/p>\n<\/td>\n<td valign=\"top\">\n<p><span style=\"font-size:9pt\">50Hz\/60Hz<\/span><\/p>\n<\/td>\n<td valign=\"top\">\n<p><span style=\"font-size:9pt\">45W<\/span><\/p>\n<\/td>\n<td valign=\"top\">\n<p><span style=\"font-size:9pt\">2,7m<\/span><\/p>\n<\/td>\n<td valign=\"top\">\n<p><span style=\"font-size:9pt\">1600L\/h<\/span><\/p>\n<\/td>\n<td valign=\"top\">\n<p><span style=\"font-size:9pt\">1,0KG<\/span><\/p>\n<\/td>\n<td valign=\"top\">\n<p><span style=\"font-size:9pt\">110*72*96mm<\/span><\/p>\n<\/td>\n<\/tr>\n<tr align=\"left\">\n<td valign=\"top\">\n<p><span style=\"font-size:9pt\">JP-067<\/span><\/p>\n<\/td>\n<td valign=\"top\">\n<p><span style=\"font-size:9pt\">110V\/220V\/240V<\/span><\/p>\n<\/td>\n<td valign=\"top\">\n<p><span style=\"font-size:9pt\">50Hz\/60Hz<\/span><\/p>\n<\/td>\n<td valign=\"top\">\n<p><span style=\"font-size:9pt\">55W<\/span><\/p>\n<\/td>\n<td valign=\"top\">\n<p><span style=\"font-size:9pt\">3,0m<\/span><\/p>\n<\/td>\n<td valign=\"top\">\n<p><span style=\"font-size:9pt\">2300L\/h<\/span><\/p>\n<\/td>\n<td valign=\"top\">\n<p><span style=\"font-size:9pt\">1,4KG<\/span><\/p>\n<\/td>\n<td valign=\"top\">\n<p><span style=\"font-size:9pt\">140*80*115mm<\/span><\/p>\n<\/td>\n<\/tr>\n<tr align=\"left\">\n<td valign=\"top\">\n<p><span style=\"font-size:9pt\">JP-068<\/span><\/p>\n<\/td>\n<td valign=\"top\">\n<p><span style=\"font-size:9pt\">110V\/220V\/240V<\/span><\/p>\n<\/td>\n<td valign=\"top\">\n<p><span style=\"font-size:9pt\">50Hz\/60Hz<\/span><\/p>\n<\/td>\n<td valign=\"top\">\n<p><span style=\"font-size:9pt\">75W<\/span><\/p>\n<\/td>\n<td valign=\"top\">\n<p><span style=\"font-size:9pt\">3,4m<\/span><\/p>\n<\/td>\n<td valign=\"top\">\n<p><span style=\"font-size:9pt\">3100L\/h<\/span><\/p>\n<\/td>\n<td valign=\"top\">\n<p><span style=\"font-size:9pt\">2,0KG<\/span><\/p>\n<\/td>\n<td valign=\"top\">\n<p><span style=\"font-size:9pt\">158*96*125mm<\/span><\/p>\n<\/td>\n<\/tr>\n<\/tbody>\n<\/table>\n<p><span style=\"font-size:14px;color:#003366\"><strong>Kleine Wasserpumpen zeigen <\/strong><\/span><\/p>\n<p><span style=\"font-size:14px\"><strong><span style=\"color:#000080\"><img decoding=\"async\" alt=\"Kleine Mini-Wasserpumpe 10W 600L\/h f\u00fcr Wassersport JP-063\" src=\"http:\/\/localhost\/media\/import\/detail\/563860312_663.jpg\"><\/span><\/strong><\/span><\/p>\n<p><span style=\"font-size:14px\"><strong><span style=\"color:#000080\"><span style=\"color:#008080\">Praktische Anwendungen:<\/span> <\/span><\/strong><\/span><span style=\"font-size:14px\"><span style=\"color:#008080\"><strong>a<\/strong><\/span><span style=\"color:#008080\"><strong>Anwenden auf Aquarien, Steingartenteich-Wasserzirkulationsvorrichtung passend.<\/strong><\/span><\/span><\/p>\n<\/p>\n<p><span style=\"font-size:14px;color:#003366\"><strong>Andere kleine Wasserpumpen zeigen<\/strong><\/span><\/p>\n<p><span style=\"font-size:14px\"><strong><span style=\"color:#000080\"><img decoding=\"async\" alt=\"Kleine Mini-Wasserpumpe 10W 600L\/h f\u00fcr Wassersport JP-063\" src=\"http:\/\/localhost\/media\/import\/detail\/563862249_205.jpg\"><img decoding=\"async\" alt=\"Kleine Mini-Wasserpumpe 10W 600L\/h f\u00fcr Wassersport JP-063\" src=\"http:\/\/localhost\/media\/import\/detail\/563862250_958.jpg\"><img decoding=\"async\" alt=\"Kleine Mini-Wasserpumpe 10W 600 l\/h f\u00fcr Wassersport JP-063\" src=\"http:\/\/localhost\/media\/import\/detail\/563862252_709.jpg\"><\/span><\/strong><\/span><\/p>\n<\/p>\n<div style=\"clear:both\"><\/div>\n","protected":false},"excerpt":{"rendered":"<p>Kleine Mini-Wasserpumpe 10 W 600 l\/h f\u00fcr Wassersport JP-063<\/p>\n","protected":false},"featured_media":5495,"comment_status":"open","ping_status":"closed","template":"","meta":[],"product_brand":[],"product_cat":[1377],"product_tag":[],"class_list":{"0":"post-38187","1":"product","2":"type-product","3":"status-publish","4":"has-post-thumbnail","6":"product_cat-wasserpumpen-kraftkopfe","8":"first","9":"instock","10":"shipping-taxable","11":"purchasable","12":"product-type-simple","13":"add-to-wishlist-after_add_to_cart"},"jetpack_sharing_enabled":true,"_links":{"self":[{"href":"https:\/\/www.reefshops.com\/de\/wp-json\/wp\/v2\/product\/38187","targetHints":{"allow":["GET"]}}],"collection":[{"href":"https:\/\/www.reefshops.com\/de\/wp-json\/wp\/v2\/product"}],"about":[{"href":"https:\/\/www.reefshops.com\/de\/wp-json\/wp\/v2\/types\/product"}],"replies":[{"embeddable":true,"href":"https:\/\/www.reefshops.com\/de\/wp-json\/wp\/v2\/comments?post=38187"}],"wp:featuredmedia":[{"embeddable":true,"href":"https:\/\/www.reefshops.com\/de\/wp-json\/wp\/v2\/media\/5495"}],"wp:attachment":[{"href":"https:\/\/www.reefshops.com\/de\/wp-json\/wp\/v2\/media?parent=38187"}],"wp:term":[{"taxonomy":"product_brand","embeddable":true,"href":"https:\/\/www.reefshops.com\/de\/wp-json\/wp\/v2\/product_brand?post=38187"},{"taxonomy":"product_cat","embeddable":true,"href":"https:\/\/www.reefshops.com\/de\/wp-json\/wp\/v2\/product_cat?post=38187"},{"taxonomy":"product_tag","embeddable":true,"href":"https:\/\/www.reefshops.com\/de\/wp-json\/wp\/v2\/product_tag?post=38187"}],"curies":[{"name":"wp","href":"https:\/\/api.w.org\/{rel}","templated":true}]}}