{"id":38210,"date":"2016-09-25T23:28:30","date_gmt":"2016-09-25T23:28:30","guid":{"rendered":"https:\/\/www.reefshops.com\/product\/sunsun-ce-gs-hochwertige-interne-aquarium-leistungsfilter-hj-1142-mit-1000-l-h\/"},"modified":"2025-03-16T08:54:21","modified_gmt":"2025-03-16T08:54:21","slug":"sunsun-ce-gs-hochwertige-interne-aquarium-leistungsfilter-hj-1142-mit-1000-l-h","status":"publish","type":"product","link":"https:\/\/www.reefshops.com\/de\/produkt\/sunsun-ce-gs-hochwertige-interne-aquarium-leistungsfilter-hj-1142-mit-1000-l-h\/","title":{"rendered":"SUNSUN CE\/GS Hochwertige interne Aquarium-Leistungsfilter HJ-1142 mit 1000 l\/h"},"content":{"rendered":"<div style=\"clear:both\"><\/div>\n<p><span style=\"font-size:x-large\"><span style=\"background-color:#ffff00\"><strong><span style=\"font-size:24px\">HJ-1142, interne Aquarium-Leistungsfilter <\/span><\/strong><\/span><\/span><\/p>\n<\/p>\n<table class=\"aliDataTable\" style=\"width:80%\" border=\"1\">\n<tbody>\n<tr>\n<td> <img loading=\"lazy\" decoding=\"async\" alt=\"SUNSUN CE\/GS Hochwertige interne Aquarium-Leistungsfilter mit 1000 l\/h\" src=\"http:\/\/localhost\/media\/import\/detail\/518804124_421.jpg\" width=\"591\" height=\"473\"><\/td>\n<\/tr>\n<tr>\n<td>\n<p style=\"background:#ffffff\">\n<p style=\"background:#ffffff\">\n<p><span style=\"font-size:16px;font-family:'Verdana'\">1.Es verwendet einen hochfesten, verschlei\u00dffesten Wellenkern und verf\u00fcgt \u00fcber eine hocheffiziente <\/span><\/p>\n<p><span style=\"font-size:16px;font-family:'Verdana'\">Energieeinsparung,<\/span><span style=\"font-size:16px;font-family:'Verdana'\">und lange Lebensdauer<\/span><\/p>\n<\/p>\n<p><span style=\"font-size:16px;font-family:'Verdana'\">2. Es verf\u00fcgt \u00fcber eine gute Wasserdichtigkeit, eine hohe dielektrische Festigkeit, ist sicher und zuverl\u00e4ssig<\/span><\/p>\n<\/p>\n<p><span style=\"font-size:16px;font-family:'Verdana'\">3. Es ist mit einem Zentrifugallaufrad ausgestattet, hat einen hohen Durchfluss und hohen Druck<\/span><\/p>\n<\/p>\n<p><span style=\"font-size:16px;font-family:'Verdana'\">4. Es hat verschiedene Funktionen wie Pumpen, Filter und Sauerstoff und geh\u00f6rt zu den Multifunktions-Tauchbooten <\/p>\n<\/td>\n<\/tr>\n<\/tbody>\n<\/table>\n<p><span style=\"font-size:18px;color:#0000ff\"><span style=\"font-family:verdana,geneva\">Die Multifunktions-Aquarienpumpe HJ-1142 verf\u00fcgt \u00fcber mehr Funktionen als UJ-1141, beispielsweise die Funktionen von <\/span><\/span><span style=\"font-size:18px;color:#ff0000\"><span style=\"font-family:verdana,geneva\"><strong>oeygen<\/strong><\/span><\/span><span style=\"font-size:18px;color:#0000ff\"><span style=\"font-family:verdana,geneva\"> und <\/span><span style=\"font-family:verdana,geneva\"><strong><span style=\"color:#ff0000\">Filterung<\/span><\/strong>.<\/span><\/span><\/p>\n<\/p>\n<p><span style=\"font-size:18px\"><span style=\"font-size:18px;color:#0000ff\"><span style=\"font-family:verdana,geneva\"> <\/span><\/span><\/span><span style=\"font-size:24px;color:#000000;background-color:#ffff00\"><span style=\"font-family:verdana,geneva\">HJ-1141<\/span><\/span><span style=\"font-size:18px\"><span style=\"font-size:18px;color:#0000ff\"><span style=\"font-family:verdana,geneva\"><span style=\"font-size:24px;color:#000000\"> <\/span> <\/span><\/span><\/span><span style=\"font-size:24px;color:#000000;background-color:#ffff00\"><span style=\"font-family:verdana,geneva\">HJ-1142<\/span><\/span><\/p>\n<\/p>\n<table class=\"aliDataTable\" style=\"width:80%\" border=\"1\">\n<tbody>\n<tr>\n<td> <img loading=\"lazy\" decoding=\"async\" alt=\"SUNSUN CE\/GS Hochwertige interne Aquarium-Leistungsfilter mit 1000 l\/h\" src=\"http:\/\/localhost\/media\/import\/detail\/561033770_311.jpg\" width=\"357\" height=\"364\"> <\/td>\n<td><span style=\"font-size:18px\"><span style=\"font-size:18px;color:#0000ff\"><span style=\"font-family:verdana,geneva\"><img loading=\"lazy\" decoding=\"async\" alt=\"SUNSUN CE\/GS Hochwertige interne Aquarium-Leistungsfilter mit 1000 l\/h\" src=\"http:\/\/localhost\/media\/import\/detail\/560788374_337.jpg\" width=\"333\" height=\"366\"><\/span><\/span><\/span><\/td>\n<\/tr>\n<\/tbody>\n<\/table>\n<\/p>\n<p><span style=\"background:#ffffff\"><strong><span style=\"font-size:24px;font-family:'Verdana';background:#ffffff;color:#2f2f2f;text-decoration:underline\"><span style=\"background-color:#ffff00\"> andere Modelle:<\/span><\/span><\/strong><\/span><\/p>\n<p style=\"background:#ffffff\">\n<p style=\"background:#ffffff\"><span style=\"text-decoration:underline\"><strong><span style=\"font-size:24px;font-family:'Verdana';background:#ffffff;color:#2f2f2f;text-decoration:underline\"><span style=\"background-color:#ffff00\"><img loading=\"lazy\" decoding=\"async\" alt=\"SUNSUN CE\/GS Hochwertige interne Aquarium-Leistungsfilter mit 1000 l\/h\" src=\"http:\/\/localhost\/media\/import\/detail\/535435763_128.jpg\" width=\"600\" height=\"600\"> <\/span><\/span><\/strong><\/span><\/p>\n<p style=\"background:#ffffff\">\n<p style=\"background:#ffffff\">\n<p style=\"background:#ffffff\"> <img loading=\"lazy\" decoding=\"async\" alt=\"SUNSUN CE\/GS Hochwertige interne Aquarium-Leistungsfilter mit 1000 l\/h\" src=\"http:\/\/localhost\/media\/import\/detail\/535440144_072.jpg\" width=\"600\" height=\"600\"><\/p>\n<p style=\"background:#ffffff\">\n<p style=\"background:#ffffff\">\n<p style=\"background:#ffffff\"><img loading=\"lazy\" decoding=\"async\" alt=\"SUNSUN CE\/GS Hochwertige interne Aquarium-Leistungsfilter mit 1000 l\/h\" src=\"http:\/\/localhost\/media\/import\/detail\/535445135_035.jpg\" width=\"600\" height=\"600\"> <\/p>\n<p style=\"background:#ffffff\">\n<p style=\"background:#ffffff\"><span style=\"font-size:24px\"> <img loading=\"lazy\" decoding=\"async\" alt=\"SUNSUN CE\/GS Hochwertige interne Aquarium-Leistungsfilter mit 1000 l\/h\" src=\"http:\/\/localhost\/media\/import\/detail\/535452421_886.jpg\" width=\"600\" height=\"600\"><\/span><\/p>\n<p style=\"background:#ffffff\">\n<p style=\"background:#ffffff\"> <img loading=\"lazy\" decoding=\"async\" alt=\"SUNSUN CE\/GS Hohe Qualit\u00e4t Interne Aquarium-Leistungsfilter mit 1000 l\/h\" src=\"http:\/\/localhost\/media\/import\/detail\/535454695_685.jpg\" width=\"600\" height=\"600\"><\/p>\n<p style=\"background:#ffffff\">\n<table class=\"aliDataTable\" style=\"height:213px;width:96,71%\" border=\"1\">\n<tbody>\n<tr>\n<td><span style=\"font-size:16px;color:#0000ff\">Modell<\/span><\/td>\n<td><span style=\"font-size:16px;color:#0000ff\">Spannung<\/span><\/td>\n<td><span style=\"font-size:16px;color:#0000ff\">Frequenz<\/span><\/td>\n<td><span style=\"font-size:16px;color:#0000ff\">Leistung<\/span><\/td>\n<td><span style=\"font-size:16px;color:#0000ff\">H-Max<\/span><\/td>\n<td><span style=\"font-size:16px;color:#0000ff\">Ausgabe<\/span><\/td>\n<td><span style=\"font-size:16px;color:#0000ff\">Gewicht<\/span><\/td>\n<td><span style=\"font-size:16px;color:#0000ff\">Abmessung<\/span><\/td>\n<\/tr>\n<tr>\n<td>HJ-542<\/td>\n<td>110\/220\/240V<\/td>\n<td>50\/60HZ<\/td>\n<td>5W<\/td>\n<td>0,8m<\/td>\n<td>400L\/h<\/td>\n<td>0,2kg<\/td>\n<td>80*56*58mm<\/td>\n<\/tr>\n<tr>\n<td>HJ-742<\/td>\n<td>110\/220\/240V<\/td>\n<td>50\/60HZ<\/td>\n<td>8W<\/td>\n<td>1,0m<\/td>\n<td>600L\/h<\/td>\n<td>0,35kg<\/td>\n<td>98*66*68mm<\/td>\n<\/tr>\n<tr>\n<td>HJ-942<\/td>\n<td>110\/22 0\/240V<\/td>\n<td>50\/60HZ<\/td>\n<td>16W<\/td>\n<td>1,3m<\/td>\n<td>800L\/h<\/td>\n<td>0,45kg<\/td>\n<td>108*73*75mm<\/td>\n<\/tr>\n<tr>\n<td><span style=\"background-color:#ffff00\">HJ-1142<\/span><\/td>\n<td><span style=\"background-color:#ffff00\">110\/220\/240V<\/span><\/td>\n<td><span style=\"background-color:#ffff00\">50\/60HZ<\/span><\/td>\n<td><span style=\"background-color:#ffff00\">22W<\/span><\/td>\n<td><span style=\"background-color:#ffff00\">1,6 m<\/span><\/td>\n<td><span style=\"background-color:#ffff00\">1000L\/h<\/span><\/td>\n<td><span style=\"background-color:#ffff00\">0,55 kg<\/span><\/td>\n<td><span style=\"background-color:#ffff00\">123*82*85mm<\/span><\/td>\n<\/tr>\n<tr>\n<td>HJ-1542<\/td>\n<td>110 \/220\/240V<\/td>\n<td>50\/60HZ<\/td>\n<td>28W<\/td>\n<td>2,0m<\/td>\n<td>1400L\/h<\/td>\n<td>0,75kg<\/td>\n<td> 138*98*100mm<\/td>\n<\/tr>\n<tr>\n<td>HJ-1842<\/td>\n<td>110\/220\/240V<\/td>\n<td>50\/60HZ<\/td>\n<td>40W<\/p>\n<td>2,5m<\/td>\n<td>1800L\/h<\/td>\n<td>1,0kg<\/td>\n<td>155*106*108mm<\/td>\n<\/tr>\n<\/tbody>\n<\/table>\n<p style=\"background:#ffffff\">\n<p style=\"background:#ffffff\">\n<p style=\"background:#ffffff\"><span style=\"font-size:24px\"> <\/span><\/p>\n","protected":false},"excerpt":{"rendered":"<p>SUNSUN CE\/GS Hochwertige interne Aquarium-Leistungsfilter HJ-1142 mit 1000 l\/h<\/p>\n","protected":false},"featured_media":5537,"comment_status":"open","ping_status":"closed","template":"","meta":[],"product_brand":[],"product_cat":[1377],"product_tag":[],"class_list":{"0":"post-38210","1":"product","2":"type-product","3":"status-publish","4":"has-post-thumbnail","6":"product_cat-wasserpumpen-kraftkopfe","8":"first","9":"instock","10":"shipping-taxable","11":"purchasable","12":"product-type-simple","13":"add-to-wishlist-after_add_to_cart"},"jetpack_sharing_enabled":true,"_links":{"self":[{"href":"https:\/\/www.reefshops.com\/de\/wp-json\/wp\/v2\/product\/38210","targetHints":{"allow":["GET"]}}],"collection":[{"href":"https:\/\/www.reefshops.com\/de\/wp-json\/wp\/v2\/product"}],"about":[{"href":"https:\/\/www.reefshops.com\/de\/wp-json\/wp\/v2\/types\/product"}],"replies":[{"embeddable":true,"href":"https:\/\/www.reefshops.com\/de\/wp-json\/wp\/v2\/comments?post=38210"}],"wp:featuredmedia":[{"embeddable":true,"href":"https:\/\/www.reefshops.com\/de\/wp-json\/wp\/v2\/media\/5537"}],"wp:attachment":[{"href":"https:\/\/www.reefshops.com\/de\/wp-json\/wp\/v2\/media?parent=38210"}],"wp:term":[{"taxonomy":"product_brand","embeddable":true,"href":"https:\/\/www.reefshops.com\/de\/wp-json\/wp\/v2\/product_brand?post=38210"},{"taxonomy":"product_cat","embeddable":true,"href":"https:\/\/www.reefshops.com\/de\/wp-json\/wp\/v2\/product_cat?post=38210"},{"taxonomy":"product_tag","embeddable":true,"href":"https:\/\/www.reefshops.com\/de\/wp-json\/wp\/v2\/product_tag?post=38210"}],"curies":[{"name":"wp","href":"https:\/\/api.w.org\/{rel}","templated":true}]}}