{"id":38233,"date":"2016-09-25T23:28:31","date_gmt":"2016-09-25T23:28:31","guid":{"rendered":"https:\/\/www.reefshops.com\/product\/sunsun-gsce-95w-3800l-h-aquarium-kleine-wasser-tauchpumpe-jp-069\/"},"modified":"2025-03-16T08:54:27","modified_gmt":"2025-03-16T08:54:27","slug":"sunsun-gsce-95w-3800l-h-aquarium-kleine-wasser-tauchpumpe-jp-069","status":"publish","type":"product","link":"https:\/\/www.reefshops.com\/de\/produkt\/sunsun-gsce-95w-3800l-h-aquarium-kleine-wasser-tauchpumpe-jp-069\/","title":{"rendered":"SUNSUN GS,CE 95W 3800L\/h Aquarium Kleine Wasser-Tauchpumpe JP-069"},"content":{"rendered":"<div style=\"clear:both\"><\/div>\n<p><span style=\"font-size:24px;color:#ff0000\">SUNSUN GS,CE 95W 3800L\/h Aquarium Kleine Wasser-Tauchpumpe <\/span><\/p>\n<table class=\"aliDataTable\" style=\"height:300px;width:598px\" cellspacing=\"0\" cellpadding=\"0\" border=\"1\">\n<tbody>\n<tr style=\"height:15.6pt\" align=\"left\">\n<td style=\"width:197.25pt\" valign=\"top\">\n<p><span style=\"font-size:12pt\">1.Item<\/span><\/p>\n<\/td>\n<td style=\"width:197.05pt\" valign=\"top\">\n<p><span style=\"font-size:12pt\">SUNSUN Aquarium-Tauchwasserpumpe<br \/><\/span><\/p>\n<\/td>\n<\/tr>\n<tr style=\"height:15.6pt\" align=\"left\">\n<td style=\"width:197.25pt\" valign=\"top\">\n<p><span style=\"font-size:12pt\">2.Modell<\/span><\/p>\n<\/td>\n<td style=\"width:197.05pt\" valign=\"top\">\n<p><span style=\"font-size:12pt\">JP-069<\/span><\/p>\n<\/td>\n<\/tr>\n<tr style=\"height:15.6pt\" align=\"left\">\n<td style=\"width:197.25pt\" valign=\"top\">\n<p><span style=\"font-size:12pt\">3.Voltage<\/span><\/p>\n<\/td>\n<td style=\"width:197.05pt\" valign=\"top\">\n<p><span style=\"font-size:12pt\">110V\/220V\/240V<\/span><\/p>\n<\/td>\n<\/tr>\n<tr style=\"height:16.35pt\" align=\"left\">\n<td valign=\"top\">\n<p><span style=\"font-size:12pt\">4.Frequency<\/span><\/p>\n<\/td>\n<td valign=\"top\">\n<p><span style=\"font-size:12pt\">50Hz\/60Hz<\/span><\/p>\n<\/td>\n<\/tr>\n<tr style=\"height:15.6pt\" align=\"left\">\n<td valign=\"top\">\n<p><span style=\"font-size:12pt\">5.Power<\/span><\/p>\n<\/td>\n<td valign=\"top\">\n<p><span style=\"font-size:12pt\">95W<\/span><\/p>\n<\/td>\n<\/tr>\n<tr style=\"height:16.35pt\" align=\"left\">\n<td valign=\"top\">\n<p><span style=\"font-size:12pt\">6.Output<\/span><\/p>\n<\/td>\n<td valign=\"top\">\n<p><span style=\"font-size:12pt\">3800L<\/span><span style=\"font-size:12pt\">\/h<\/span><\/p>\n<\/td>\n<\/tr>\n<tr style=\"height:15.6pt\" align=\"left\">\n<td valign=\"top\">\n<p><span style=\"font-size:12pt\">7.Gewicht<\/span><\/p>\n<\/td>\n<td valign=\"top\">\n<p><span style=\"font-size:12pt\">2,9 kg<\/span><\/p>\n<\/td>\n<\/tr>\n<tr style=\"height:16,35pt\" align=\"left\">\n<td valign=\"top\">\n<p><span style=\"font-size:12pt\">8.Abmessungen<\/span><\/p>\n<\/td>\n<td valign=\"top\">\n<p><span style=\"font-size:12pt\">168*108*135mm<\/span><\/p>\n<\/td>\n<\/tr>\n<tr style=\"height:16.35pt\" align=\"left\">\n<td valign=\"top\">\n<p><span style=\"font-size:12pt\">9,H-max<\/span><\/p>\n<\/td>\n<td valign=\"top\">\n<p><span style=\"font-size:12pt\">3,8m<\/span><\/p>\n<\/td>\n<\/tr>\n<tr style=\"height:17,25pt\" align=\"left\">\n<td valign=\"top\">\n<p><span style=\"font-size:12pt\">10.Brand<\/span><\/p>\n<\/td>\n<td valign=\"top\">\n<p><span style=\"font-size:12pt\">SUNSUN<\/span><\/p>\n<\/td>\n<\/tr>\n<tr style=\"height:15pt\" align=\"left\">\n<td valign=\"top\">\n<p><span style=\"font-size:16px\">11.Qualit\u00e4t<\/span><\/p>\n<\/td>\n<td valign=\"top\">\n<p><span style=\"font-size:16px\">Beste Qualit\u00e4t; <br \/><\/span><\/p>\n<p align=\"left\"><span style=\"font-size:16px\">das gr\u00f6\u00dfte Unternehmen f\u00fcr Wasserprodukte in China.<\/span><\/p>\n<\/td>\n<\/tr>\n<tr style=\"height:4.6pt\" align=\"left\">\n<td valign=\"top\">\n<p><span style=\"font-size:16px\">12.Sell Point <\/span><\/p>\n<\/td>\n<td valign=\"top\">\n<p><span style=\"font-size:16px\">China bekannte Marke; sicher und zuverl\u00e4ssig;GS,CE <\/span><\/p>\n<\/td>\n<\/tr>\n<\/tbody>\n<\/table>\n<p> <img decoding=\"async\" alt=\"SUNSUN GS,CE 95W 3800L\/h Aquarium Kleine Wasser-Tauchpumpe\" src=\"http:\/\/localhost\/media\/import\/detail\/810980334_108.jpg\"><\/p>\n<p><span style=\"font-size:24px;color:#ff0000;background-color:#c0c0c0\">1.Funktion der Tauchwasserpumpe f\u00fcr Aquarien:<\/span><\/p>\n<p><span style=\"font-size:16px\">1) Die Tauchwasserpumpe f\u00fcr Aquarien verwendet einen hochfesten, verschlei\u00dffesten Wellenkern, ist \u00e4u\u00dferst energiesparend und langlebig Lebensdauer<\/span><\/p>\n<p><span style=\"font-size:16px\">2) Es ist wasserdicht, hat eine hohe dielektrische Festigkeit, ist sicher und zuverl\u00e4ssig<\/span><\/p>\n<p><span style=\"font-size:16px\">3) Es ist mit einem Zentrifugallaufrad ausgestattet, hat einen hohen Durchfluss und einen hohen Druck<\/span><\/p>\n<p><span style=\"font-size:16px\">4) Es hat verschiedene Funktionen wie Pumpen, Filtern und Sauerstoff<\/span><\/p>\n<p><span style=\"font-size:16px\">5)Auf <span style=\"font-size:24px;color:#ff0000\">Aquarien, Aquarien, Steing\u00e4rten, Teiche <\/span>geeignete Wasserzirkulationsger\u00e4te anwenden.<\/span><\/p>\n<\/p>\n<p> <span style=\"background-color:#c0c0c0\"><span style=\"font-size:24px;color:#ff0000\">2.Andere multifunktionale Aquarium-Tauchwasserpumpe als Referenz<\/span> <\/span><\/p>\n<\/p>\n<p><span style=\"background-color:#c0c0c0\"><img loading=\"lazy\" decoding=\"async\" alt=\"SUNSUN GS,CE 95W 3800L\/h Aquarium Kleine Wasser-Tauchpumpe\" src=\"http:\/\/localhost\/media\/import\/detail\/556207670_555.jpg\" width=\"622\" height=\"367\"><\/span><\/p>\n<p><img loading=\"lazy\" decoding=\"async\" alt=\"SUNSUN GS,CE 95W 3800L\/h Kleine Aquarium-Tauchpumpe\" src=\"http:\/\/localhost\/media\/import\/detail\/545725985_176.jpg\" width=\"619\" height=\"459\"> <\/p>\n<\/p>\n<p><span style=\"background-color:#c0c0c0\"><span><\/p>\n<tbody>\n<tr>\n<td>Modell<\/td>\n<td>Spannung<\/td>\n<td>Frequenz<\/td>\n<td>Leistung<\/td>\n<td>H-max<\/td>\n<td>Leistung<\/td>\n<td>Gewicht<\/td>\n<td>Abmessungen<\/td>\n<\/tr>\n<tr>\n<td>JP-062<\/td>\n<td>110V \/220V\/240V<\/td>\n<td>50Hz\/60Hz<\/td>\n<td>6W<\/td>\n<td>1,0m<\/td>\n<td>450L\/h<\/td>\n<td>0,3Kg<\/td>\n<td> 80*50*65mm<\/td>\n<\/tr>\n<tr>\n<td>JP-063<\/td>\n<td>110V\/220V\/240V<\/td>\n<td>50Hz\/60Hz<\/td>\n<td>10W<\/p>\n<td>1,2m<\/td>\n<td>600L\/h<\/td>\n<td>0,4Kg<\/td>\n<td>85*56*71mm<\/td>\n<\/tr>\n<tr>\n<td>JP-064<\/td>\n<td>110V\/220V\/240V<\/td>\n<td>50Hz\/60Hz<\/td>\n<td>14W<\/td>\n<td>1,6m<\/td>\n<td>800L\/h<\/td>\n<td>0,45Kg<\/ td><\/p>\n<td>88*59*74mm<\/td>\n<\/tr>\n<tr>\n<td>JP-065<\/td>\n<td>110V\/220V\/240V<\/td>\n<td>50Hz\/60Hz<\/td>\n<td>22W<\/td>\n<td>2,0m<\/td>\n<td>1200L\/h<\/td>\n<td>0,6Kg<\/td>\n<td>100*64*83mm<\/td>\n<\/tr>\n<tr>\n<td><span style=\"color:#000000\">JP-066 <\/span><\/td>\n<td><span style=\"color:#000000\">110V\/220V\/240V <\/span><\/td>\n<td><span style=\"color:#000000\">50Hz\/60Hz <\/span><\/td>\n<td><span style=\"color:#000000\">45W<\/span><\/td>\n<td><span style=\"color:#000000\">2,7m<\/span><\/td>\n<td><span style=\"color:#000000\">1600L\/h<\/span><\/td>\n<td><span style=\"color:#000000\">1,0 kg<\/span><\/td>\n<td><span style=\"color:#000000\">110*72*96mm<\/span><\/td>\n<\/tr>\n<tr>\n<td>JP-067<\/td>\n<td>110V\/220V\/240V<\/td>\n<td>50Hz\/60Hz<\/td>\n<td>55W<\/td>\n<td>3,0m<\/td>\n<td>2300L\/h<\/td>\n<td>1,4Kg<\/td>\n<td>140*80*115mm<\/td>\n<\/tr>\n<tr>\n<td>JP-068<\/td>\n<td>110V\/220V\/240V<\/td>\n<td>50Hz\/60Hz <\/td>\n<td>75W<\/td>\n<td>3,4m<\/td>\n<td>3100L\/h<\/td>\n<td>2,0Kg<\/td>\n<td>158*96*125mm<\/td>\n<\/tr>\n<tr>\n<td>JP-069<\/td>\n<td>110V\/220V\/240V <\/td>\n<td>50Hz\/60Hz<\/td>\n<td>95W<\/td>\n<td>3,8m<\/td>\n<td>3800L\/h<\/td>\n<td>2,9Kg<\/td>\n<td>168*108*135mm<\/td>\n<\/tr>\n<\/tbody>\n<\/table>\n<div style=\"clear:both\"><span style=\"background-color:#c0c0c0;color:#ff0000\"><\/span><\/div>\n","protected":false},"excerpt":{"rendered":"<p>SUNSUN GS,CE 95W 3800L\/h Aquarium Kleine Wasser-Tauchpumpe JP-069<\/p>\n","protected":false},"featured_media":5586,"comment_status":"open","ping_status":"closed","template":"","meta":[],"product_brand":[],"product_cat":[1377],"product_tag":[],"class_list":{"0":"post-38233","1":"product","2":"type-product","3":"status-publish","4":"has-post-thumbnail","6":"product_cat-wasserpumpen-kraftkopfe","8":"first","9":"instock","10":"shipping-taxable","11":"purchasable","12":"product-type-simple","13":"add-to-wishlist-after_add_to_cart"},"jetpack_sharing_enabled":true,"_links":{"self":[{"href":"https:\/\/www.reefshops.com\/de\/wp-json\/wp\/v2\/product\/38233","targetHints":{"allow":["GET"]}}],"collection":[{"href":"https:\/\/www.reefshops.com\/de\/wp-json\/wp\/v2\/product"}],"about":[{"href":"https:\/\/www.reefshops.com\/de\/wp-json\/wp\/v2\/types\/product"}],"replies":[{"embeddable":true,"href":"https:\/\/www.reefshops.com\/de\/wp-json\/wp\/v2\/comments?post=38233"}],"wp:featuredmedia":[{"embeddable":true,"href":"https:\/\/www.reefshops.com\/de\/wp-json\/wp\/v2\/media\/5586"}],"wp:attachment":[{"href":"https:\/\/www.reefshops.com\/de\/wp-json\/wp\/v2\/media?parent=38233"}],"wp:term":[{"taxonomy":"product_brand","embeddable":true,"href":"https:\/\/www.reefshops.com\/de\/wp-json\/wp\/v2\/product_brand?post=38233"},{"taxonomy":"product_cat","embeddable":true,"href":"https:\/\/www.reefshops.com\/de\/wp-json\/wp\/v2\/product_cat?post=38233"},{"taxonomy":"product_tag","embeddable":true,"href":"https:\/\/www.reefshops.com\/de\/wp-json\/wp\/v2\/product_tag?post=38233"}],"curies":[{"name":"wp","href":"https:\/\/api.w.org\/{rel}","templated":true}]}}