{"id":38370,"date":"2016-09-25T23:28:37","date_gmt":"2016-09-25T23:28:37","guid":{"rendered":"https:\/\/www.reefshops.com\/product\/sunsun-ce-gs-cuv-109-uv-sterilisatoren-uv-lampen-fur-aquarien-koi-fischteiche-cuv-109\/"},"modified":"2025-03-16T08:55:03","modified_gmt":"2025-03-16T08:55:03","slug":"sunsun-ce-gs-cuv-109-uv-sterilisatoren-uv-lampen-fur-aquarien-koi-fischteiche-cuv-109","status":"publish","type":"product","link":"https:\/\/www.reefshops.com\/de\/produkt\/sunsun-ce-gs-cuv-109-uv-sterilisatoren-uv-lampen-fur-aquarien-koi-fischteiche-cuv-109\/","title":{"rendered":"SUNSUN CE GS CUV-109 UV-Sterilisatoren UV-Lampen f\u00fcr Aquarien-Koi-Fischteiche CUV-109"},"content":{"rendered":"<div style=\"clear:both\"><\/div>\n<p align=\"center\"><span style=\"font-size:24px\"><strong><span style=\"background-color:#ffff00\">SUNSUN CE GS CUV-109 UV-Sterilisatoren UV-Lampen f\u00fcr Aquarium-Koi-Fischteiche<\/span> <br \/><\/strong><\/span><\/p>\n<p data-section-blank=\"AliPostDhMb-hnvvt\">\n<table class=\"ke-zeroborder\" cellpadding=\"0\" border=\"0\">\n<tbody>\n<tr>\n<td><a href=\"http:\/\/preview.alibaba.com\/product\/663378958-215139670\/Koi_Pond_Fish_Tank_Aquarium_UV_Serilizer_CUV_111A.html\" target=\"_blank\"><\/a><\/td>\n<td><a href=\"http:\/\/preview.alibaba.com\/product\/60062310306-215139670\/SUNSUN_CUP_129_1000L_h_garden_UV_filtration_pump.html\" target=\"_blank\"><\/a><\/td>\n<td><a href=\"http:\/\/preview.alibaba.com\/product\/649298764-215139670\/SUNSUN_CUV_224_24W_Germicidal_Lamp_UV_Pond_filter.html\" target=\"_blank\"><\/a><\/td>\n<td><a href=\"http:\/\/preview.alibaba.com\/product\/60057603297-215139670\/SUNSUN_CUV_236_36w_UV_light_water_aquarium_and_pond_power_sterilizer.html\" target=\"_blank\"><\/a><\/td>\n<\/tr>\n<\/tbody>\n<\/table>\n<p align=\"center\">\n<div id=\"ali-anchor-AliPostDhMb-hnvvt\" style=\"padding-top:8px\" data-section=\"AliPostDhMb-hnvvt\" data-section-title=\"Produktbeschreibung\">\n<div id=\"ali-title-AliPostDhMb-hnvvt\" style=\"border-bottom:#ddd 1px solid;padding-bottom:8px;padding-top:8px;padding-left:0px;padding-right:0px\"><span style=\"font-weight:bold;color:#333;padding-bottom:8px;padding-top:8px;padding-left:10px;line-height:12px;padding-right:10px;background-color:#ddd\">Produktbeschreibung<\/span><\/div>\n<div style=\"padding-bottom:10px;padding-top:10px;padding-left:0px;padding-right:0px\">\n<p><span style=\"color:#ffffff\"> UV-Sterilisator <\/span><\/p>\n<\/div>\n<\/div>\n<p align=\"center\">\n<p><span style=\"font-size:18px;font-family:Calibri, 'zapf dingbats'\"><strong>1. CUV-109 UV-Sterilisatoren f\u00fcr Aquarien<\/strong><strong> <\/strong><strong>Parameter<\/strong><\/span><\/p>\n<p><span style=\"font-size:13.5pt;font-family:Calibri, 'zapf dingbats'\">Spannung: 110V\/220V\/240V<\/span><\/p>\n<p><span style=\"font-size:13.5pt;font-family:Calibri, 'zapf dingbats'\">Frequenz: 50Hz\/60Hz <\/span><\/p>\n<p><span style=\"font-size:13.5pt;font-family:Calibri, 'zapf dingbats'\">Leistung: 12W<\/span><\/p>\n<p><span style=\"font-size:13.5pt;font-family:Calibri, 'zapf dingbats'\">UV-Leistung: 1x9W<\/span><\/p>\n<p><span style=\"font-size:13.5pt;font-family:Calibri, 'zapf dingbats'\">Kapazit\u00e4t: 8000L<\/span><\/p>\n<p><span style=\"font-size:13.5pt;font-family:Calibri, 'zapf dingbats'\">Maximaler Druck: 0,3 Par<\/span><\/p>\n<p><span style=\"font-size:13.5pt;font-family:Calibri, 'zapf dingbats'\">Wasserdurchfluss: 1500 l\/h<\/span><\/p>\n<p><span style=\"font-size:13.5pt;font-family:Calibri, 'zapf dingbats'\">L\u00e4nge: 270 mm<\/span><\/p>\n<p><em><span style=\"font-family:Calibri, 'zapf dingbats'\"><strong><span style=\"font-size:14pt;color:red\">12 Monate KOSTENLOS Garantie!!!<\/span><\/strong><\/span><\/em><\/p>\n<p><span style=\"font-family:Calibri, 'zapf dingbats'\"><strong><span style=\"font-size:13.5pt\">2. <span style=\"font-size:18px;font-family:Calibri, 'zapf dingbats'\"><strong>CUV-109 UV-Sterilisatoren f\u00fcr Aquarien<\/strong><strong> <\/strong><strong><\/strong><\/span><\/span><\/strong><strong><span style=\"font-size:14pt\">Funktionen<\/span><\/strong><\/span><\/p>\n<p><span style=\"font-family:Calibri, 'zapf dingbats'\"><span style=\"font-size:medium\">1). Dieser UV-Sterilisator f\u00fcr Aquarien setzt starke ultraviolette Strahlungsenergie frei und entfernt wirksam die sch\u00e4dlichen Bakterien im Wasser. Spezielles rotierendes Innenzylinder-Geh\u00e4usedesign, das den Wasserfluss vollst\u00e4ndig effizient sterilisiert<\/span><\/span><\/p>\n<p><span style=\"font-size:medium;font-family:Calibri, 'zapf dingbats'\">3). 360 \u00b0 freie Drehung des Wasserauslasses und Wassereinlasses.<\/span><\/p>\n<p><span style=\"font-family:Calibri, 'zapf dingbats'\"><span style=\"font-size:medium\">4). UV-best\u00e4ndiges Kunststoffgeh\u00e4use, hochwertiges, wasserbest\u00e4ndiges Gummikabel. <\/span><\/span><\/p>\n<p><span style=\"font-size:medium;font-family:Calibri, 'zapf dingbats'\">5). Geeignet f\u00fcr Aquarien und Fischteiche im Freien.<\/span><\/p>\n<p><span style=\"font-size:medium;font-family:Calibri, 'zapf dingbats'\">6). Unterschiedliche Gr\u00f6\u00dfe und Leistung zur Auswahl. Elektronisches Vorschaltger\u00e4t von 3W bis 95W<\/span><\/p>\n<p><span style=\"font-family:Calibri, 'zapf dingbats'\"><strong><span style=\"font-size:14pt\">3. Andere<\/span><\/strong><strong><span style=\"font-size:13.5pt\"> <\/span><\/strong><strong><span style=\"font-size:14pt\"><span style=\"font-size:18px;font-family:Calibri, 'zapf dingbats'\"><strong>CUV Aquarium UV-Sterilisatoren<\/strong><strong> <\/strong><strong><\/strong><\/span>Parameter und <strong><span style=\"font-size:14pt;line-height:28px\">Anzeige<\/span><\/strong><\/span><\/strong><\/span><\/p>\n<p><span style=\"font-family:Calibri, 'zapf dingbats'\"><strong><span style=\"font-size:14pt\"><img decoding=\"async\" alt=\"SUNSUN CE GS CUV-109 UV-Sterilisatoren UV-Lampen f\u00fcr Aquarien-Koi-Fischteiche\" src=\"http:\/\/localhost\/media\/import\/detail\/HTB1pFecFVXXXXb8XpXXq6xXFXXXo.jpg\"><img decoding=\"async\" alt=\"SUNSUN CE GS CUV-109 UV-Sterilisatoren UV-Lampen f\u00fcr Aquarien-Koi-Fischteiche\" src=\"http:\/\/localhost\/media\/import\/detail\/HTB1aOqfFVXXXXX2XpXXq6xXFXXXx.jpg\"> <strong><span style=\"font-size:14pt;line-height:28px\"><img decoding=\"async\" alt=\"SUNSUN CE GS CUV-109 UV-Sterilisatoren UV-Lampen f\u00fcr Aquarien-Koi-Fische Teiche\" src=\"http:\/\/localhost\/media\/import\/detail\/HTB1uqCvFVXXXXc1XXXXq6xXFXXXr.jpg\"><\/span><\/strong><\/span><\/strong><\/span><\/p>\n<p><span style=\"font-family:Calibri, 'zapf dingbats'\"><strong><span style=\"font-size:13.5pt\">4. Anwendung von <span style=\"font-size:18px;font-family:Calibri, 'zapf dingbats'\"><strong>CUV-109 Aquarium UV-Sterilisatoren<\/strong><strong> <\/strong><strong><\/strong><\/span><br \/><\/span><\/strong><\/span><\/p>\n<p><span style=\"font-family:Calibri, 'zapf dingbats'\"><strong><\/strong><strong><span style=\"font-size:13.5pt\">Bitte halten Sie das Wasser sauber. <span style=\"color:#ffffff\"> UV-Sterilisator <\/span><\/span><\/strong><\/span><\/p>\n<p><span style=\"font-size:medium;font-family:Calibri, 'zapf dingbats'\">SunSun CUV UV-Sterilisatoren k\u00f6nnen als System direkt an den Teichfilter und die Wasserpumpe angeschlossen werden, um professionell f\u00fcr G\u00e4rten oder Teiche zu arbeiten, der erste Prozess zur Kl\u00e4rung des Wassers.<\/span><\/p>\n<p><span style=\"font-size:medium;font-family:Calibri, 'zapf dingbats'\">Dieser UV-Sterilisator kann <span style=\"font-size:12pt\">mit unseren Aquarien- und Teichwasserpumpen der HQJ-Serie und der JP-Serie verwendet werden.<\/span><\/span><\/p>\n<p><span style=\"font-size:medium;font-family:Calibri, 'zapf dingbats'\"><span style=\"font-size:12pt\"><span style=\"font-family:Calibri, 'zapf dingbats'\"><strong><span style=\"font-size:13.5pt\">5. <span style=\"font-size:18px;font-family:Calibri, 'zapf dingbats'\"><strong>CUV Aquarium UV-Sterilisatoren<\/strong><strong><\/strong><\/span>Details anzeigen<\/span><\/strong><\/span> <\/span><\/span><\/p>\n<p><span style=\"font-family:Calibri, 'zapf dingbats'\"><strong><span style=\"font-size:14pt\"><img decoding=\"async\" alt=\"cuv-224_04.jpg\" src=\"http:\/\/localhost\/media\/import\/detail\/HTB1DRueGpXXXXXAXVXXq6xXFXXXl.jpg\"> <\/span><\/strong><\/span><\/p>\n<div id=\"ali-anchor-AliPostDhMb-oew88\" style=\"padding-top:8px\" data-section=\"AliPostDhMb-oew88\" data-section-title=\"Unternehmensinformationen\"> <\/div>\n","protected":false},"excerpt":{"rendered":"<p>SUNSUN CE GS CUV-109 UV-Sterilisatoren UV-Lampen f\u00fcr Aquarien-Koi-Fischteiche CUV-109<\/p>\n","protected":false},"featured_media":5859,"comment_status":"open","ping_status":"closed","template":"","meta":[],"product_brand":[],"product_cat":[1299],"product_tag":[],"class_list":{"0":"post-38370","1":"product","2":"type-product","3":"status-publish","4":"has-post-thumbnail","6":"product_cat-aquariumfilter","8":"first","9":"instock","10":"shipping-taxable","11":"purchasable","12":"product-type-simple","13":"add-to-wishlist-after_add_to_cart"},"jetpack_sharing_enabled":true,"_links":{"self":[{"href":"https:\/\/www.reefshops.com\/de\/wp-json\/wp\/v2\/product\/38370","targetHints":{"allow":["GET"]}}],"collection":[{"href":"https:\/\/www.reefshops.com\/de\/wp-json\/wp\/v2\/product"}],"about":[{"href":"https:\/\/www.reefshops.com\/de\/wp-json\/wp\/v2\/types\/product"}],"replies":[{"embeddable":true,"href":"https:\/\/www.reefshops.com\/de\/wp-json\/wp\/v2\/comments?post=38370"}],"wp:featuredmedia":[{"embeddable":true,"href":"https:\/\/www.reefshops.com\/de\/wp-json\/wp\/v2\/media\/5859"}],"wp:attachment":[{"href":"https:\/\/www.reefshops.com\/de\/wp-json\/wp\/v2\/media?parent=38370"}],"wp:term":[{"taxonomy":"product_brand","embeddable":true,"href":"https:\/\/www.reefshops.com\/de\/wp-json\/wp\/v2\/product_brand?post=38370"},{"taxonomy":"product_cat","embeddable":true,"href":"https:\/\/www.reefshops.com\/de\/wp-json\/wp\/v2\/product_cat?post=38370"},{"taxonomy":"product_tag","embeddable":true,"href":"https:\/\/www.reefshops.com\/de\/wp-json\/wp\/v2\/product_tag?post=38370"}],"curies":[{"name":"wp","href":"https:\/\/api.w.org\/{rel}","templated":true}]}}