{"id":38420,"date":"2016-12-27T16:03:45","date_gmt":"2016-12-27T16:03:45","guid":{"rendered":"https:\/\/www.reefshops.com\/product\/acryl-aquariumsystem-installationszubehor-zubehor-crb-13-13-loch-korallengliederhalterung\/"},"modified":"2025-03-16T09:02:36","modified_gmt":"2025-03-16T09:02:36","slug":"acryl-aquariumsystem-installationszubehor-zubehor-crb-13-13-loch-korallengliederhalterung","status":"publish","type":"product","link":"https:\/\/www.reefshops.com\/de\/produkt\/acryl-aquariumsystem-installationszubehor-zubehor-crb-13-13-loch-korallengliederhalterung\/","title":{"rendered":"Acryl-Aquariumsystem Installationszubeh\u00f6r Zubeh\u00f6r CRB-13 13-Loch-Korallengliederhalterung"},"content":{"rendered":"<h2>Produktbeschreibung <\/h2>\n<div><a><img class=\" alignnone=\"><\/a><\/p>\n<p>Bestellanweisungen <\/p><\/div>\n<p>Die oben genannten Zitate wie der Kaufpreis von null 1-4 guter Preis <\/p>\n<p>Wie das obige Angebot zum Kauf von 5-9 guter Kaufpreis <\/p>\n<p>Die oben genannten Angebote wie der Kauf von mehr als 10 Gro\u00dfhandelspreisen <\/p>\n<p>Gesucht werden regionale Agenten, autorisierte Agenten, die die Berechtigung haben, g\u00fcnstigere Preise als den Gro\u00dfhandelspreis zu erhalten. F\u00fcr Einzelheiten wenden Sie sich bitte an den Kundendienst. <\/p>\n<p>&amp;Nbsp; f\u00fcr <\/p>\n<p>PS: Produkte f\u00fcr den Werksdirektverkauf, Werksbestellungen aufgrund der j\u00fcngsten Hochsaison, der Frachtumschlagzyklus beschleunigt sich, daher k\u00f6nnen wir nicht garantieren, dass jedes Produkt eine Kasse und einen Lagerbestand hat. Bitte kontaktieren Sie vor der Bestellung unser Verkaufspersonal, um die Lieferzeit zu best\u00e4tigen. <\/p>\n<p><p>Produkthandbuch: <\/p>\n<p><p>Living Coral SPS spezieller Acrylst\u00e4nder, eine Vielzahl von Spezifikationen\/L\u00f6chern zur Auswahl, starker Sauger konfigurieren, Sauger kann die Mutter festziehen, um eine starke Adsorption zu erreichen, f\u00e4llt nicht ab, fortschrittliches Acrylmaterial. <\/p>\n<p><p>Modell: CRB-13 <\/p>\n<p>Produktspezifikationen: (L\u00e4nge \/ Breite \/ H\u00f6he): 150\/150\/60 mm \u2013 mit Saugnapf <\/p>\n<p>(L\u00e4nge \/ Breite \/ H\u00f6he): 140\/140\/55 mm &#8211; ohne Saugnapf <\/p>\n<p>Anzahl der L\u00f6cher im Block: 13 <\/p>\n<p>Lochdurchmesser: 13 MM <\/p>\n<p>Anzahl der Sauger: 2 <\/p>\n<p><p>SPS ohne Halterungssitz, bei Bedarf SPS-Basiseffektdiagramm unten beschaffen und installieren <\/p>\n<p><p><img><\/p>\n<\/p>\n<\/div>\n","protected":false},"excerpt":{"rendered":"<p>Acryl-Aquariumsystem Installationszubeh\u00f6r Zubeh\u00f6r CRB-13 13-Loch-Korallengliederhalterung<\/p>\n","protected":false},"featured_media":6266,"comment_status":"open","ping_status":"closed","template":"","meta":[],"product_brand":[],"product_cat":[1313],"product_tag":[],"class_list":{"0":"post-38420","1":"product","2":"type-product","3":"status-publish","4":"has-post-thumbnail","6":"product_cat-eiweisabschaumer","8":"first","9":"instock","10":"shipping-taxable","11":"purchasable","12":"product-type-simple","13":"add-to-wishlist-after_add_to_cart"},"jetpack_sharing_enabled":true,"_links":{"self":[{"href":"https:\/\/www.reefshops.com\/de\/wp-json\/wp\/v2\/product\/38420","targetHints":{"allow":["GET"]}}],"collection":[{"href":"https:\/\/www.reefshops.com\/de\/wp-json\/wp\/v2\/product"}],"about":[{"href":"https:\/\/www.reefshops.com\/de\/wp-json\/wp\/v2\/types\/product"}],"replies":[{"embeddable":true,"href":"https:\/\/www.reefshops.com\/de\/wp-json\/wp\/v2\/comments?post=38420"}],"wp:featuredmedia":[{"embeddable":true,"href":"https:\/\/www.reefshops.com\/de\/wp-json\/wp\/v2\/media\/6266"}],"wp:attachment":[{"href":"https:\/\/www.reefshops.com\/de\/wp-json\/wp\/v2\/media?parent=38420"}],"wp:term":[{"taxonomy":"product_brand","embeddable":true,"href":"https:\/\/www.reefshops.com\/de\/wp-json\/wp\/v2\/product_brand?post=38420"},{"taxonomy":"product_cat","embeddable":true,"href":"https:\/\/www.reefshops.com\/de\/wp-json\/wp\/v2\/product_cat?post=38420"},{"taxonomy":"product_tag","embeddable":true,"href":"https:\/\/www.reefshops.com\/de\/wp-json\/wp\/v2\/product_tag?post=38420"}],"curies":[{"name":"wp","href":"https:\/\/api.w.org\/{rel}","templated":true}]}}