{"id":38433,"date":"2016-12-27T16:03:35","date_gmt":"2016-12-27T16:03:35","guid":{"rendered":"https:\/\/www.reefshops.com\/product\/red-devil-pinselnadelpumpe-pumpe-nadelbaumnadeln-red-devil-pinselpumpe-sp2\/"},"modified":"2025-03-16T08:55:23","modified_gmt":"2025-03-16T08:55:23","slug":"red-devil-pinselnadelpumpe-pumpe-nadelbaumnadeln-red-devil-pinselpumpe-sp2","status":"publish","type":"product","link":"https:\/\/www.reefshops.com\/de\/produkt\/red-devil-pinselnadelpumpe-pumpe-nadelbaumnadeln-red-devil-pinselpumpe-sp2\/","title":{"rendered":"Red Devil Pinselnadelpumpe \/ Pumpe Nadelbaumnadeln Red Devil Pinselpumpe SP2"},"content":{"rendered":"<h2>Produktbeschreibung <\/h2>\n<div>Technische Parameter: <\/div>\n<div>Modell: (Red) Devil SP3 \/ (Red) Devil SP2 <\/div>\n<div>Pumpenleistung: 13 W <\/div>\n<div>Maximale Inspirationskapazit\u00e4t: 400 l \/ h <\/div>\n<div>Pumpentypen: Koniferenpumpe \/ Skimmer (Stickstoffger\u00e4t) speziell <\/div>\n<div>Selbstgebauter Skimmer Empfehlung: Der Durchmesser des Rohrk\u00f6rpers f\u00fcr den Skimmer betr\u00e4gt 120 ~ 150 mm. <\/div>\n<div><\/div>\n<div>\n<p>Nadel horizontal platziert, B\u00fcrstenpumpenrohr und Basis mit Saugnapf. Maximale Gr\u00f6\u00dfe: (L\u00e4nge\/Breite\/H\u00f6he): 145\/145\/75 mm. <\/p>\n<p>Auf dem Netz errichtete Pumpenk\u00f6rpergr\u00f6\u00dfe (ohne Slipknot, Saugmund und Saugnapfbasis): (L\u00e4nge \/ Breite \/ H\u00f6he): 85\/70\/85 MM <\/p>\n<\/p><\/div>\n<div><strong><a>&lt;img width=&quot; 700&quot;=&quot; height=&quot; 432&quot;=&quot; class=&quot; size-full=&quot; wp-image-3141=&quot; aligncenter&quot;=&quot; alt=&quot; 1 Teufel Koniferenpumpe f\u00fcr Skimmer\/Stickstoff ist die Entwicklung von Design f\u00fcr Europa nach deutschen Standards \u2013 ma\u00dfgeschneiderte Produkte. <\/div>\n<div>2 Super-Ansaugmenge: Die maximale Einzelpumpe kann 400 l\/h erreichen, der Stromverbrauch betr\u00e4gt 13 W. <\/div>\n<div>3 kann au\u00dferhalb des Zylinders oder der Zylinder\/Amphibie verwendet werden. <\/div>\n<div>4 Pumpen mit optimierter Nadel- und Venturirohr-Saugd\u00fcse. <\/div>\n<div>5 atemberaubende Farbkombinationen aus Rot und Schwarz, ultra-stilvolles Erscheinungsbild. <\/div>\n<div>\n<div>6 Achsen und verfeinert unter Verwendung einer hochglanzpolierten Kernproduktion auf h\u00f6chstem Niveau <\/div>\n<div>7 Leistung des Magnetrotors (nicht traditionelle Leistung als gew\u00f6hnlicher Magnetrotor, der Rotormagnet kostet etwa das 8- bis 10-fache des normalen Magnetrotors) <\/div>\n<div>8 Eingebauter W\u00e4rmeschutzchip, der die Pumpe automatisch abschaltet, wenn sie nicht ordnungsgem\u00e4\u00df funktioniert. <\/div>\n<div>9 Wasserpumpenk\u00f6rper selbst aus feuerfestem ABS-Material mit hohem Standard <\/div>\n<div>10 mit dicker, kr\u00e4ftiger Hochleistungsleitung <\/div>\n<div>11 Einzigartiges Saugnapf-Montagestangendesign, die Pumpe kann in beide Richtungen horizontal und vertikal platziert werden. Ideal f\u00fcr alle Arten von hausgemachten und DIY-Skimmern. (Unterschiedliche Skimmer-Richtung des Wasserproblems) <\/div><\/div>\n<div><\/div>\n<div>Der Devil Coniferous SP3-Pumpentyp hat die CE-, EMC- und Rohs-Zertifizierung bestanden. <\/div>\n<div><\/div>\n<div>\n<\/div>\n<div><\/div>\n<div><strong><a><img class=\" size-full=\"><\/a><\/strong><\/div>\n<div><\/div>\n<div><a><img class=\" size-full=\"><\/a><\/div>\n<div>Verpackungsbox <\/div>\n<div><\/div>\n<div><strong><a><img class=\" size-full=\"><\/a><\/p>\n<p><\/strong><\/div>\n<div><\/div><\/div>\n","protected":false},"excerpt":{"rendered":"<p>Red Devil Pinselnadelpumpe \/ Pumpe Nadelbaumnadeln Red Devil Pinselpumpe SP2<\/p>\n","protected":false},"featured_media":5997,"comment_status":"open","ping_status":"closed","template":"","meta":[],"product_brand":[],"product_cat":[1313],"product_tag":[],"class_list":{"0":"post-38433","1":"product","2":"type-product","3":"status-publish","4":"has-post-thumbnail","6":"product_cat-eiweisabschaumer","8":"first","9":"instock","10":"shipping-taxable","11":"purchasable","12":"product-type-simple","13":"add-to-wishlist-after_add_to_cart"},"jetpack_sharing_enabled":true,"_links":{"self":[{"href":"https:\/\/www.reefshops.com\/de\/wp-json\/wp\/v2\/product\/38433","targetHints":{"allow":["GET"]}}],"collection":[{"href":"https:\/\/www.reefshops.com\/de\/wp-json\/wp\/v2\/product"}],"about":[{"href":"https:\/\/www.reefshops.com\/de\/wp-json\/wp\/v2\/types\/product"}],"replies":[{"embeddable":true,"href":"https:\/\/www.reefshops.com\/de\/wp-json\/wp\/v2\/comments?post=38433"}],"wp:featuredmedia":[{"embeddable":true,"href":"https:\/\/www.reefshops.com\/de\/wp-json\/wp\/v2\/media\/5997"}],"wp:attachment":[{"href":"https:\/\/www.reefshops.com\/de\/wp-json\/wp\/v2\/media?parent=38433"}],"wp:term":[{"taxonomy":"product_brand","embeddable":true,"href":"https:\/\/www.reefshops.com\/de\/wp-json\/wp\/v2\/product_brand?post=38433"},{"taxonomy":"product_cat","embeddable":true,"href":"https:\/\/www.reefshops.com\/de\/wp-json\/wp\/v2\/product_cat?post=38433"},{"taxonomy":"product_tag","embeddable":true,"href":"https:\/\/www.reefshops.com\/de\/wp-json\/wp\/v2\/product_tag?post=38433"}],"curies":[{"name":"wp","href":"https:\/\/api.w.org\/{rel}","templated":true}]}}