{"id":38445,"date":"2016-12-27T16:03:43","date_gmt":"2016-12-27T16:03:43","guid":{"rendered":"https:\/\/www.reefshops.com\/product\/red-devil-devil-skimmer-skimmer-nano-mikrozylinder-serie-mikrozylinder-red-devil-skimmer-rdc-250\/"},"modified":"2025-03-16T09:02:14","modified_gmt":"2025-03-16T09:02:14","slug":"red-devil-devil-skimmer-skimmer-nano-mikrozylinder-serie-mikrozylinder-red-devil-skimmer-rdc-250","status":"publish","type":"product","link":"https:\/\/www.reefshops.com\/de\/produkt\/red-devil-devil-skimmer-skimmer-nano-mikrozylinder-serie-mikrozylinder-red-devil-skimmer-rdc-250\/","title":{"rendered":"Red Devil Devil Skimmer Skimmer NANO Mikrozylinder Serie Mikrozylinder Red Devil Skimmer RDC-250"},"content":{"rendered":"<h2>Produktbeschreibung <\/h2>\n<div class=\" mod=\">\n<div>\n<div>\n<div class=\" detail-inside=\">\n<div>\n<div>\n<div class=\" region-custom=\">\n<div class=\" widget-custom=\">\n<div>\n<div class=\" mod-detail-description=\" data-mod-config='{\"showOn\":[\"mod-detail-description\"],\"title\":\ufffd\ufffd\u03f8\ufffd\ufffd\u03e2\",\"tabConfig\":{\"trace\": \"tabdetail\", \"showKey\": \"mod-detail-description\"}}'>\n<div class=\" de-description-detail=\">\n<div>\n<p><a><img class=\" size-full=\"><\/a><\/p>\n<p>Spezifikationen: <\/p>\n<p>Modell: RDC-250 \/ NANO-250 <\/p>\n<p>Platztyp: Eingebaut <\/p>\n<p>Gr\u00f6\u00dfe (Durchmesser\/H\u00f6he MM): 90\/420 <\/p>\n<p>Ausgestattet mit Wasserpumpe: Red Devil SP1 (Red Devil SP1) <\/p>\n<p>Betriebsleistung: 7,8 W <\/p>\n<p>Maximale Inspirationskapazit\u00e4t: 180 l\/h Maximal empfohlener Tank (L): 250 <\/p>\n<p>Empfohlener Tank: 50\u2013250 l <\/p>\n<p>Dock Spezifikationen (MM): 140\/100 <\/p>\n<p><a><img class=\" size-full=\"><\/a><\/p>\n<p>Und die Quelle von MARINE SOURCES RED DEVIL CONE (RDC) Red Devil Pumpenskimmerkegel (Stickstoff) Produktreihe Merkmale: <\/p>\n<p>Ein atemberaubendes Erscheinungsbild mit: MS und der Quelle der internationalen Version der RDC-Serie hochwertiger Red-Pipe-Pumpen. Red-Devil-Match-Produktion aus dem sehr modernen Sinn f\u00fcr Mode. <\/p>\n<p>2 RDC-250 ultrakleine Gr\u00f6\u00dfe belegt die angegebenen Spezifikationen: Nur 140 x 100 mm Grundfl\u00e4che k\u00f6nnen f\u00fcr alle Spezifikationen des Filtersumpfs platziert werden. <\/p>\n<p>3 ist mit der neuesten Entwicklung f\u00fcr kleine Skimmer Devil SP1-Nadelpumpen, verbesserter Nadel, einzigartigem Laufraddesign, leisem Betrieb, hoher Leistung und geringem Stromverbrauch ausgestattet. <\/p>\n<p>4 Vollkegelk\u00f6rper-Design zur Optimierung des Blaseneffekts, sodass organische Stoffe sanfter in den Auffangbecher gelangen. <\/p>\n<p>5 Alle mit Lasertechnologie hergestellten Teile gew\u00e4hrleisten nicht nur effektiv den Grad der Verarbeitung, sondern auch die Aufrechterhaltung einer stabilen Produktqualit\u00e4t. <\/p>\n<\/p><\/div>\n<p>&amp;Nbsp; f\u00fcr <\/p>\n<p>&amp;Nbsp; f\u00fcr <\/p>\n<div>\n<p>RDC Skimmer andere Modelle <\/p>\n<p><a><img class=\" size-full=\"><\/a><\/p>\n<p><a><img class=\" size-full=\"><\/a><\/p>\n<p><a><img class=\" size-full=\"><\/a><\/p>\n<div>RDC-850 ist links in der Mitte, DC-250 ist rechts RDC-900 <\/div>\n<div>Das obige Bild stammt aus der CIPS-Standortkarte der Aquarienausstellung. F\u00fcgen Sie ein neues Salzwasser mit tempor\u00e4rer Qualit\u00e4t hinzu <\/div>\n<div><img><\/div>\n<p><a><img class=\" size-full=\"><\/a><a><img class=\" size-large=\"><\/a><\/p>\n<p><a><img class=\" size-full=\"><\/a><\/p>\n<p>&amp;Nbsp; f\u00fcr <\/p>\n<\/p>\n<p>&amp;Nbsp; f\u00fcr <\/p>\n<div><\/div>\n<div>\n<\/div>\n<div><\/div>\n<div>Generationenvergleich <\/p>\n<p><\/div>\n<div>\n<\/div><\/div><\/div><\/div><\/div><\/div>\n<div class=\" widget-custom=\"><\/div><\/div><\/div><\/div><\/div><\/div><\/div><\/div><\/div>\n","protected":false},"excerpt":{"rendered":"<p>Red Devil Devil Skimmer Skimmer NANO Mikrozylinder Serie Mikrozylinder Red Devil Skimmer RDC-250<\/p>\n","protected":false},"featured_media":6300,"comment_status":"open","ping_status":"closed","template":"","meta":[],"product_brand":[],"product_cat":[1313],"product_tag":[],"class_list":{"0":"post-38445","1":"product","2":"type-product","3":"status-publish","4":"has-post-thumbnail","6":"product_cat-eiweisabschaumer","8":"first","9":"instock","10":"shipping-taxable","11":"purchasable","12":"product-type-simple","13":"add-to-wishlist-after_add_to_cart"},"jetpack_sharing_enabled":true,"_links":{"self":[{"href":"https:\/\/www.reefshops.com\/de\/wp-json\/wp\/v2\/product\/38445","targetHints":{"allow":["GET"]}}],"collection":[{"href":"https:\/\/www.reefshops.com\/de\/wp-json\/wp\/v2\/product"}],"about":[{"href":"https:\/\/www.reefshops.com\/de\/wp-json\/wp\/v2\/types\/product"}],"replies":[{"embeddable":true,"href":"https:\/\/www.reefshops.com\/de\/wp-json\/wp\/v2\/comments?post=38445"}],"wp:featuredmedia":[{"embeddable":true,"href":"https:\/\/www.reefshops.com\/de\/wp-json\/wp\/v2\/media\/6300"}],"wp:attachment":[{"href":"https:\/\/www.reefshops.com\/de\/wp-json\/wp\/v2\/media?parent=38445"}],"wp:term":[{"taxonomy":"product_brand","embeddable":true,"href":"https:\/\/www.reefshops.com\/de\/wp-json\/wp\/v2\/product_brand?post=38445"},{"taxonomy":"product_cat","embeddable":true,"href":"https:\/\/www.reefshops.com\/de\/wp-json\/wp\/v2\/product_cat?post=38445"},{"taxonomy":"product_tag","embeddable":true,"href":"https:\/\/www.reefshops.com\/de\/wp-json\/wp\/v2\/product_tag?post=38445"}],"curies":[{"name":"wp","href":"https:\/\/api.w.org\/{rel}","templated":true}]}}