{"id":38448,"date":"2016-12-27T16:03:44","date_gmt":"2016-12-27T16:03:44","guid":{"rendered":"https:\/\/www.reefshops.com\/product\/red-devil-devil-skimmer-wandskimmer-dho-dho-900-serie-wand-grostes-gewasser-geeignet-fur-900l\/"},"modified":"2025-03-16T09:02:23","modified_gmt":"2025-03-16T09:02:23","slug":"red-devil-devil-skimmer-wandskimmer-dho-dho-900-serie-wand-grostes-gewasser-geeignet-fur-900l","status":"publish","type":"product","link":"https:\/\/www.reefshops.com\/de\/produkt\/red-devil-devil-skimmer-wandskimmer-dho-dho-900-serie-wand-grostes-gewasser-geeignet-fur-900l\/","title":{"rendered":"Red Devil Devil Skimmer Wandskimmer DHO DHO-900-Serie Wand-gr\u00f6\u00dftes Gew\u00e4sser geeignet f\u00fcr 900L"},"content":{"rendered":"<h2>Produktbeschreibung <\/h2>\n<\/p>\n<p><a><img class=\" alignnone=\"><\/a><\/p>\n<p><a><img class=\" alignnone=\"><\/a><\/p>\n<p>Technische Parameter: <\/p>\n<div>\n<div>Modell:. DHO-900 <\/div>\n<div>Platzform: gerade Zylinderflaschen H\u00e4ngendes \/ an der Wand montiertes Au\u00dfenmodell <\/div>\n<div>Gr\u00f6\u00dfe (L\u00e4nge \/ Breite \/ H\u00f6he MM): 205\/175\/600 <\/div>\n<div>Ausgestattet mit Wasserpumpe: Red Devil SP3 (Red Devil SP3) <\/div>\n<div>Betriebsleistung: 13 W <\/div>\n<div>Maximale Inspirationskapazit\u00e4t: 700 l\/h <\/div>\n<div>Der maximal empfohlene Tank (L): 900 <\/div>\n<div>Tank mit allgemeiner Dichte (L): 550 ~ 900 <\/div>\n<div>Tank mit hoher Dichte (L): 250 ~ 550 <\/div>\n<div><\/div>\n<div><\/div>\n<div>Und die Quelle des wandmontierten DHO-Skimmers: <\/div>\n<div>\n<div><\/div>\n<div>Ein zylindrischer Wandreaktor-Innenaufbau. Experimentelle Ergebnisse zeigen, dass im Vergleich zu herk\u00f6mmlichen rechteckigen wandmontierten Skimmern Wasser und Gas gemischt werden und die zylindrische Reaktionskammer der Feinverteilung, der Effizienz und der Stabilit\u00e4t des Schaums f\u00f6rderlicher ist. <\/div>\n<div>2 MS wandmontierter Skimmer mit Blasenabweiser, reichhaltiger Schaum zur Reduzierung von St\u00f6\u00dfen. <\/div>\n<div>3 DHO-850 ist mit einem Skimmer ausgestattet, der speziell f\u00fcr die hocheffiziente Pumpe Devil entwickelt wurde. 13 W Stromverbrauch, die maximale Aufnahmemenge kann bis zu 700 l\/h betragen. <\/div>\n<div>4 Einfach einzustellende F\u00fcllstandskontrolle: Die Einstellstange kann direkt mit der Reaktionskammer verbunden werden, um den Wasserstand \u00fcber die R\u00fcckseite einzustellen (im Gegensatz zu anderen herk\u00f6mmlichen rechteckigen wandmontierten Skimmern ist eine Anpassung durch passives, umst\u00e4ndliches Anheben des Auffangbechers erforderlich) <\/div>\n<div>5 Abnehmbares Auffangbecherdesign, extrem leicht zu reinigen. Kommt mit einem Stopfen und dem Abwasserauslauf, was laufende Wartungsarbeiten erleichtert. <\/div><\/div><\/div>\n<p><a><br \/> <\/a><\/p>\n<div><\/div>\n<div>\n<div><a><img class=\" size-full=\"><\/a><\/div>\n<div><\/div><\/div>\n<div><\/div>\n<div><strong>MS externer wandmontierter Skimmer Zum ersten Mal wurde die Startmethode eingef\u00fchrt. <\/strong><\/div>\n<div><\/div>\n<div>\n<div>Bei der erstmaligen Installation und der Quelle eines wandmontierten externen Skimmers m\u00fcssen wir den Pumpenk\u00f6rper entleeren, um den Luftskimmer zu starten. <\/div>\n<div><\/div>\n<div>Bitte starten Sie den Wandabscheider mit den folgenden zwei Schritten: <\/div>\n<div><\/div>\n<div>Schritt 1: <strong>Wasser f\u00fcllte den Tank bis zur Reaktionskammer des Skimmers <\/strong>. Das Wasser muss die Skimmer-Reaktionskammer des Pumpeneinlasses bedecken, der Wasserstand der Reaktionskammer sollte mindestens 3 cm betragen. <\/div>\n<div><\/div>\n<div>Schritt 2: <strong>Entleeren Sie das Gas aus dem Skimmer (Pumpengas) im Inneren, starten Sie den Skimmer <\/strong>\uffa1\uffa3 <\/div>\n<div>Neu installierter, an der Wand montierter externer Eiwei\u00dfabsch\u00e4umer. Es wird eine interne Gaspumpe vorhanden sein, diese Gase k\u00f6nnen zum ersten Mal auf die Skimmerpumpe einwirken und mit dem Pumpen beginnen. Der einfachste Weg, internes Gas auszuschlie\u00dfen, ist: <strong>Stecken Sie gleichzeitig ein Finger-Doppelschalld\u00e4mpfer-Einlassrohr auf und starten Sie die Pumpe. <\/strong>\uffa1\uffa3 Wenn die Pumpe Wasser in die Reaktionskammer absaugt und die Reaktionskammer f\u00fcllt, flie\u00dft das Wasser aus dem Auslassrohr, um den Skimmer zu erkennen. <\/div>\n<div><\/div>\n<div>Hinweis: <\/div>\n<div><\/div>\n<div>Das Verfahren zum Starten von 1 oder mehr Luftreihen gilt nur f\u00fcr <strong>Wandmontierte externe Eiwei\u00dfabsch\u00e4umer<\/strong>. Andere MS-Serien aller nicht eingebauten wandmontierten und externen Absch\u00e4umer k\u00f6nnen die Pumpe direkt \u00f6ffnen, um den Absch\u00e4umer zu starten. <\/div>\n<div>2 Nach dem ersten erfolgreichen Start wird der externe wandmontierte Skimmer wieder geschlossen und gestartet. Sie m\u00fcssen die oben genannten Schritte nicht wiederholen. Sie k\u00f6nnen die Pumpe direkt \u00f6ffnen, um den Skimmer zu starten. <\/div>\n<div>2 Da eine externe wandmontierte Skimmerpumpe zur Reinigung entfernt wurde, installieren Sie sie neu und befolgen Sie die oben genannten Schritte, um die Abluft neu zu starten. <\/div>\n<div><\/div>\n<div>Andere Probleme: <\/div>\n<div>F: Was ist ein wandmontierter Au\u00dfenskimmer und ein wandmontierter Einbauskimmer <\/div>\n<div>A: Der Unterschied besteht darin, dass ein anderer Ort in der Form der Reaktionskammer vorliegt. <\/div>\n<div>An der Wand montierter externer Skimmer bedeutet, dass der an der Wand montierte Skimmer in der Hauptreaktionskammer au\u00dferhalb des Zylinders \/ Filtertanks au\u00dferhalb des Skimmers h\u00e4ngt. Das hei\u00dft, die Reaktionskammer ist nicht direkt im Wasserk\u00f6rper eingetaucht. Wir m\u00fcssen die interne Luftpumpe entl\u00fcften, um zu starten. <\/div>\n<div>Eingebauter an der Wand montierter Skimmer bedeutet, dass sich der an der Wand montierte Skimmer der Reaktionskammer im Zylinder befindet \/ Filtertank. Das hei\u00dft, die Hauptreaktionskammer und die Pumpe tauchen direkt in das Gew\u00e4sser ein. Die interne Luftpumpe muss nicht entladen werden, die Pumpe kann direkt ge\u00f6ffnet gestartet werden. <\/div>\n<div><\/div>\n<div>DHO-Produkte <\/div>\n<div><a><img class=\" size-full=\"><\/a><\/p>\n<\/div><\/div>\n<div><\/div>\n<div><strong>DHO-900C <\/strong><\/div>\n<div><strong>FIG-Produkt l\u00e4uft einwandfrei <\/strong><\/div>\n<div><strong><a><img class=\" alignnone=\"><\/a><\/p>\n<p><\/strong><br \/><a><img class=\" alignnone=\"><\/a><\/div>\n<p>&amp;Nbsp; f\u00fcr <\/p>\n<\/p><\/div>\n","protected":false},"excerpt":{"rendered":"<p>Red Devil Devil Skimmer Wandskimmer DHO DHO-900-Serie Wand-gr\u00f6\u00dftes Gew\u00e4sser geeignet f\u00fcr 900L<\/p>\n","protected":false},"featured_media":6353,"comment_status":"open","ping_status":"closed","template":"","meta":[],"product_brand":[],"product_cat":[1313],"product_tag":[],"class_list":{"0":"post-38448","1":"product","2":"type-product","3":"status-publish","4":"has-post-thumbnail","6":"product_cat-eiweisabschaumer","8":"first","9":"instock","10":"shipping-taxable","11":"purchasable","12":"product-type-simple","13":"add-to-wishlist-after_add_to_cart"},"jetpack_sharing_enabled":true,"_links":{"self":[{"href":"https:\/\/www.reefshops.com\/de\/wp-json\/wp\/v2\/product\/38448","targetHints":{"allow":["GET"]}}],"collection":[{"href":"https:\/\/www.reefshops.com\/de\/wp-json\/wp\/v2\/product"}],"about":[{"href":"https:\/\/www.reefshops.com\/de\/wp-json\/wp\/v2\/types\/product"}],"replies":[{"embeddable":true,"href":"https:\/\/www.reefshops.com\/de\/wp-json\/wp\/v2\/comments?post=38448"}],"wp:featuredmedia":[{"embeddable":true,"href":"https:\/\/www.reefshops.com\/de\/wp-json\/wp\/v2\/media\/6353"}],"wp:attachment":[{"href":"https:\/\/www.reefshops.com\/de\/wp-json\/wp\/v2\/media?parent=38448"}],"wp:term":[{"taxonomy":"product_brand","embeddable":true,"href":"https:\/\/www.reefshops.com\/de\/wp-json\/wp\/v2\/product_brand?post=38448"},{"taxonomy":"product_cat","embeddable":true,"href":"https:\/\/www.reefshops.com\/de\/wp-json\/wp\/v2\/product_cat?post=38448"},{"taxonomy":"product_tag","embeddable":true,"href":"https:\/\/www.reefshops.com\/de\/wp-json\/wp\/v2\/product_tag?post=38448"}],"curies":[{"name":"wp","href":"https:\/\/api.w.org\/{rel}","templated":true}]}}