{"id":38459,"date":"2016-12-27T16:03:36","date_gmt":"2016-12-27T16:03:36","guid":{"rendered":"https:\/\/www.reefshops.com\/product\/skimmer-skimmer-aufsatz-unterstutzungspaket\/"},"modified":"2025-03-16T08:55:34","modified_gmt":"2025-03-16T08:55:34","slug":"skimmer-skimmer-aufsatz-unterstutzungspaket","status":"publish","type":"product","link":"https:\/\/www.reefshops.com\/de\/produkt\/skimmer-skimmer-aufsatz-unterstutzungspaket\/","title":{"rendered":"Skimmer-Skimmer-Aufsatz-Unterst\u00fctzungspaket"},"content":{"rendered":"<h2>Produktbeschreibung <\/h2>\n<div><strong><img><\/p>\n<p><\/strong><\/div>\n<div><strong>Skimmer-Supportpaket <\/strong><\/div>\n<div><\/div>\n<div>Und die Quelle des MS-Skimmer-Supportpakets ist Eine notwendige Erg\u00e4nzung zum Skimmer. <\/div>\n<div><\/div>\n<div>Das Support-Kit kann uns helfen, einige Probleme zu l\u00f6sen, die durch die lange Betriebszeit des Skimmers verursacht wurden, und die routinem\u00e4\u00dfige Wartungsarbeit einfacher machen. http:\/\/cbu01.alicdn.com\/img\/ibank\/2013\/084\/510\/944015480_983171743.jpg&#8220;=&#8220;&gt;<\/p>\n<\/div>\n<div>PS: Bilder dienen nur als Referenz, die unten angegebene Nummer hat Vorrang. <\/div>\n<div><\/div>\n<div>\n<p><strong>Produktdetails <\/strong><\/p>\n<div>Modell: SBP80 <\/div>\n<div><strong>Enth\u00e4lt eine Reihe von Artikeln zur L\u00f6sung von Problemen <\/strong><\/div>\n<div>SP3 Stiftb\u00fcrstenrad 1 Stk. Nadelschaden oder B\u00fcrstenverschlei\u00df <\/div>\n<div>SP3 Keramikschaft 1 Stk. Keramikschaftbruch. <\/div>\n<div>SP3 H\u00fclse 3 Stk Buchsen abgenutzt oder fehlen <\/div>\n<div>Skimmer-Schraube 3 St\u00fcck verschlissene oder verlorene Schrauben <\/div>\n<div>Abwassersammelbecherstopfen 3 St\u00fcck Abwasserstopfen ist sehr klein, sehr leicht zu verlieren <\/div>\n<div>Sammelbecher-O-Ring 1 St\u00fcck O-Ring abgenutzt oder fehlt <\/div>\n<div>Skimmer-Trimmventil 1 St\u00fcck kann die Menge der Ansaugluft des Skimmers besser einstellen <\/div>\n<div>Ozonbest\u00e4ndiger Schlauch 1 St\u00fcck Ventil muss Installieren Sie einen Schlauch in zwei <\/div>\n<div>Normale Abnutzung durch Langzeitgebrauch <\/div>\n<div>\n<table>\n<tbody>\n<tr>\n<td>\n<table>\n<tbody>\n<tr>\n<td>\n<div>Modell Anwendbare Skimmer-Modelle <\/div>\n<div>SBP80 RDC-850 \/ RDC-900 \/ SDC-900 \/ SDC-900E <\/div>\n<div>SDP-900 \/ SDP-900E \/ DHO-900 \/ DHO-900C <\/div>\n<\/td>\n<\/tr>\n<\/tbody>\n<\/table>\n<\/td>\n<\/tr>\n<\/tbody>\n<\/table><\/div><\/div>\n<div>\n<div>\n<div><\/div>\n<div><\/div>\n<div><\/div>\n<div>Modell: SBP120 <\/div><\/div>\n<div><strong>Enth\u00e4lt eine Reihe von Elementen zur L\u00f6sung von Problemen <\/strong><\/div>\n<div>SP3 Nadel Nadelb\u00fcrste B\u00fcrstenrad 2 St\u00fcck besch\u00e4digt oder abgenutzt <\/div>\n<div>SP3 Keramikschaft 2 St\u00fcck Keramikschaft gebrochen. <\/div>\n<div>SP3-H\u00fclse 6 Stk. Buchsen verschlissen oder fehlen<\/div>\n<div>Skimmerschraube 3 Stk. verschlissene oder verlorene Schrauben <\/div>\n<div>Abwassersammelbecherstopfen 3 Stk. Abwasserstopfen ist sehr klein, sehr leicht zu verlieren <\/div>\n<div>Sammelbecher-O-Ring 1 Stk. O-Ring abgenutzt oder fehlt <\/div>\n<div>Skimmer-Trimmventil 2 Stk. kann die Saugmenge des Skimmers besser regulieren<\/div>\n<div>Ozonbest\u00e4ndiger Schlauch 1 St\u00fcck Ventil muss in zwei Teile eingebaut werden <\/div>\n<div>Normale Abnutzung durch Langzeitgebrauch <\/div><\/div>\n<div>\n<div>\n<table>\n<tbody>\n<tr>\n<td>\n<table>\n<tbody>\n<tr>\n<td>\n<div>Modell Anwendbare Skimmer-Modelle <\/div>\n<div>SBP120 RDC-1600 \/ RDC-1800 \/ SDC-1600 <\/div>\n<div>SDC-1800E \/ SDP-1800 \/ SDP-1800E <\/div>\n<\/td>\n<\/tr>\n<\/tbody>\n<\/table>\n<\/td>\n<\/tr>\n<\/tbody>\n<\/table><\/div><\/div>\n<div>\n<table>\n<tbody>\n<tr>\n<td>\n<table>\n<tbody>\n<tr>\n<td><\/td>\n<\/tr>\n<\/tbody>\n<\/table>\n<p><a><img class=\" wp-image-3674=\"><\/a> <a><img class=\" size-full=\"><\/a> <a><img class=\" size-full=\"><\/a><\/p>\n<\/p>\n<\/td>\n<\/tr>\n<\/tbody>\n<\/table><\/div><\/div>\n","protected":false},"excerpt":{"rendered":"<p>Skimmer-Skimmer-Aufsatz-Unterst\u00fctzungspaket<\/p>\n","protected":false},"featured_media":6072,"comment_status":"open","ping_status":"closed","template":"","meta":[],"product_brand":[],"product_cat":[1313],"product_tag":[],"class_list":{"0":"post-38459","1":"product","2":"type-product","3":"status-publish","4":"has-post-thumbnail","6":"product_cat-eiweisabschaumer","8":"first","9":"instock","10":"shipping-taxable","11":"purchasable","12":"product-type-simple","13":"add-to-wishlist-after_add_to_cart"},"jetpack_sharing_enabled":true,"_links":{"self":[{"href":"https:\/\/www.reefshops.com\/de\/wp-json\/wp\/v2\/product\/38459","targetHints":{"allow":["GET"]}}],"collection":[{"href":"https:\/\/www.reefshops.com\/de\/wp-json\/wp\/v2\/product"}],"about":[{"href":"https:\/\/www.reefshops.com\/de\/wp-json\/wp\/v2\/types\/product"}],"replies":[{"embeddable":true,"href":"https:\/\/www.reefshops.com\/de\/wp-json\/wp\/v2\/comments?post=38459"}],"wp:featuredmedia":[{"embeddable":true,"href":"https:\/\/www.reefshops.com\/de\/wp-json\/wp\/v2\/media\/6072"}],"wp:attachment":[{"href":"https:\/\/www.reefshops.com\/de\/wp-json\/wp\/v2\/media?parent=38459"}],"wp:term":[{"taxonomy":"product_brand","embeddable":true,"href":"https:\/\/www.reefshops.com\/de\/wp-json\/wp\/v2\/product_brand?post=38459"},{"taxonomy":"product_cat","embeddable":true,"href":"https:\/\/www.reefshops.com\/de\/wp-json\/wp\/v2\/product_cat?post=38459"},{"taxonomy":"product_tag","embeddable":true,"href":"https:\/\/www.reefshops.com\/de\/wp-json\/wp\/v2\/product_tag?post=38459"}],"curies":[{"name":"wp","href":"https:\/\/api.w.org\/{rel}","templated":true}]}}