{"id":38462,"date":"2016-12-27T16:03:49","date_gmt":"2016-12-27T16:03:49","guid":{"rendered":"https:\/\/www.reefshops.com\/product\/red-devil-devil-skimmer-kegelskimmer-sdc-sdc-750-serie-das-groste-gewasser-von-red-devil-geeignet-fur-750-l\/"},"modified":"2025-03-16T09:03:04","modified_gmt":"2025-03-16T09:03:04","slug":"red-devil-devil-skimmer-kegelskimmer-sdc-sdc-750-serie-das-groste-gewasser-von-red-devil-geeignet-fur-750-l","status":"publish","type":"product","link":"https:\/\/www.reefshops.com\/de\/produkt\/red-devil-devil-skimmer-kegelskimmer-sdc-sdc-750-serie-das-groste-gewasser-von-red-devil-geeignet-fur-750-l\/","title":{"rendered":"Red Devil Devil Skimmer Kegelskimmer SDC SDC-750 Serie Das gr\u00f6\u00dfte Gew\u00e4sser von Red Devil, geeignet f\u00fcr 750 l"},"content":{"rendered":"<h2>Produktbeschreibung <\/h2>\n<p>Technische Parameter: <\/p>\n<div>Modell: SDC-750 <\/div>\n<div>Platztyp: Eingebaut <\/div>\n<div>Gr\u00f6\u00dfe (Durchmesser\/H\u00f6he MM): 120\/510 <\/div>\n<div>Ausgestattet mit Wasserpumpe: Red Devil SP2 (Red Devil SP2) <\/div>\n<div>Betriebsleistung: 13 W <\/div>\n<div>Maximale Inspirationskapazit\u00e4t: 400 l\/h <\/div>\n<div>Der maximal empfohlene Tank (L): 750 <\/div>\n<div>Auslassspezifikationen: 40 mm <\/div>\n<div>Abdeckungsspezifikationen MM: 300\/210 <\/div>\n<div><\/div>\n<div><a><img class=\" size-full=\"><\/a><\/p>\n<p><\/div>\n<div><\/div>\n<div>\n<div>Und die Quelle der MARINEQUELLEN SUPER DEVIL CONE (SDC) Super Devil Pump-Skimmer-Kegel (Stickstoff) Sortimentsmerkmale: <\/div>\n<div>1 Mehr als Effizienz, speziell f\u00fcr Stickstoff-\/Protein-Skimmer entwickelte Devil-Koniferenpumpe konfiguriert. <\/div>\n<div>2 Devil Nadelpumpe SP2-Antrieb (bis zum maximalen Inspirationsvolumen: 400 l\/h, Stromverbrauch ca. 13 W. <\/div>\n<div>3 nutzt das international beliebte konische K\u00f6rperdesign und optimiert den Blaseneffekt, um die organische Substanz sanfter in den Sammelbecher zu leiten. <\/div>\n<div>4 Abnehmbares Skimmerk\u00f6rper-Rumpfdesign, die Reaktionskammer und die zylindrische Basis kann leicht entfernt werden, leicht zu reinigen. <\/div>\n<div>5 Ausgestattet mit der neuesten Version optimierter Laufradnadel, reichhaltiger Schaum ist extrem empfindlich. <\/div>\n<div>6 Die neuesten verbesserten Venturi-Rohre (Venturi-Rohr) haben eine gr\u00f6\u00dfere Ansaugmenge als andere \u00e4hnliche Produkte. <\/div>\n<div>7 Einzigartiges Dual-Porosit\u00e4ts-Schalld\u00e4mpferdesign, reduziert Ger\u00e4usche, leiserer Betrieb der Maschine. <\/div>\n<p>8 Alle mit Lasertechnologie gefertigten Teile gew\u00e4hrleisten nicht nur den Grad der Verarbeitung, sondern auch die Produktqualit\u00e4t und Stabilit\u00e4t. <\/p>\n<\/p><\/div>\n<div><\/div>\n<div><\/div>\n<div>SDC-Serie Andere Skimmermodelle <\/div>\n<div><a><img class=\" size-full=\"><\/a><\/p>\n<\/div>\n<div>\n<\/div>\n<div><\/div>\n<div><\/div>\n<div><\/div>\n<div>Hier sind einige Details des Produkts <\/div>\n<div><\/div>\n<div><a><img class=\" size-full=\"><\/a> <a><img class=\" size-full=\"><\/a><\/p>\n<\/div>\n<div><\/div>\n<div><a><img class=\" alignnone=\"><\/a><\/p>\n<\/div>\n<div>\n<\/div><\/div>\n","protected":false},"excerpt":{"rendered":"<p>Red Devil Devil Skimmer Kegelskimmer SDC SDC-750 Serie Das gr\u00f6\u00dfte Gew\u00e4sser von Red Devil, geeignet f\u00fcr 750 l<\/p>\n","protected":false},"featured_media":6566,"comment_status":"open","ping_status":"closed","template":"","meta":[],"product_brand":[],"product_cat":[1313],"product_tag":[],"class_list":{"0":"post-38462","1":"product","2":"type-product","3":"status-publish","4":"has-post-thumbnail","6":"product_cat-eiweisabschaumer","8":"first","9":"instock","10":"shipping-taxable","11":"purchasable","12":"product-type-simple","13":"add-to-wishlist-after_add_to_cart"},"jetpack_sharing_enabled":true,"_links":{"self":[{"href":"https:\/\/www.reefshops.com\/de\/wp-json\/wp\/v2\/product\/38462","targetHints":{"allow":["GET"]}}],"collection":[{"href":"https:\/\/www.reefshops.com\/de\/wp-json\/wp\/v2\/product"}],"about":[{"href":"https:\/\/www.reefshops.com\/de\/wp-json\/wp\/v2\/types\/product"}],"replies":[{"embeddable":true,"href":"https:\/\/www.reefshops.com\/de\/wp-json\/wp\/v2\/comments?post=38462"}],"wp:featuredmedia":[{"embeddable":true,"href":"https:\/\/www.reefshops.com\/de\/wp-json\/wp\/v2\/media\/6566"}],"wp:attachment":[{"href":"https:\/\/www.reefshops.com\/de\/wp-json\/wp\/v2\/media?parent=38462"}],"wp:term":[{"taxonomy":"product_brand","embeddable":true,"href":"https:\/\/www.reefshops.com\/de\/wp-json\/wp\/v2\/product_brand?post=38462"},{"taxonomy":"product_cat","embeddable":true,"href":"https:\/\/www.reefshops.com\/de\/wp-json\/wp\/v2\/product_cat?post=38462"},{"taxonomy":"product_tag","embeddable":true,"href":"https:\/\/www.reefshops.com\/de\/wp-json\/wp\/v2\/product_tag?post=38462"}],"curies":[{"name":"wp","href":"https:\/\/api.w.org\/{rel}","templated":true}]}}