{"id":38507,"date":"2016-12-27T16:03:38","date_gmt":"2016-12-27T16:03:38","guid":{"rendered":"https:\/\/www.reefshops.com\/product\/titrierpumpe-und-zugehoriges-zubehor-lsc5-0-acryl-flussigkeitsfasser-mit-50-litern-fassungsvermogen\/"},"modified":"2025-03-16T08:55:55","modified_gmt":"2025-03-16T08:55:55","slug":"titrierpumpe-und-zugehoriges-zubehor-lsc5-0-acryl-flussigkeitsfasser-mit-50-litern-fassungsvermogen","status":"publish","type":"product","link":"https:\/\/www.reefshops.com\/de\/produkt\/titrierpumpe-und-zugehoriges-zubehor-lsc5-0-acryl-flussigkeitsfasser-mit-50-litern-fassungsvermogen\/","title":{"rendered":"Titrierpumpe und zugeh\u00f6riges Zubeh\u00f6r LSC5.0 Acryl-Fl\u00fcssigkeitsf\u00e4sser mit 5,0 Litern Fassungsverm\u00f6gen"},"content":{"rendered":"<h2>Produktbeschreibung <\/h2>\n<p><a><img class=\" size-large=\"><\/a><\/p>\n<p><\/p>\n<p>Source Sea Reservoir Barrel <\/p>\n<p>Sea MARINE SOURCES Source Reservoir Barrel wird durch die Verwendung von fortschrittlichem Acryl hergestellt. Bei Raumtemperatur und normaler Beladung k\u00f6nnen alle Arten von Tanks und Fl\u00fcssigkeitszus\u00e4tzen verwendet werden, da verschiedene Arten von Fl\u00fcssigkeitsspeicherbeh\u00e4ltern auch mit Pumpeneinsatz titriert werden k\u00f6nnen. <\/p>\n<p>Reservoir Barrel wird mitgeliefert Ein kleiner transparenter Schlauch, entweder gef\u00fchrter Titrationspumpenschlauch im Endteil, um die Fl\u00fcssigkeit nicht zu verstopfen und zu gl\u00e4tten, kann als Fl\u00fcssigkeitsr\u00fchrstab verwendet werden. <\/p>\n<p>Modell: LSC0.8 Innenkapazit\u00e4t: 0,8 l Spezifikationen (Abdeckungsgr\u00f6\u00dfe\/-h\u00f6he): 90 x 90\/200 mm <br \/> Modell: LSC1.5 Innenkapazit\u00e4t: 1,5 l Spezifikationen (Abdeckungsgr\u00f6\u00dfe\/-h\u00f6he): 100 x 100\/305 mm <br \/> Modell: LSC2.5 Innenkapazit\u00e4t: 2,5 l Spezifikationen (Abdeckungsgr\u00f6\u00dfe\/-h\u00f6he): 120 x 120\/355 mm <br \/>Modell: LSC5.0, interne Kapazit\u00e4t: 5,0 l, Spezifikationen (Abdeckungsgr\u00f6\u00dfe\/-h\u00f6he): 160 x 160\/360 mm <\/p>\n<\/p><\/div>\n","protected":false},"excerpt":{"rendered":"<p>Titrierpumpe und zugeh\u00f6riges Zubeh\u00f6r LSC5.0 Acryl-Fl\u00fcssigkeitsf\u00e4sser mit 5,0 Litern Fassungsverm\u00f6gen<\/p>\n","protected":false},"featured_media":6175,"comment_status":"open","ping_status":"closed","template":"","meta":[],"product_brand":[],"product_cat":[1313],"product_tag":[],"class_list":{"0":"post-38507","1":"product","2":"type-product","3":"status-publish","4":"has-post-thumbnail","6":"product_cat-eiweisabschaumer","8":"first","9":"instock","10":"shipping-taxable","11":"purchasable","12":"product-type-simple","13":"add-to-wishlist-after_add_to_cart"},"jetpack_sharing_enabled":true,"_links":{"self":[{"href":"https:\/\/www.reefshops.com\/de\/wp-json\/wp\/v2\/product\/38507","targetHints":{"allow":["GET"]}}],"collection":[{"href":"https:\/\/www.reefshops.com\/de\/wp-json\/wp\/v2\/product"}],"about":[{"href":"https:\/\/www.reefshops.com\/de\/wp-json\/wp\/v2\/types\/product"}],"replies":[{"embeddable":true,"href":"https:\/\/www.reefshops.com\/de\/wp-json\/wp\/v2\/comments?post=38507"}],"wp:featuredmedia":[{"embeddable":true,"href":"https:\/\/www.reefshops.com\/de\/wp-json\/wp\/v2\/media\/6175"}],"wp:attachment":[{"href":"https:\/\/www.reefshops.com\/de\/wp-json\/wp\/v2\/media?parent=38507"}],"wp:term":[{"taxonomy":"product_brand","embeddable":true,"href":"https:\/\/www.reefshops.com\/de\/wp-json\/wp\/v2\/product_brand?post=38507"},{"taxonomy":"product_cat","embeddable":true,"href":"https:\/\/www.reefshops.com\/de\/wp-json\/wp\/v2\/product_cat?post=38507"},{"taxonomy":"product_tag","embeddable":true,"href":"https:\/\/www.reefshops.com\/de\/wp-json\/wp\/v2\/product_tag?post=38507"}],"curies":[{"name":"wp","href":"https:\/\/api.w.org\/{rel}","templated":true}]}}