{"id":38994,"date":"2016-12-27T16:03:42","date_gmt":"2016-12-27T16:03:42","guid":{"rendered":"https:\/\/www.reefshops.com\/product\/dzr-150-zeolith-zeolith-fass\/"},"modified":"2025-03-16T09:02:03","modified_gmt":"2025-03-16T09:02:03","slug":"dzr-150-zeolith-zeolith-fass","status":"publish","type":"product","link":"https:\/\/www.reefshops.com\/de\/produkt\/dzr-150-zeolith-zeolith-fass\/","title":{"rendered":"DZR-150 Zeolith-Zeolith-Fass"},"content":{"rendered":"<h2>Produktbeschreibung <\/h2>\n<div><a><img class=\" alignnone=\"><\/a><\/p>\n<\/div>\n<div><\/div>\n<div>\n<p>Und die Quelle von MARINE SOURCES Zeolith-Fass (Devil-Pumpe) DZR-150 <\/p>\n<div>\n<div>Modell:. DZR-150 <br \/> Ortstyp: Eingebaut <br \/> Produktspezifikationen (Durchmesser \/ H\u00f6he MM): 150\/500 <br \/> Verwendung Pumpe: Devil D3000 <\/div>\n<div>Leistung \/ Durchfluss: 40 W \/ 3000 l \/ h <br \/> Maximal aufbereitetes Wasser: 1600 l: <\/div>\n<div>Bereichsspezifikation (MM):, 320\/170 <\/div><\/div><\/div>\n<div><\/div>\n<div>\n<div><\/div>\n<div>Zeolithfass Verwendungsbeschreibung: <\/div>\n<div>(Im Folgenden Zeolith-Daten aus dem Internet, als Referenz) <\/div>\n<div><\/div>\n<div>Meeres-Zeolith-Quelle mit hochwertiger Acrylwanne und fortschrittlicher Rohrproduktion, ist eine neue Generation von Meerwassertanks-Filtrationsger\u00e4ten, das System besteht aus Zeovit-wesentlichen Ger\u00e4ten. Das System ist derzeit in Zeovit-Kreisen im In- und Ausland anerkannt, insbesondere bei Meeresfischkorallen, und ist das perfekteste lebenserhaltende System f\u00fcr SPS-Korallen. <\/div>\n<div><\/div>\n<div>\n<p>PS: Quelle Zeolith Fass Meer mit so flexibel passen Sie die Pumpe flexibel an die Tankwasserpumpen an den empfohlenen maximalen Durchfluss an, z. B. ist der Kundentank relativ klein, es wird empfohlen, zus\u00e4tzliche 20-mm-Kugelh\u00e4hne zu verwenden (siehe auch Notwendigkeit, 20-mm-Stromanschluss zu kaufen, Anschluss) Durchfluss, <\/p>\n<p>&amp;Nbsp; f\u00fcr <\/p>\n<p>Sedimentgesteine, die bei Vulkanausbr\u00fcchen auch als zeolithisches Vulkangestein bekannt sind, entstehen durch die Verfl\u00fcssigung oder Verdampfung sediment\u00e4rer organischer Materie, wodurch feine L\u00f6cher entstehen. Bei diesen L\u00f6chern handelt es sich im Allgemeinen um organische Molek\u00fcle gleicher Gr\u00f6\u00dfe, die nur einen Nanometer gro\u00df sind, was der inneren dichten Porenstruktur des Schwamms \u00e4hnelt, sodass die organische Substanz im Wasser eine starke Adsorption aufweist. Dabei handelt es sich um ein physikalisches Filterprinzip von Zeolith. <\/p>\n<p>Sedimentgestein aus Aluminium-Zeolith-Mineralsalzen wie Selen, basierend auf dem Prinzip des Ionenaustauschs, haben Zeolith-Kationen eine starke Adsorption. Dabei handelt es sich um ein chemisches Filterprinzip von Zeolith. <\/p>\n<p>Der Zeolith kann organische und anorganische Molek\u00fcle adsorbieren, \u00fcblicherweise Methanol, Ammoniak und andere kleinere Molek\u00fcle. Die meisten dieser Substanzen k\u00f6nnen vom Skimmer und der Aktivkohle au\u00dferhalb des Bereichs verarbeitet werden. Daher kann Zeolith in Meerwasseranwendungen die Alterung der Wasserqualit\u00e4t erheblich verlangsamen. <\/p>\n<p>Die Vorteile der Anwendung von Zeolith in Meerwassertanks sind wie folgt: <br \/> 1, um eine relativ niedrige Konzentration von NO3 und NO4 + (Ammoniak \/ Ammonium) aufrechtzuerhalten, optimale Lebensbedingungen f\u00fcr Meeresbewohner NH3 + (NH4 +) &lt;0,02 ppm oder weniger und eine Vielzahl traditioneller Filtermethoden k\u00f6nnen eine solche Umgebung schaffen, aber Sie m\u00f6chten tiefer fallen, um sich auf den Zeolith zu verlassen, der f\u00fcr die Aufrechterhaltung von SPS sehr wichtig ist Korallen. <br \/> 2, weil der Zeolith die organische Funktion adsorbiert und so die Bildung anorganischer Salze verringert. <br \/> 3, vermeiden Sie einen \u00fcberm\u00e4\u00dfigen Gehalt an Meerwassermetallelementen. <br \/> 4, der Wasserhaushalt der Konzentrationen von organischem Kohlenstoff, organischem Stickstoff und organischem Phosphor. Diese drei Substanzen: Je stabiler die Zylindermikroorganismen sind, desto h\u00e4rter ist der Klang, desto besser ist der Zustand der Korallen. <br \/> 5, Erh\u00f6hen Sie die Transparenz des Tanks <br \/> 6, Adsorption \u00fcbersch\u00fcssiger Zusatzstoffe, um den besten Puffer aufzubauen. <br \/> 7, ein nat\u00fcrliches Bleichmittel <\/p>\n<p>Aber es gibt auch Nachteile von Zeolith, da sich wie bei allen biologischen Filtern w\u00e4hrend des Gebrauchs eine gro\u00dfe Anzahl n\u00fctzlicher Bakterien an der Oberfl\u00e4che festsetzen, da die Poren des Zeoliths extrem klein sind, so dass sie leicht verstopft werden k\u00f6nnen und schlie\u00dflich ihre eigentliche Funktion v\u00f6llig verloren gehen. Daher muss bei der Verwendung von Zeolith im Meer im Tank das Prinzip der h\u00e4ufigen Reinigung (Reinigung) eingehalten werden, und im Reinigungsprozess gilt: Je intensiver, desto besser rollt Zeolith. Wenn das Produkt Zeolith-Fass ZF-140 genau auf die Arbeitsumgebung des Zeoliths, des Zeoliths im Acryl-Fass, abgestimmt ist, wird bei Verwendung einer Tauchpumpe ein gleichm\u00e4\u00dfiger Meerwasserfluss zugef\u00fchrt und flie\u00dft dann von oben ab. Um das rollende Zeolith zu st\u00e4rken, ist dieses Produkt speziell mit Griffen ausgestattet. Es wird empfohlen, mindestens 30 Mal am Tag zu dr\u00fccken und zu ziehen. <\/p>\n<p>Achtung: <br \/> 1, die Verwendung dieses Produkts wird die N\u00e4hrstoffe im Meerwasser reduzieren, so dass Korallenbleiche nicht gef\u00fcttert werden muss, aber pl\u00f6tzlich wird eine gro\u00dfe Anzahl von F\u00fctterungen die Belastung des Filtersystems erh\u00f6hen, muss schrittweise erfolgen, um N\u00e4hrstoffe zu reduzieren, und die F\u00fctterung sollte ausgewogen sein. <br \/> 2. Ein neues Aquarium mit diesem Produkt muss mindestens zwei Monate haltbar sein, damit das Wasser langsam in den Organismus gelangt. Um dieses Produkt zu verwenden, muss das alte Aquarium \u00fcber einen l\u00e4ngeren Zeitraum gefiltert werden, da dieses Produkt N\u00e4hrstoffe aufnimmt, was dazu f\u00fchrt, dass die Zylindermikroorganismen sterben, da es keine Nahrung gibt und absterben. Daher ist der biologische Filtertank umso mehr auf den \u00dcbergang angewiesen, der l\u00e4nger ben\u00f6tigt wird. <br \/> 3, da die Bedienung des Produkts ein gewisses Ma\u00df an Schwierigkeit aufweist, sollten Kunden daher vor dem Kauf gewarnt werden: Dies gilt nur f\u00fcr Ger\u00e4te, die \u00fcber betr\u00e4chtliche Erfahrung und ein gewisses Ma\u00df an Enthusiasten verf\u00fcgen, und ist einfach nicht f\u00fcr den Kontakt mit Meerwassertanks geeignet, die von Anf\u00e4ngern gehalten werden. <\/p>\n<\/p><\/div><\/div>\n<div><a><img class=\" size-full=\"><\/a><\/p>\n<p><\/div><\/div>\n","protected":false},"excerpt":{"rendered":"<p>DZR-150 Zeolith-Zeolith-Fass<\/p>\n","protected":false},"featured_media":6230,"comment_status":"open","ping_status":"closed","template":"","meta":[],"product_brand":[],"product_cat":[1313],"product_tag":[],"class_list":{"0":"post-38994","1":"product","2":"type-product","3":"status-publish","4":"has-post-thumbnail","6":"product_cat-eiweisabschaumer","8":"first","9":"instock","10":"shipping-taxable","11":"purchasable","12":"product-type-simple","13":"add-to-wishlist-after_add_to_cart"},"jetpack_sharing_enabled":true,"_links":{"self":[{"href":"https:\/\/www.reefshops.com\/de\/wp-json\/wp\/v2\/product\/38994","targetHints":{"allow":["GET"]}}],"collection":[{"href":"https:\/\/www.reefshops.com\/de\/wp-json\/wp\/v2\/product"}],"about":[{"href":"https:\/\/www.reefshops.com\/de\/wp-json\/wp\/v2\/types\/product"}],"replies":[{"embeddable":true,"href":"https:\/\/www.reefshops.com\/de\/wp-json\/wp\/v2\/comments?post=38994"}],"wp:featuredmedia":[{"embeddable":true,"href":"https:\/\/www.reefshops.com\/de\/wp-json\/wp\/v2\/media\/6230"}],"wp:attachment":[{"href":"https:\/\/www.reefshops.com\/de\/wp-json\/wp\/v2\/media?parent=38994"}],"wp:term":[{"taxonomy":"product_brand","embeddable":true,"href":"https:\/\/www.reefshops.com\/de\/wp-json\/wp\/v2\/product_brand?post=38994"},{"taxonomy":"product_cat","embeddable":true,"href":"https:\/\/www.reefshops.com\/de\/wp-json\/wp\/v2\/product_cat?post=38994"},{"taxonomy":"product_tag","embeddable":true,"href":"https:\/\/www.reefshops.com\/de\/wp-json\/wp\/v2\/product_tag?post=38994"}],"curies":[{"name":"wp","href":"https:\/\/api.w.org\/{rel}","templated":true}]}}