{"id":39030,"date":"2016-12-27T16:03:48","date_gmt":"2016-12-27T16:03:48","guid":{"rendered":"https:\/\/www.reefshops.com\/product\/acryl-aquariensystem-installationszubehor-zubehor-barrierebox-fsb-4a-vierfach\/"},"modified":"2025-03-16T09:02:59","modified_gmt":"2025-03-16T09:02:59","slug":"acryl-aquariensystem-installationszubehor-zubehor-barrierebox-fsb-4a-vierfach","status":"publish","type":"product","link":"https:\/\/www.reefshops.com\/de\/produkt\/acryl-aquariensystem-installationszubehor-zubehor-barrierebox-fsb-4a-vierfach\/","title":{"rendered":"Acryl-Aquariensystem-Installationszubeh\u00f6r Zubeh\u00f6r-Barrierebox FSB-4A vierfach"},"content":{"rendered":"<h2>Produktbeschreibung <\/h2>\n<div class=\" mod=\">\n<div>\n<div>\n<div class=\" detail-inside=\">\n<div>\n<div>\n<div class=\" region-custom=\">\n<div class=\" widget-custom=\">\n<div>\n<div class=\" mod-detail-description=\" data-mod-config='{\"showOn\":[\"mod-detail-description\"],\"title\":\ufffd\ufffd\u03f8\ufffd\ufffd\u03e2\",\"tabConfig\":{\"trace\": \"tabdetail\", \"showKey\": \"mod-detail-description\"}}'>\n<div class=\" de-description-detail=\">\n<div>\n<p>Produkthandbuch <\/p>\n<p>Produkthandbuch <\/p>\n<p>Modell: FSB-4A <\/p>\n<p>Gr\u00f6\u00dfe (L\u00e4nge\/Breite\/H\u00f6he): 400\/120\/80 mm (Spezifikationen der Isolationsnetzbox ohne St\u00e4nder) <\/p>\n<p>Gitter der Isolationsbox: Vierrahmen mit Oberlicht (Dach) <\/p>\n<p><a><img class=\" size-large=\"><\/a><\/p>\n<p>&amp;Nbsp; f\u00fcr <\/p>\n<\/p>\n<p>&amp;Nbsp; f\u00fcr <\/p>\n<p>Source Sea Barrier Box Features <\/p>\n<p>1 hochhelle Acryllinsenmaterialien, professionelle Laserbearbeitungstechnologie der Produktion, die raffinierten Produkte und ein hoher Sinn f\u00fcr Perspektive. <\/p>\n<p>Das einzigartige Design des Anh\u00e4ngers 2 gilt f\u00fcr alle offenen Aquarien oder mit Dehnung\/Zug des Aquariums, die H\u00f6he kann frei eingestellt werden. <\/p>\n<p>3 Wasserl\u00f6cher auf beiden Seiten eines langen, nach unten gerichteten Designs erm\u00f6glichen den Wasserfluss durch eine glattere Isolationsbox, die wahrscheinlich kein stehendes Wasser verursacht, um sicherzustellen, dass der neu hinzugef\u00fcgte Fischisolations- und Anpassungseffekt (nach dem Experiment, den traditionellen runden L\u00f6chern, dem Wasserfluss leicht angesammelte Wassertropfen, was zu Verstopfungen f\u00fchrt und den reibungslosen Fluss des Austauschs und den Wasserfluss innerhalb und au\u00dferhalb des K\u00f6rpers blockiert), wie unten gezeigt <\/p>\n<p><a><img class=\" alignnone=\"><\/a><\/p>\n<p>4 einzeln verpackt, (im Gegensatz zu Isolationsboxen einiger Marken m\u00fcssen Acrylplatten wieder zusammengebaut werden, k\u00f6nnen aber auch leicht versehentlich durchtrennt werden, da Acrylplatten nicht erfolgreich kombiniert werden k\u00f6nnen oder auf halbem Weg zerbrechen), sofort einsatzbereit, einfach zu verwenden. <\/p>\n<p>5 verschiedene Spezifikationen wurden vollst\u00e4ndig ber\u00fccksichtigt und die wissenschaftlich \u00fcbliche Fischgr\u00f6\u00dfe und das gedrehte Zielfernrohr sowie das Tiefen-Seitenverh\u00e4ltnis sind angemessen. <\/p>\n<p>6 Isolierbox mit klappbarem Deckel, der Deckel l\u00e4sst sich frei \u00f6ffnen und schlie\u00dfen, leicht zu warten. (Siehe unten) <\/p>\n<p><a><img class=\" size-large=\"><\/a><\/p>\n<\/p>\n<p><strong>F\u00fcgen Sie neue Fische hinzu, die erste Isolationszeit, um die urspr\u00fcnglichen Fische zu verhindern und zu bek\u00e4mpfen und Neuank\u00f6mmlingen zu helfen, sich an die neue Umgebung anzupassen, die Menge der Fische, das n\u00e4chste Bild zeigt Beispiele <\/strong><\/p>\n<p><a><img class=\" alignnone=\"><\/a> <a><img class=\" alignnone=\"><\/a> <a><img class=\" alignnone=\"><\/a> <a><img class=\" alignnone=\"><\/a> <a><img class=\" alignnone=\"><\/a><\/p>\n<p><strong>W\u00e4hlen Sie eine von drei Optionen: <\/strong><\/p>\n<p><a><img class=\" alignnone=\"><\/a><\/p>\n<\/p><\/div><\/div><\/div><\/div><\/div>\n<div class=\" widget-custom=\"><\/div><\/div><\/div><\/div><\/div><\/div><\/div><\/div>\n<div class=\" mod=\">\n<div>\n<div>\n<div class=\" detail-inside=\">\n<div>\n<div>\n<div class=\" region-custom=\">\n<div class=\" widget-custom=\">\n<div> &lt;div class=&quot; mod-detail-dealrecord=&quot; mod-info&quot;=&quot; id=&quot; mod-detail-dealrecord&quot;=&quot; style=&quot; margin:=&quot; 0px=&quot; 0px=&quot; 32px;=&quot; position:=&quot; relative;&quot;=&quot; data-mod-config=&#039;{&quot;showOn&quot;:[&quot;mod-detail-description&quot;,&quot;mod-detail-dealrecord&quot;],&quot;title&quot;:\ufffd\u027d\ufffd<em>0<\/em>&#8222;,&#8220;tabConfig&#8220;:{&#8222;trace&#8220;: &#8222;tabdealrecord&#8220;, &#8222;showKey&#8220;: &#8222;mod-detail-dealrecord&#8220; },&#8220;remarkListUrl&#8220;: &#8222;http:\/\/rate.1688.com\/remark\/offerDetail\/saleRecords.json?offerId=523308774131&#8220;, &#8222;total&#8220;: &#8222;0&#8220;, &#8222;halfYearTotal&#8220;: &#8222;0&#8220;, &#8222;totalRate&#8220;: &#8222;0&#8220;, &#8222;isTgcSKUOffer&#8220;: &#8222;false&#8220;}&#8216;&gt; <\/p>\n<div class=\" header=\">\n<h2>Transaktionsdatensatz <\/h2>\n<\/p><\/div><\/div><\/div><\/div><\/div><\/div><\/div><\/div><\/div><\/div><\/div><\/div>\n","protected":false},"excerpt":{"rendered":"<p>Acryl-Aquariensystem-Installationszubeh\u00f6r Zubeh\u00f6r-Barrierebox FSB-4A vierfach<\/p>\n","protected":false},"featured_media":6495,"comment_status":"open","ping_status":"closed","template":"","meta":[],"product_brand":[],"product_cat":[1313],"product_tag":[],"class_list":{"0":"post-39030","1":"product","2":"type-product","3":"status-publish","4":"has-post-thumbnail","6":"product_cat-eiweisabschaumer","8":"first","9":"instock","10":"shipping-taxable","11":"purchasable","12":"product-type-simple","13":"add-to-wishlist-after_add_to_cart"},"jetpack_sharing_enabled":true,"_links":{"self":[{"href":"https:\/\/www.reefshops.com\/de\/wp-json\/wp\/v2\/product\/39030","targetHints":{"allow":["GET"]}}],"collection":[{"href":"https:\/\/www.reefshops.com\/de\/wp-json\/wp\/v2\/product"}],"about":[{"href":"https:\/\/www.reefshops.com\/de\/wp-json\/wp\/v2\/types\/product"}],"replies":[{"embeddable":true,"href":"https:\/\/www.reefshops.com\/de\/wp-json\/wp\/v2\/comments?post=39030"}],"wp:featuredmedia":[{"embeddable":true,"href":"https:\/\/www.reefshops.com\/de\/wp-json\/wp\/v2\/media\/6495"}],"wp:attachment":[{"href":"https:\/\/www.reefshops.com\/de\/wp-json\/wp\/v2\/media?parent=39030"}],"wp:term":[{"taxonomy":"product_brand","embeddable":true,"href":"https:\/\/www.reefshops.com\/de\/wp-json\/wp\/v2\/product_brand?post=39030"},{"taxonomy":"product_cat","embeddable":true,"href":"https:\/\/www.reefshops.com\/de\/wp-json\/wp\/v2\/product_cat?post=39030"},{"taxonomy":"product_tag","embeddable":true,"href":"https:\/\/www.reefshops.com\/de\/wp-json\/wp\/v2\/product_tag?post=39030"}],"curies":[{"name":"wp","href":"https:\/\/api.w.org\/{rel}","templated":true}]}}