{"id":27375,"date":"2014-06-26T05:57:27","date_gmt":"2014-06-26T05:57:27","guid":{"rendered":"https:\/\/www.reefshops.com\/product\/sunsun-jvp110-bomba-waver-maker-para-nano-tanque-25-w-2000l-h-version-110v-220v\/"},"modified":"2025-03-16T06:40:06","modified_gmt":"2025-03-16T06:40:06","slug":"sunsun-jvp110-bomba-waver-maker-para-nano-tanque-25-w-2000l-h-version-110v-220v","status":"publish","type":"product","link":"https:\/\/www.reefshops.com\/es\/producto\/sunsun-jvp110-bomba-waver-maker-para-nano-tanque-25-w-2000l-h-version-110v-220v\/","title":{"rendered":"Sunsun jvp110 bomba waver maker para nano tanque 2,5 w 2000L\/h versi\u00f3n 110v\/220v"},"content":{"rendered":"<p><span style=\"font-size: small;color: #0000ff\"><strong>bomba Wave Maker sunsun jvp110<\/strong><\/span><\/p>\n<ul>\n<li><span style=\"font-size: small;color: #0000ff\">Direcci\u00f3n de onda ajustable<\/span><\/li>\n<li><span style=\"font-size: peque\u00f1o;color: #0000ff\">potencia: 2,5 w<\/span><\/li>\n<li><span style=\"font-size: small;color: #0000ff\">caudal: 2000 l\/h<\/span><\/li>\n<li><span style=\"font-size: small;color: #0000ff\">Potente ventosa para fijar el generador de olas al tanque<\/span><\/li>\n<li><span style=\"font-size: small;color: #0000ff\">Dise\u00f1o de h\u00e9lice \u00fanico para crear una onda natural en acuarios<\/span><\/li>\n<li><span style=\"font-size: small;color: #0000ff\">tama\u00f1o 4 cm x 5,8 cm x 7 cm<\/span><\/li>\n<li><span style=\"font-size: small;color: #0000ff\">Fuente de alimentaci\u00f3n de 220v\/110v 50hz\/60hz<\/span><\/li>\n<\/ul>\n","protected":false},"excerpt":{"rendered":"<p>para nano tanque,<br \/>\n f\u00e1cil uso<\/p>\n","protected":false},"featured_media":255,"comment_status":"open","ping_status":"closed","template":"","meta":[],"product_brand":[],"product_cat":[1167],"product_tag":[],"class_list":{"0":"post-27375","1":"product","2":"type-product","3":"status-publish","4":"has-post-thumbnail","6":"product_cat-hacedores-de-olas","8":"first","9":"instock","10":"shipping-taxable","11":"purchasable","12":"product-type-simple","13":"add-to-wishlist-after_add_to_cart"},"jetpack_sharing_enabled":true,"_links":{"self":[{"href":"https:\/\/www.reefshops.com\/es\/wp-json\/wp\/v2\/product\/27375","targetHints":{"allow":["GET"]}}],"collection":[{"href":"https:\/\/www.reefshops.com\/es\/wp-json\/wp\/v2\/product"}],"about":[{"href":"https:\/\/www.reefshops.com\/es\/wp-json\/wp\/v2\/types\/product"}],"replies":[{"embeddable":true,"href":"https:\/\/www.reefshops.com\/es\/wp-json\/wp\/v2\/comments?post=27375"}],"wp:featuredmedia":[{"embeddable":true,"href":"https:\/\/www.reefshops.com\/es\/wp-json\/wp\/v2\/media\/255"}],"wp:attachment":[{"href":"https:\/\/www.reefshops.com\/es\/wp-json\/wp\/v2\/media?parent=27375"}],"wp:term":[{"taxonomy":"product_brand","embeddable":true,"href":"https:\/\/www.reefshops.com\/es\/wp-json\/wp\/v2\/product_brand?post=27375"},{"taxonomy":"product_cat","embeddable":true,"href":"https:\/\/www.reefshops.com\/es\/wp-json\/wp\/v2\/product_cat?post=27375"},{"taxonomy":"product_tag","embeddable":true,"href":"https:\/\/www.reefshops.com\/es\/wp-json\/wp\/v2\/product_tag?post=27375"}],"curies":[{"name":"wp","href":"https:\/\/api.w.org\/{rel}","templated":true}]}}