{"id":27416,"date":"2014-06-29T02:50:46","date_gmt":"2014-06-29T02:50:46","guid":{"rendered":"https:\/\/www.reefshops.com\/product\/filtro-interno-colgante-sunsun-hqj-700g\/"},"modified":"2025-03-16T06:40:13","modified_gmt":"2025-03-16T06:40:13","slug":"filtro-interno-colgante-sunsun-hqj-700g","status":"publish","type":"product","link":"https:\/\/www.reefshops.com\/es\/producto\/filtro-interno-colgante-sunsun-hqj-700g\/","title":{"rendered":"Filtro interno colgante sunsun HQJ-700G"},"content":{"rendered":"<p><span style=\"font-size: peque\u00f1o;color: #0000ff\">voltios: 220v\/240v 50hz<\/span><\/p>\n<p><span style=\"font-size: peque\u00f1o;color: #0000ff\">tama\u00f1o: 75mmX45mmX160mm<\/span><\/p>\n<p><span style=\"font-size: small;color: #0000ff\">cable de alimentaci\u00f3n: 1,4 metros<\/span><\/p>\n","protected":false},"excerpt":{"rendered":"<p>apto para tanques peque\u00f1os, f\u00e1cil de limpiar, ahorra energ\u00eda<\/p>\n","protected":false},"featured_media":526,"comment_status":"open","ping_status":"closed","template":"","meta":[],"product_brand":[],"product_cat":[1178],"product_tag":[],"class_list":{"0":"post-27416","1":"product","2":"type-product","3":"status-publish","4":"has-post-thumbnail","6":"product_cat-filtros-internos-para-acuarios","8":"first","9":"instock","10":"shipping-taxable","11":"purchasable","12":"product-type-simple","13":"add-to-wishlist-after_add_to_cart"},"jetpack_sharing_enabled":true,"_links":{"self":[{"href":"https:\/\/www.reefshops.com\/es\/wp-json\/wp\/v2\/product\/27416","targetHints":{"allow":["GET"]}}],"collection":[{"href":"https:\/\/www.reefshops.com\/es\/wp-json\/wp\/v2\/product"}],"about":[{"href":"https:\/\/www.reefshops.com\/es\/wp-json\/wp\/v2\/types\/product"}],"replies":[{"embeddable":true,"href":"https:\/\/www.reefshops.com\/es\/wp-json\/wp\/v2\/comments?post=27416"}],"wp:featuredmedia":[{"embeddable":true,"href":"https:\/\/www.reefshops.com\/es\/wp-json\/wp\/v2\/media\/526"}],"wp:attachment":[{"href":"https:\/\/www.reefshops.com\/es\/wp-json\/wp\/v2\/media?parent=27416"}],"wp:term":[{"taxonomy":"product_brand","embeddable":true,"href":"https:\/\/www.reefshops.com\/es\/wp-json\/wp\/v2\/product_brand?post=27416"},{"taxonomy":"product_cat","embeddable":true,"href":"https:\/\/www.reefshops.com\/es\/wp-json\/wp\/v2\/product_cat?post=27416"},{"taxonomy":"product_tag","embeddable":true,"href":"https:\/\/www.reefshops.com\/es\/wp-json\/wp\/v2\/product_tag?post=27416"}],"curies":[{"name":"wp","href":"https:\/\/api.w.org\/{rel}","templated":true}]}}