{"id":27417,"date":"2014-06-29T02:56:11","date_gmt":"2014-06-29T02:56:11","guid":{"rendered":"https:\/\/www.reefshops.com\/product\/filtro-interno-colgante-sunsun-hj-532\/"},"modified":"2025-03-16T06:40:14","modified_gmt":"2025-03-16T06:40:14","slug":"filtro-interno-colgante-sunsun-hj-532","status":"publish","type":"product","link":"https:\/\/www.reefshops.com\/es\/producto\/filtro-interno-colgante-sunsun-hj-532\/","title":{"rendered":"Filtro interno colgante sunsun HJ-532"},"content":{"rendered":"<p><span style=\"font-size: peque\u00f1o;color: #0000ff\">voltios: 220v\/240v 50hz<\/span><\/p>\n<p><span style=\"font-size: peque\u00f1o;color: #0000ff\">potencia: 5w<\/span><\/p>\n<p><span style=\"font-size: small;color: #0000ff\">elevaci\u00f3n: 0,6 metros<\/span><\/p>\n<p><span style=\"font-size: small;color: #0000ff\">caudal: 350 L\/H<\/span><\/p>\n<p><span style=\"font-size: peque\u00f1o;color: #0000ff\">tama\u00f1o: 60mmX42mmX170mm<\/span><\/p>\n","protected":false},"excerpt":{"rendered":"<p>apto para tanques peque\u00f1os, f\u00e1cil de limpiar, ahorra energ\u00eda<\/p>\n","protected":false},"featured_media":534,"comment_status":"open","ping_status":"closed","template":"","meta":[],"product_brand":[],"product_cat":[1178],"product_tag":[],"class_list":{"0":"post-27417","1":"product","2":"type-product","3":"status-publish","4":"has-post-thumbnail","6":"product_cat-filtros-internos-para-acuarios","8":"first","9":"instock","10":"shipping-taxable","11":"purchasable","12":"product-type-simple","13":"add-to-wishlist-after_add_to_cart"},"jetpack_sharing_enabled":true,"_links":{"self":[{"href":"https:\/\/www.reefshops.com\/es\/wp-json\/wp\/v2\/product\/27417","targetHints":{"allow":["GET"]}}],"collection":[{"href":"https:\/\/www.reefshops.com\/es\/wp-json\/wp\/v2\/product"}],"about":[{"href":"https:\/\/www.reefshops.com\/es\/wp-json\/wp\/v2\/types\/product"}],"replies":[{"embeddable":true,"href":"https:\/\/www.reefshops.com\/es\/wp-json\/wp\/v2\/comments?post=27417"}],"wp:featuredmedia":[{"embeddable":true,"href":"https:\/\/www.reefshops.com\/es\/wp-json\/wp\/v2\/media\/534"}],"wp:attachment":[{"href":"https:\/\/www.reefshops.com\/es\/wp-json\/wp\/v2\/media?parent=27417"}],"wp:term":[{"taxonomy":"product_brand","embeddable":true,"href":"https:\/\/www.reefshops.com\/es\/wp-json\/wp\/v2\/product_brand?post=27417"},{"taxonomy":"product_cat","embeddable":true,"href":"https:\/\/www.reefshops.com\/es\/wp-json\/wp\/v2\/product_cat?post=27417"},{"taxonomy":"product_tag","embeddable":true,"href":"https:\/\/www.reefshops.com\/es\/wp-json\/wp\/v2\/product_tag?post=27417"}],"curies":[{"name":"wp","href":"https:\/\/api.w.org\/{rel}","templated":true}]}}