{"id":27478,"date":"2014-09-10T20:51:13","date_gmt":"2014-09-10T20:51:13","guid":{"rendered":"https:\/\/www.reefshops.com\/product\/microprocesador-llevado-3w-6500k\/"},"modified":"2025-03-16T06:40:36","modified_gmt":"2025-03-16T06:40:36","slug":"microprocesador-llevado-3w-6500k","status":"publish","type":"product","link":"https:\/\/www.reefshops.com\/es\/producto\/microprocesador-llevado-3w-6500k\/","title":{"rendered":"microprocesador llevado 3w 6500k"},"content":{"rendered":"<p><span style=\"color: #0000ff\"><strong>potencia:3w<\/strong><\/span><\/p>\n<p><span style=\"color: #0000ff;font-size: grande\"><strong>voltios: 3,2-3,4 voltios<\/strong><\/span><\/p>\n<p><span style=\"color: #0000ff;font-size: grande\"><strong>LM: 80-90<\/strong><\/span><\/p>\n<p><span style=\"color: #0000ff\"><strong>moneda: 600-700 mA<\/strong><\/span><\/p>\n<p><span style=\"color: #0000ff;font-size: grande\"><strong>longitud de onda: 460 nm<\/strong><\/span><\/p>\n<p><span style=\"color: #0000ff;font-size: large\"><strong>TEMPERATURA de trabajo: -20&#8211;70 grados<\/strong><\/span><\/p>\n<p><span style=\"color: #0000ff;font-size: large\"><strong>\u00c1ngulo de visi\u00f3n: 120 grados apto para iluminaci\u00f3n de cultivo de plantas de tanque fresco<\/strong><\/span><\/p>\n","protected":false},"excerpt":{"rendered":"<p>Chip LED 3w 6500k para cultivo de plantas.<\/p>\n","protected":false},"featured_media":1008,"comment_status":"open","ping_status":"closed","template":"","meta":[],"product_brand":[],"product_cat":[1186],"product_tag":[],"class_list":{"0":"post-27478","1":"product","2":"type-product","3":"status-publish","4":"has-post-thumbnail","6":"product_cat-controladores-led-accesorios","8":"first","9":"instock","10":"shipping-taxable","11":"purchasable","12":"product-type-simple","13":"add-to-wishlist-after_add_to_cart"},"jetpack_sharing_enabled":true,"_links":{"self":[{"href":"https:\/\/www.reefshops.com\/es\/wp-json\/wp\/v2\/product\/27478","targetHints":{"allow":["GET"]}}],"collection":[{"href":"https:\/\/www.reefshops.com\/es\/wp-json\/wp\/v2\/product"}],"about":[{"href":"https:\/\/www.reefshops.com\/es\/wp-json\/wp\/v2\/types\/product"}],"replies":[{"embeddable":true,"href":"https:\/\/www.reefshops.com\/es\/wp-json\/wp\/v2\/comments?post=27478"}],"wp:featuredmedia":[{"embeddable":true,"href":"https:\/\/www.reefshops.com\/es\/wp-json\/wp\/v2\/media\/1008"}],"wp:attachment":[{"href":"https:\/\/www.reefshops.com\/es\/wp-json\/wp\/v2\/media?parent=27478"}],"wp:term":[{"taxonomy":"product_brand","embeddable":true,"href":"https:\/\/www.reefshops.com\/es\/wp-json\/wp\/v2\/product_brand?post=27478"},{"taxonomy":"product_cat","embeddable":true,"href":"https:\/\/www.reefshops.com\/es\/wp-json\/wp\/v2\/product_cat?post=27478"},{"taxonomy":"product_tag","embeddable":true,"href":"https:\/\/www.reefshops.com\/es\/wp-json\/wp\/v2\/product_tag?post=27478"}],"curies":[{"name":"wp","href":"https:\/\/api.w.org\/{rel}","templated":true}]}}