{"id":27556,"date":"2014-07-29T06:21:47","date_gmt":"2014-07-29T06:21:47","guid":{"rendered":"https:\/\/www.reefshops.com\/product\/el-alimentador-de-alimentos-de-plancton-de-coral-reef-target-para-lps-sps\/"},"modified":"2025-03-16T06:41:04","modified_gmt":"2025-03-16T06:41:04","slug":"el-alimentador-de-alimentos-de-plancton-de-coral-reef-target-para-lps-sps","status":"publish","type":"product","link":"https:\/\/www.reefshops.com\/es\/producto\/el-alimentador-de-alimentos-de-plancton-de-coral-reef-target-para-lps-sps\/","title":{"rendered":"El alimentador de alimentos de plancton de Coral Reef Target para LPS\/SPS"},"content":{"rendered":"<p><span style=\"l\u00ednea de base\"><span style=\"font-weight: 700\"><span style=\"heredar;255, 255)\">Descripci\u00f3n del art\u00edculo<\/span>:<\/span><\/span><\/span>\n <\/p>\n<p>&lt;span style=&quot;margen: 0px; relleno: 0px; borde: 0px; familia de fuentes: heredar; tama\u00f1o de fuente: 24px; estilo de fuente: heredar; variante de fuente: heredar; peso de fuente: heredar; altura de l\u00ednea: heredar;<br \/>\n <br \/><\/span>\n <\/p>\n<div align=\"left\">\n<div>\n<div>\n<h3><span style=\"font-family: Arial\"><font size=\"5\">El Coral Feeder es la herramienta perfecta para alimentar corales duros (SPS y LPS), corales blandos o peces peque\u00f1os.<\/font><\/span><br \/>\n <\/h3>\n<h3 style=\"margin: 0px;padding: 0px;font-family: Tahoma, Arial, Helvetica, sans-serif;line-height: normal\"><font size=\"5\">incluye 2 alimentadores: 1X40cm de largo y 1X60cm largo<\/font><br \/>\n <\/h3>\n<\/p><\/div><\/div><\/div>\n<div align=\"left\" style=\"margin: 0px;padding: 0px;border: 0px;font-family: Arial, Helvetica, sans-senif, SimSun, \u5b8b\u4f53;font-size: 12px;line-height: 18px;vertical-align: baseline\">&lt;span style=&quot;margin: 0px; padding: 0px; borde: 0px; familia de fuente: heredar; tama\u00f1o de fuente: 16px; estilo de fuente: heredar; peso de fuente: heredar; familia de fuente: &#039;trebuchet ms&#039;, helvetica, sans-serif; estilo de fuente: heredar; Font-Variant: Hereding; Font-peso: heredar;<br \/>\n <br \/><\/span><\/span><\/span>\n <\/div>\n<div align=\"left\" style=\"margin: 0px;padding: 0px;border: 0px;font-family: Arial, Helvetica, sans-senif, SimSun, \u5b8b\u4f53;font-size: 12px;line-height: 18px;vertical-align: baseline\">&lt;span style=&quot;margin: 0px; padding: 0px; borde: 0px; familia de fuente: heredar; tama\u00f1o de fuente: 16px; estilo de fuente: heredar; peso de fuente: heredar; familia de fuente: &#039;trebuchet ms&#039;, helvetica, sans-serif; estilo de fuente: heredar; Font-Variant: Hereding; Font-peso: heredar;<br \/>\n <br \/><\/span><\/span><\/span>\n <\/div>\n<p><span style=\"l\u00ednea de base\"><span style=\", 255, 255)\"><br \/>\n <br \/><\/span><\/span><\/span><\/span>\n <\/p>\n<p><span style=\"l\u00ednea de base\"><span style=\", 255, 255)\">Pago<\/span>:<\/span><\/span><\/span>\n <\/p>\n<p><span><br \/>\n <br \/><\/span><\/span><\/span>\n <\/p>\n<p><span style=\"l\u00ednea de base\">Aceptamos PayPal \u00fanicamente, es r\u00e1pido, seguro y f\u00e1cil.<br \/>\n <br \/><\/span>\n <\/p>\n<p>\n \n <\/p>\n<p><span style=\"l\u00ednea de base\"><span style=\", 255, 255)\">Env\u00edo<\/span>:<\/span><\/span><\/span>\n <\/p>\n<p><span><br \/>\n <br \/><\/span><\/span><\/span>\n <\/p>\n<p style=\"color: rojo\"><span>si elige el env\u00edo regular, el plazo de entrega es de 2 a 4 semanas<\/span>\n <\/p>\n<p style=\"color: rojo\"><span>si eliges el env\u00edo expr\u00e9s, el tiempo de entrega es de 7-9 d\u00edas h\u00e1biles<\/span>\n <\/p>\n<p style=\"color: rojo\"><span>despu\u00e9s del pago, enviaremos su pedido el siguiente d\u00eda h\u00e1bil<\/span>\n <\/p>\n<p style=\"color: rojo\"><span>Por favor, comprenda que realizamos env\u00edos al extranjero, el tiempo de env\u00edo es un poco m\u00e1s largo que el env\u00edo dentro del pa\u00eds<\/span>\n <\/p>\n<p style=\"color: rojo\"><span><br \/>\n <br \/><\/span>\n <\/p>\n<p style=\"color: rojo\"><span><br \/>\n <br \/><\/span>\n <\/p>\n<p><span style=\"l\u00ednea de base\"><span style=\", 255, 255)\">Devoluci\u00f3n y garant\u00eda<\/span>:<\/span><\/span><\/span>\n <\/p>\n<p>&lt;span style=&quot;margen: 0px; relleno: 0px; borde: 0px; familia de fuente: heredar; tama\u00f1o de fuente: 16px; estilo de fuente: heredar; peso de fuente: heredar; altura de l\u00ednea: heredar; familia de fuente: heredar; heredar; variante de fuente: heredar; peso de fuente: heredar; altura de l\u00ednea: heredar; alineaci\u00f3n vertical: color de l\u00ednea de base: rgb(0, 0, 255);<br \/>\n <br \/><\/span><\/span><\/span>\n <\/p>\n<p><span style=\"heredar\">Retorno<\/span>:<\/span><br \/>\n <br \/><\/span>\n <\/p>\n<p style=\"margin: 0px;padding: 0px;border: 0px;font-family: Arial, Helvetica, sans-senif, SimSun, \u5b8b\u4f53;line-height: 18px;vertical-align: baseline\">aceptamos devoluciones y reembolsos de dinero dentro de 2 semanas\n <\/p>\n<p>\n \n <\/p>\n<p><span><span><span style=\"font-weight: 700\">Garant\u00eda:<\/span><\/span><\/p>\n<p><\/span>\n <\/p>\n<p><span style=\"l\u00ednea de base\">Todos los productos vienen con una garant\u00eda de vendedor de 3 meses, si el art\u00edculo tiene alg\u00fan problema dentro de los 3 meses, le enviaremos la pieza de repuesto para que la reemplace, es gratuita.<br \/>\n <br \/>Si es fuera de los 3 meses, podemos proporcionar la pieza de repuesto de forma gratuita, el cliente deber\u00e1 pagar la tarifa de env\u00edo<\/span>\n <\/p>\n<p><span style=\"l\u00ednea de base\"><span style=\", 255, 255)\"><br \/>\n <br \/><\/span><\/span><\/span><\/span>\n <\/p>\n<p><span style=\"l\u00ednea de base\"><span style=\", 255, 255)\">Comentarios<\/span>:<\/span><\/span><\/span>\n <\/p>\n<p>&lt;span style=&quot;margen: 0px; relleno: 0px; borde: 0px; familia de fuente: heredar; tama\u00f1o de fuente: 16px; estilo de fuente: heredar; variante de fuente: heredar; altura de l\u00ednea: heredar;<br \/>\n <br \/><\/span>\n <\/p>\n<p><span style=\"l\u00ednea de base\">Estamos haciendo todo lo posible para satisfacer a nuestros clientes, si tiene alg\u00fan problema con el producto o cualquier otra cosa<\/span>\n <\/p>\n<p><span style=\"alineaci\u00f3n vertical\">p\u00f3ngase en contacto con nosotros primero, responderemos al problema lo antes posible<\/span>\n <\/p>\n<p><span style=\"l\u00ednea de base\">d\u00e9jenos un comentario positivo si est\u00e1 satisfecho con nuestros productos y servicios<\/span>\n <\/p>\n<p style=\"margin: 0px;padding: 0px;border: 0px;font-family: Arial, Helvetica, sans-senif, SimSun, \u5b8b\u4f53;line-height: 18px;vertical-align: baseline\">si no te gustan nuestros productos, h\u00e1zmelo saber\n <\/p>\n<p style=\"margin: 0px;padding: 0px;border: 0px;font-family: Arial, Helvetica, sans-senif, SimSun, \u5b8b\u4f53;line-height: 18px;vertical-align: baseline\">aceptamos reembolso de dinero\n <\/p>\n<p>\n \n <\/p>\n<p style=\"margin: 0px;padding: 0px;border: 0px;font-family: Arial, Helvetica, sans-senif, SimSun, \u5b8b\u4f53;line-height: 18px;vertical-align: baseline\"><font color=\"#0000ff\" size=\"5\"><span><b>Acerca de nosotros:<\/b><\/span><\/font>\n <\/p>\n<p style=\"margin: 0px;padding: 0px;border: 0px;font-family: Arial, Helvetica, sans-senif, SimSun, \u5b8b\u4f53;line-height: 18px;vertical-align: baseline\"><font color=\"#0000ff\" size=\"5\"><span><b><br \/>\n <br \/><\/b><\/span><\/font>\n <\/p>\n<p style=\"margin: 0px;padding: 0px;border: 0px;vertical-align: baseline\"><font color=\"#333333\"><font face=\"Arial, Helvetica, sans-senif, SimSun, \u5b8b\u4f53\"><span style=\"line-height: 18px\">somos distribuidores de productos para acuarios en China, por lo que vendemos los productos a precios mayoristas y tambi\u00e9n podemos obtener buenas ofertas. el fabricante<\/span><\/font><\/font>\n <\/p>\n<p style=\"margin: 0px;padding: 0px;border: 0px;vertical-align: baseline\"><font color=\"#333333\"><font face=\"Arial, Helvetica, sans-senif, SimSun, \u5b8b\u4f53\"><span style=\"line-height: 18px\"> <\/span><\/font><\/font>\n <\/p>\n","protected":false},"excerpt":{"rendered":"<p>El alimentador de alimentos de plancton de Coral Reef Target para LPS\/SPS<\/p>\n","protected":false},"featured_media":1550,"comment_status":"open","ping_status":"closed","template":"","meta":[],"product_brand":[],"product_cat":[236],"product_tag":[],"class_list":{"0":"post-27556","1":"product","2":"type-product","3":"status-publish","4":"has-post-thumbnail","6":"product_cat-sin-categoria","8":"first","9":"instock","10":"shipping-taxable","11":"purchasable","12":"product-type-simple","13":"add-to-wishlist-after_add_to_cart"},"jetpack_sharing_enabled":true,"_links":{"self":[{"href":"https:\/\/www.reefshops.com\/es\/wp-json\/wp\/v2\/product\/27556","targetHints":{"allow":["GET"]}}],"collection":[{"href":"https:\/\/www.reefshops.com\/es\/wp-json\/wp\/v2\/product"}],"about":[{"href":"https:\/\/www.reefshops.com\/es\/wp-json\/wp\/v2\/types\/product"}],"replies":[{"embeddable":true,"href":"https:\/\/www.reefshops.com\/es\/wp-json\/wp\/v2\/comments?post=27556"}],"wp:featuredmedia":[{"embeddable":true,"href":"https:\/\/www.reefshops.com\/es\/wp-json\/wp\/v2\/media\/1550"}],"wp:attachment":[{"href":"https:\/\/www.reefshops.com\/es\/wp-json\/wp\/v2\/media?parent=27556"}],"wp:term":[{"taxonomy":"product_brand","embeddable":true,"href":"https:\/\/www.reefshops.com\/es\/wp-json\/wp\/v2\/product_brand?post=27556"},{"taxonomy":"product_cat","embeddable":true,"href":"https:\/\/www.reefshops.com\/es\/wp-json\/wp\/v2\/product_cat?post=27556"},{"taxonomy":"product_tag","embeddable":true,"href":"https:\/\/www.reefshops.com\/es\/wp-json\/wp\/v2\/product_tag?post=27556"}],"curies":[{"name":"wp","href":"https:\/\/api.w.org\/{rel}","templated":true}]}}