{"id":27564,"date":"2014-07-31T16:46:28","date_gmt":"2014-07-31T16:46:28","guid":{"rendered":"https:\/\/www.reefshops.com\/product\/generador-de-olas-aquasyncro-hwm-2000\/"},"modified":"2025-03-16T06:41:06","modified_gmt":"2025-03-16T06:41:06","slug":"generador-de-olas-aquasyncro-hwm-2000","status":"publish","type":"product","link":"https:\/\/www.reefshops.com\/es\/producto\/generador-de-olas-aquasyncro-hwm-2000\/","title":{"rendered":"Generador de olas AquaSyncro HWM 2000"},"content":{"rendered":"<p><span style=\"font-size: large;color: #0000ff\"><strong>AquaSyncro HWM 2000 Wave Maker<\/strong><\/span><\/p>\n<ul>\n<li><span style=\"font-size: large;color: #0000ff\">Direcci\u00f3n de onda ajustable<\/span><\/li>\n<li><span style=\"font-size: large;color: #0000ff\">Potente base magn\u00e9tica para fijar el generador de olas al tanque<\/span><\/li>\n<li><span style=\"font-size: large;color: #0000ff\">Dise\u00f1o de h\u00e9lice \u00fanico para crear una onda natural en acuarios<\/span><\/li>\n<li><span style=\"font-size: large;color: #0000ff\">Dise\u00f1o compacto 6 cm x 3,5 cm x 4,5 cm<\/span><\/li>\n<\/ul>\n<p><span style=\"font-size: large;color: #0000ff\">HWM 2000 se recomienda para acuarios de hasta 60 litros y es la forma ideal de fomentar de forma segura y eficaz el movimiento del agua dentro de su acuario mini o nanoarrecife.<\/span><\/p>\n","protected":false},"excerpt":{"rendered":"<p>Wavermaker de montaje magn\u00e9tico peque\u00f1o<br \/>\n idea para nano tanque<\/p>\n","protected":false},"featured_media":1587,"comment_status":"open","ping_status":"closed","template":"","meta":[],"product_brand":[],"product_cat":[1167],"product_tag":[],"class_list":{"0":"post-27564","1":"product","2":"type-product","3":"status-publish","4":"has-post-thumbnail","6":"product_cat-hacedores-de-olas","8":"first","9":"instock","10":"shipping-taxable","11":"purchasable","12":"product-type-simple","13":"add-to-wishlist-after_add_to_cart"},"jetpack_sharing_enabled":true,"_links":{"self":[{"href":"https:\/\/www.reefshops.com\/es\/wp-json\/wp\/v2\/product\/27564","targetHints":{"allow":["GET"]}}],"collection":[{"href":"https:\/\/www.reefshops.com\/es\/wp-json\/wp\/v2\/product"}],"about":[{"href":"https:\/\/www.reefshops.com\/es\/wp-json\/wp\/v2\/types\/product"}],"replies":[{"embeddable":true,"href":"https:\/\/www.reefshops.com\/es\/wp-json\/wp\/v2\/comments?post=27564"}],"wp:featuredmedia":[{"embeddable":true,"href":"https:\/\/www.reefshops.com\/es\/wp-json\/wp\/v2\/media\/1587"}],"wp:attachment":[{"href":"https:\/\/www.reefshops.com\/es\/wp-json\/wp\/v2\/media?parent=27564"}],"wp:term":[{"taxonomy":"product_brand","embeddable":true,"href":"https:\/\/www.reefshops.com\/es\/wp-json\/wp\/v2\/product_brand?post=27564"},{"taxonomy":"product_cat","embeddable":true,"href":"https:\/\/www.reefshops.com\/es\/wp-json\/wp\/v2\/product_cat?post=27564"},{"taxonomy":"product_tag","embeddable":true,"href":"https:\/\/www.reefshops.com\/es\/wp-json\/wp\/v2\/product_tag?post=27564"}],"curies":[{"name":"wp","href":"https:\/\/api.w.org\/{rel}","templated":true}]}}