{"id":27593,"date":"2014-08-20T14:42:08","date_gmt":"2014-08-20T14:42:08","guid":{"rendered":"https:\/\/www.reefshops.com\/product\/skimmer-interno-de-proteinas-reef-octopus-ps-2000\/"},"modified":"2025-03-16T06:41:17","modified_gmt":"2025-03-16T06:41:17","slug":"skimmer-interno-de-proteinas-reef-octopus-ps-2000","status":"publish","type":"product","link":"https:\/\/www.reefshops.com\/es\/producto\/skimmer-interno-de-proteinas-reef-octopus-ps-2000\/","title":{"rendered":"Skimmer interno de prote\u00ednas Reef Octopus PS-2000"},"content":{"rendered":"<p><span><strong>Caracter\u00edstica<\/strong><\/span><\/p>\n<ul>\n<li><span><strong>El skimmer en forma de cono proporciona una eficiencia de procesamiento de burbujas de acumulaci\u00f3n m\u00e1s constante.<\/strong><\/span><\/li>\n<li><span><strong>El nuevo dispositivo silenciador de admisi\u00f3n lo hace m\u00e1s silencioso<\/strong><\/span><\/li>\n<\/ul>\n<p><span><strong>Especificaci\u00f3n<\/strong><\/span><\/p>\n<ul>\n<li><span><strong>Adecuado para tanque de 1200 litros<\/strong><\/span><\/li>\n<li><span><strong>Bomba BB-2000S con impulsor de malla<\/strong><\/span><\/li>\n<li><span><strong>Alimentaci\u00f3n: 220 V a 240 V 50 Hz<\/strong><\/span><\/li>\n<\/ul>\n","protected":false},"excerpt":{"rendered":"<p>excelente skimmer<br \/>\n f\u00e1cil instalaci\u00f3n y configuraci\u00f3n<\/p>\n","protected":false},"featured_media":1787,"comment_status":"open","ping_status":"closed","template":"","meta":[],"product_brand":[],"product_cat":[1188],"product_tag":[],"class_list":{"0":"post-27593","1":"product","2":"type-product","3":"status-publish","4":"has-post-thumbnail","6":"product_cat-espumadores-de-proteinas","8":"first","9":"instock","10":"shipping-taxable","11":"purchasable","12":"product-type-simple","13":"add-to-wishlist-after_add_to_cart"},"jetpack_sharing_enabled":true,"_links":{"self":[{"href":"https:\/\/www.reefshops.com\/es\/wp-json\/wp\/v2\/product\/27593","targetHints":{"allow":["GET"]}}],"collection":[{"href":"https:\/\/www.reefshops.com\/es\/wp-json\/wp\/v2\/product"}],"about":[{"href":"https:\/\/www.reefshops.com\/es\/wp-json\/wp\/v2\/types\/product"}],"replies":[{"embeddable":true,"href":"https:\/\/www.reefshops.com\/es\/wp-json\/wp\/v2\/comments?post=27593"}],"wp:featuredmedia":[{"embeddable":true,"href":"https:\/\/www.reefshops.com\/es\/wp-json\/wp\/v2\/media\/1787"}],"wp:attachment":[{"href":"https:\/\/www.reefshops.com\/es\/wp-json\/wp\/v2\/media?parent=27593"}],"wp:term":[{"taxonomy":"product_brand","embeddable":true,"href":"https:\/\/www.reefshops.com\/es\/wp-json\/wp\/v2\/product_brand?post=27593"},{"taxonomy":"product_cat","embeddable":true,"href":"https:\/\/www.reefshops.com\/es\/wp-json\/wp\/v2\/product_cat?post=27593"},{"taxonomy":"product_tag","embeddable":true,"href":"https:\/\/www.reefshops.com\/es\/wp-json\/wp\/v2\/product_tag?post=27593"}],"curies":[{"name":"wp","href":"https:\/\/api.w.org\/{rel}","templated":true}]}}